{"id":1624,"date":"2025-02-25T11:39:30","date_gmt":"2025-02-25T11:39:30","guid":{"rendered":"https:\/\/wesco.pl\/cart\/"},"modified":"2025-03-13T13:56:53","modified_gmt":"2025-03-13T13:56:53","slug":"cart","status":"publish","type":"page","link":"https:\/\/wesco.pl\/en\/cart\/","title":{"rendered":"Cart"},"content":{"rendered":"\n<div data-block-name=\"woocommerce\/cart\" class=\"wp-block-woocommerce-cart alignwide is-loading\">\n<div data-block-name=\"woocommerce\/filled-cart-block\" class=\"wp-block-woocommerce-filled-cart-block\">\n<div data-block-name=\"woocommerce\/cart-items-block\" class=\"wp-block-woocommerce-cart-items-block\">\n<div data-block-name=\"woocommerce\/cart-line-items-block\" class=\"wp-block-woocommerce-cart-line-items-block\"><\/div>\n\n\n\n<div data-block-name=\"woocommerce\/cart-cross-sells-block\" class=\"wp-block-woocommerce-cart-cross-sells-block\">\n<h2 class=\"wp-block-heading has-large-font-size\">Mo\u017ce ci\u0119 te\u017c zainteresowa\u0107\u2026<\/h2>\n\n\n\n<div data-block-name=\"woocommerce\/cart-cross-sells-products-block\" class=\"wp-block-woocommerce-cart-cross-sells-products-block\"><\/div>\n<\/div>\n<\/div>\n\n\n\n<div data-block-name=\"woocommerce\/cart-totals-block\" class=\"wp-block-woocommerce-cart-totals-block\">\n<div data-block-name=\"woocommerce\/cart-order-summary-block\" class=\"wp-block-woocommerce-cart-order-summary-block\">\n<div data-block-name=\"woocommerce\/cart-order-summary-heading-block\" data-content=\"Podsumowanie koszyka\" class=\"wp-block-woocommerce-cart-order-summary-heading-block\"><\/div>\n\n\n\n<div data-block-name=\"woocommerce\/cart-order-summary-coupon-form-block\" class=\"wp-block-woocommerce-cart-order-summary-coupon-form-block\"><\/div>\n\n\n\n<div data-block-name=\"woocommerce\/cart-order-summary-totals-block\" class=\"wp-block-woocommerce-cart-order-summary-totals-block\">\n<div data-block-name=\"woocommerce\/cart-order-summary-subtotal-block\" class=\"wp-block-woocommerce-cart-order-summary-subtotal-block\"><\/div>\n\n\n\n<div data-block-name=\"woocommerce\/cart-order-summary-fee-block\" class=\"wp-block-woocommerce-cart-order-summary-fee-block\"><\/div>\n\n\n\n<div data-block-name=\"woocommerce\/cart-order-summary-discount-block\" class=\"wp-block-woocommerce-cart-order-summary-discount-block\"><\/div>\n\n\n\n<div data-block-name=\"woocommerce\/cart-order-summary-shipping-block\" class=\"wp-block-woocommerce-cart-order-summary-shipping-block\"><\/div>\n\n\n\n<div data-block-name=\"woocommerce\/cart-order-summary-taxes-block\" class=\"wp-block-woocommerce-cart-order-summary-taxes-block\"><\/div>\n<\/div>\n<\/div>\n\n\n\n<div data-block-name=\"woocommerce\/cart-express-payment-block\" class=\"wp-block-woocommerce-cart-express-payment-block\"><\/div>\n\n\n\n<div data-block-name=\"woocommerce\/proceed-to-checkout-block\" class=\"wp-block-woocommerce-proceed-to-checkout-block\"><\/div>\n\n\n\n<div data-block-name=\"woocommerce\/cart-accepted-payment-methods-block\" class=\"wp-block-woocommerce-cart-accepted-payment-methods-block\"><\/div>\n<\/div>\n<\/div>\n\n\n\n<div data-block-name=\"woocommerce\/empty-cart-block\" class=\"wp-block-woocommerce-empty-cart-block\">\n<h2 class=\"wp-block-heading has-text-align-center with-empty-cart-icon wc-block-cart__empty-cart__title\">Tw\u00f3j koszyk jest pusty!<\/h2>\n\n\n\n<hr class=\"wp-block-separator has-alpha-channel-opacity is-style-dots\" style=\"margin-top:var(--wp--preset--spacing--60);margin-bottom:var(--wp--preset--spacing--60)\"\/>\n\n\n\n<h2 class=\"wp-block-heading has-text-align-center\">Nowo\u015bci w sklepie<\/h2>\n\n\n<div data-align-buttons=\"true\" data-block-name=\"woocommerce\/product-new\" data-columns=\"4\" data-rows=\"1\" data-stock-status=\"[&quot;&quot;,&quot;instock&quot;,&quot;outofstock&quot;,&quot;onbackorder&quot;]\" class=\"wc-block-grid wp-block-product-new wp-block-woocommerce-product-new wc-block-product-new has-4-columns has-aligned-buttons\"><ul class=\"wc-block-grid__products\"><li class=\"wc-block-grid__product\">\n\t\t\t\t<a href=\"https:\/\/wesco.pl\/en\/product\/sg-60-graphite-grease\/\" class=\"wc-block-grid__product-link\">\n\t\t\t\t\t\n\t\t\t\t\t<div class=\"wc-block-grid__product-image\"><img loading=\"lazy\" decoding=\"async\" width=\"300\" height=\"300\" src=\"https:\/\/wesco.pl\/wp-content\/uploads\/2025\/03\/sg-60-smar-grafitowy-wesco-300x300.jpg\" class=\"attachment-woocommerce_thumbnail size-woocommerce_thumbnail\" alt=\"SG 60 Graphite Grease\" srcset=\"https:\/\/wesco.pl\/wp-content\/uploads\/2025\/03\/sg-60-smar-grafitowy-wesco-300x300.jpg 300w, https:\/\/wesco.pl\/wp-content\/uploads\/2025\/03\/sg-60-smar-grafitowy-wesco-150x150.jpg 150w, https:\/\/wesco.pl\/wp-content\/uploads\/2025\/03\/sg-60-smar-grafitowy-wesco-768x768.jpg 768w, https:\/\/wesco.pl\/wp-content\/uploads\/2025\/03\/sg-60-smar-grafitowy-wesco-600x600.jpg 600w, https:\/\/wesco.pl\/wp-content\/uploads\/2025\/03\/sg-60-smar-grafitowy-wesco-100x100.jpg 100w, https:\/\/wesco.pl\/wp-content\/uploads\/2025\/03\/sg-60-smar-grafitowy-wesco.jpg 800w\" sizes=\"auto, (max-width: 300px) 100vw, 300px\" \/><\/div>\n\t\t\t\t\t<div class=\"wc-block-grid__product-title\">SG 60 Graphite Grease<\/div>\n\t\t\t\t<\/a>\n\t\t\t\t<div class=\"wc-block-grid__product-price price\"><\/div>\n\t\t\t\t\n\t\t\t\t<div class=\"wp-block-button wc-block-grid__product-add-to-cart\"><a href=\"https:\/\/wesco.pl\/en\/product\/sg-60-graphite-grease\/\" aria-label=\"Read more about &ldquo;SG 60 Graphite Grease&rdquo;\" data-quantity=\"1\" data-product_id=\"2240\" data-product_sku=\"\" data-price=\"0\" rel=\"nofollow\" class=\"wp-block-button__link wp-element-button add_to_cart_button\">Read more<\/a><\/div>\n\t\t\t<\/li><li class=\"wc-block-grid__product\">\n\t\t\t\t<a href=\"https:\/\/wesco.pl\/en\/product\/plyn-do-zabezpieczania-kabin-lakierniczych\/\" class=\"wc-block-grid__product-link\">\n\t\t\t\t\t\n\t\t\t\t\t<div class=\"wc-block-grid__product-image\"><img loading=\"lazy\" decoding=\"async\" width=\"300\" height=\"300\" src=\"https:\/\/wesco.pl\/wp-content\/uploads\/2025\/03\/pyn-do-zabezpieczania-kabin-lakierniczych-wesco-300x300.jpg\" class=\"attachment-woocommerce_thumbnail size-woocommerce_thumbnail\" alt=\"P\u0141YN DO ZABEZPIECZANIA KABIN LAKIERNICZYCH\" srcset=\"https:\/\/wesco.pl\/wp-content\/uploads\/2025\/03\/pyn-do-zabezpieczania-kabin-lakierniczych-wesco-300x300.jpg 300w, https:\/\/wesco.pl\/wp-content\/uploads\/2025\/03\/pyn-do-zabezpieczania-kabin-lakierniczych-wesco-150x150.jpg 150w, https:\/\/wesco.pl\/wp-content\/uploads\/2025\/03\/pyn-do-zabezpieczania-kabin-lakierniczych-wesco-768x768.jpg 768w, https:\/\/wesco.pl\/wp-content\/uploads\/2025\/03\/pyn-do-zabezpieczania-kabin-lakierniczych-wesco-600x600.jpg 600w, https:\/\/wesco.pl\/wp-content\/uploads\/2025\/03\/pyn-do-zabezpieczania-kabin-lakierniczych-wesco-100x100.jpg 100w, https:\/\/wesco.pl\/wp-content\/uploads\/2025\/03\/pyn-do-zabezpieczania-kabin-lakierniczych-wesco.jpg 800w\" sizes=\"auto, (max-width: 300px) 100vw, 300px\" \/><\/div>\n\t\t\t\t\t<div class=\"wc-block-grid__product-title\">P\u0141YN DO ZABEZPIECZANIA KABIN LAKIERNICZYCH<\/div>\n\t\t\t\t<\/a>\n\t\t\t\t<div class=\"wc-block-grid__product-price price\"><\/div>\n\t\t\t\t\n\t\t\t\t<div class=\"wp-block-button wc-block-grid__product-add-to-cart\"><a href=\"https:\/\/wesco.pl\/en\/product\/plyn-do-zabezpieczania-kabin-lakierniczych\/\" aria-label=\"Read more about &ldquo;P\u0141YN DO ZABEZPIECZANIA KABIN LAKIERNICZYCH&rdquo;\" data-quantity=\"1\" data-product_id=\"2224\" data-product_sku=\"\" data-price=\"0\" rel=\"nofollow\" class=\"wp-block-button__link wp-element-button add_to_cart_button\">Read more<\/a><\/div>\n\t\t\t<\/li><li class=\"wc-block-grid__product\">\n\t\t\t\t<a href=\"https:\/\/wesco.pl\/en\/product\/preparat-do-czyszczenia-pistoletow-lakierniczych\/\" class=\"wc-block-grid__product-link\">\n\t\t\t\t\t\n\t\t\t\t\t<div class=\"wc-block-grid__product-image\"><img loading=\"lazy\" decoding=\"async\" width=\"300\" height=\"300\" src=\"https:\/\/wesco.pl\/wp-content\/uploads\/2025\/03\/preparat-do-czyszczenia-pistolet\u03b1w-lakierniczych-wesco-300x300.jpg\" class=\"attachment-woocommerce_thumbnail size-woocommerce_thumbnail\" alt=\"PREPARAT DO CZYSZCZENIA PISTOLET\u00d3W LAKIERNICZYCH\" srcset=\"https:\/\/wesco.pl\/wp-content\/uploads\/2025\/03\/preparat-do-czyszczenia-pistolet\u03b1w-lakierniczych-wesco-300x300.jpg 300w, https:\/\/wesco.pl\/wp-content\/uploads\/2025\/03\/preparat-do-czyszczenia-pistolet\u03b1w-lakierniczych-wesco-150x150.jpg 150w, https:\/\/wesco.pl\/wp-content\/uploads\/2025\/03\/preparat-do-czyszczenia-pistolet\u03b1w-lakierniczych-wesco-768x768.jpg 768w, https:\/\/wesco.pl\/wp-content\/uploads\/2025\/03\/preparat-do-czyszczenia-pistolet\u03b1w-lakierniczych-wesco-600x600.jpg 600w, https:\/\/wesco.pl\/wp-content\/uploads\/2025\/03\/preparat-do-czyszczenia-pistolet\u03b1w-lakierniczych-wesco-100x100.jpg 100w, https:\/\/wesco.pl\/wp-content\/uploads\/2025\/03\/preparat-do-czyszczenia-pistolet\u03b1w-lakierniczych-wesco.jpg 800w\" sizes=\"auto, (max-width: 300px) 100vw, 300px\" \/><\/div>\n\t\t\t\t\t<div class=\"wc-block-grid__product-title\">PREPARAT DO CZYSZCZENIA PISTOLET\u00d3W LAKIERNICZYCH<\/div>\n\t\t\t\t<\/a>\n\t\t\t\t<div class=\"wc-block-grid__product-price price\"><\/div>\n\t\t\t\t\n\t\t\t\t<div class=\"wp-block-button wc-block-grid__product-add-to-cart\"><a href=\"https:\/\/wesco.pl\/en\/product\/preparat-do-czyszczenia-pistoletow-lakierniczych\/\" aria-label=\"Read more about &ldquo;PREPARAT DO CZYSZCZENIA PISTOLET\u00d3W LAKIERNICZYCH&rdquo;\" data-quantity=\"1\" data-product_id=\"2223\" data-product_sku=\"\" data-price=\"0\" rel=\"nofollow\" class=\"wp-block-button__link wp-element-button add_to_cart_button\">Read more<\/a><\/div>\n\t\t\t<\/li><li class=\"wc-block-grid__product\">\n\t\t\t\t<a href=\"https:\/\/wesco.pl\/en\/product\/paint-remover-usuwacz-powlok-lakierniczych\/\" class=\"wc-block-grid__product-link\">\n\t\t\t\t\t\n\t\t\t\t\t<div class=\"wc-block-grid__product-image\"><img loading=\"lazy\" decoding=\"async\" width=\"300\" height=\"300\" src=\"https:\/\/wesco.pl\/wp-content\/uploads\/2025\/03\/paint-remover-usuwacz-powok-lakierniczych-wesco-300x300.jpg\" class=\"attachment-woocommerce_thumbnail size-woocommerce_thumbnail\" alt=\"PAINT REMOVER USUWACZ POW\u0141OK LAKIERNICZYCH\" srcset=\"https:\/\/wesco.pl\/wp-content\/uploads\/2025\/03\/paint-remover-usuwacz-powok-lakierniczych-wesco-300x300.jpg 300w, https:\/\/wesco.pl\/wp-content\/uploads\/2025\/03\/paint-remover-usuwacz-powok-lakierniczych-wesco-150x150.jpg 150w, https:\/\/wesco.pl\/wp-content\/uploads\/2025\/03\/paint-remover-usuwacz-powok-lakierniczych-wesco-768x768.jpg 768w, https:\/\/wesco.pl\/wp-content\/uploads\/2025\/03\/paint-remover-usuwacz-powok-lakierniczych-wesco-600x600.jpg 600w, https:\/\/wesco.pl\/wp-content\/uploads\/2025\/03\/paint-remover-usuwacz-powok-lakierniczych-wesco-100x100.jpg 100w, https:\/\/wesco.pl\/wp-content\/uploads\/2025\/03\/paint-remover-usuwacz-powok-lakierniczych-wesco.jpg 800w\" sizes=\"auto, (max-width: 300px) 100vw, 300px\" \/><\/div>\n\t\t\t\t\t<div class=\"wc-block-grid__product-title\">PAINT REMOVER USUWACZ POW\u0141OK LAKIERNICZYCH<\/div>\n\t\t\t\t<\/a>\n\t\t\t\t<div class=\"wc-block-grid__product-price price\"><\/div>\n\t\t\t\t\n\t\t\t\t<div class=\"wp-block-button wc-block-grid__product-add-to-cart\"><a href=\"https:\/\/wesco.pl\/en\/product\/paint-remover-usuwacz-powlok-lakierniczych\/\" aria-label=\"Read more about &ldquo;PAINT REMOVER USUWACZ POW\u0141OK LAKIERNICZYCH&rdquo;\" data-quantity=\"1\" data-product_id=\"2222\" data-product_sku=\"\" data-price=\"0\" rel=\"nofollow\" class=\"wp-block-button__link wp-element-button add_to_cart_button\">Read more<\/a><\/div>\n\t\t\t<\/li><\/ul><\/div><\/div>\n<\/div>\n","protected":false},"excerpt":{"rendered":"","protected":false},"author":1,"featured_media":0,"parent":0,"menu_order":0,"comment_status":"closed","ping_status":"closed","template":"","meta":{"_acf_changed":false,"_eb_attr":"","footnotes":""},"class_list":["post-1624","page","type-page","status-publish","hentry"],"acf":[],"mb":[],"yoast_head":"<!-- This site is optimized with the Yoast SEO plugin v27.1.1 - https:\/\/yoast.com\/product\/yoast-seo-wordpress\/ -->\n<title>Cart - Wesco \u2013 sprawdzone preparaty dla motoryzacji i przemys\u0142u<\/title>\n<meta name=\"robots\" content=\"index, follow, max-snippet:-1, max-image-preview:large, max-video-preview:-1\" \/>\n<link rel=\"canonical\" href=\"https:\/\/wesco.pl\/koszyk\/\" \/>\n<meta property=\"og:locale\" content=\"en_US\" \/>\n<meta property=\"og:type\" content=\"article\" \/>\n<meta property=\"og:title\" content=\"Cart - Wesco \u2013 sprawdzone preparaty dla motoryzacji i przemys\u0142u\" \/>\n<meta property=\"og:url\" content=\"https:\/\/wesco.pl\/koszyk\/\" \/>\n<meta property=\"og:site_name\" content=\"Wesco \u2013 sprawdzone preparaty dla motoryzacji i przemys\u0142u\" \/>\n<meta property=\"article:modified_time\" content=\"2025-03-13T13:56:53+00:00\" \/>\n<meta property=\"og:image\" content=\"https:\/\/wesco.pl\/wp-content\/uploads\/2025\/03\/Banner_home_wesco.png\" \/>\n\t<meta property=\"og:image:width\" content=\"809\" \/>\n\t<meta property=\"og:image:height\" content=\"751\" \/>\n\t<meta property=\"og:image:type\" content=\"image\/png\" \/>\n<meta name=\"twitter:card\" content=\"summary_large_image\" \/>\n<script type=\"application\/ld+json\" class=\"yoast-schema-graph\">{\"@context\":\"https:\/\/schema.org\",\"@graph\":[{\"@type\":\"WebPage\",\"@id\":\"https:\/\/wesco.pl\/koszyk\/\",\"url\":\"https:\/\/wesco.pl\/koszyk\/\",\"name\":\"Cart - Wesco \u2013 sprawdzone preparaty dla motoryzacji i przemys\u0142u\",\"isPartOf\":{\"@id\":\"https:\/\/wesco.pl\/#website\"},\"datePublished\":\"2025-02-25T11:39:30+00:00\",\"dateModified\":\"2025-03-13T13:56:53+00:00\",\"breadcrumb\":{\"@id\":\"https:\/\/wesco.pl\/koszyk\/#breadcrumb\"},\"inLanguage\":\"en-US\",\"potentialAction\":[{\"@type\":\"ReadAction\",\"target\":[\"https:\/\/wesco.pl\/koszyk\/\"]}]},{\"@type\":\"BreadcrumbList\",\"@id\":\"https:\/\/wesco.pl\/koszyk\/#breadcrumb\",\"itemListElement\":[{\"@type\":\"ListItem\",\"position\":1,\"name\":\"Strona g\u0142\u00f3wna\",\"item\":\"https:\/\/wesco.pl\/\"},{\"@type\":\"ListItem\",\"position\":2,\"name\":\"Cart\"}]},{\"@type\":\"WebSite\",\"@id\":\"https:\/\/wesco.pl\/#website\",\"url\":\"https:\/\/wesco.pl\/\",\"name\":\"Wesco \u2013 sprawdzone preparaty dla motoryzacji i przemys\u0142u - Wesco\",\"description\":\"\",\"publisher\":{\"@id\":\"https:\/\/wesco.pl\/#organization\"},\"alternateName\":\"Wesco \u2013 sprawdzone preparaty dla motoryzacji i przemys\u0142u\",\"potentialAction\":[{\"@type\":\"SearchAction\",\"target\":{\"@type\":\"EntryPoint\",\"urlTemplate\":\"https:\/\/wesco.pl\/?s={search_term_string}\"},\"query-input\":{\"@type\":\"PropertyValueSpecification\",\"valueRequired\":true,\"valueName\":\"search_term_string\"}}],\"inLanguage\":\"en-US\"},{\"@type\":\"Organization\",\"@id\":\"https:\/\/wesco.pl\/#organization\",\"name\":\"Wesco \u2013 sprawdzone preparaty dla motoryzacji i przemys\u0142u\",\"alternateName\":\"Wesco \u2013 producent chemii samochodowej i technicznej\",\"url\":\"https:\/\/wesco.pl\/\",\"logo\":{\"@type\":\"ImageObject\",\"inLanguage\":\"en-US\",\"@id\":\"https:\/\/wesco.pl\/#\/schema\/logo\/image\/\",\"url\":\"https:\/\/wesco.pl\/wp-content\/uploads\/2024\/12\/logo-wesco.svg\",\"contentUrl\":\"https:\/\/wesco.pl\/wp-content\/uploads\/2024\/12\/logo-wesco.svg\",\"width\":1692,\"height\":667,\"caption\":\"Wesco \u2013 sprawdzone preparaty dla motoryzacji i przemys\u0142u\"},\"image\":{\"@id\":\"https:\/\/wesco.pl\/#\/schema\/logo\/image\/\"}}]}<\/script>\n<!-- \/ Yoast SEO plugin. -->","yoast_head_json":{"title":"Cart - Wesco \u2013 sprawdzone preparaty dla motoryzacji i przemys\u0142u","robots":{"index":"index","follow":"follow","max-snippet":"max-snippet:-1","max-image-preview":"max-image-preview:large","max-video-preview":"max-video-preview:-1"},"canonical":"https:\/\/wesco.pl\/koszyk\/","og_locale":"en_US","og_type":"article","og_title":"Cart - Wesco \u2013 sprawdzone preparaty dla motoryzacji i przemys\u0142u","og_url":"https:\/\/wesco.pl\/koszyk\/","og_site_name":"Wesco \u2013 sprawdzone preparaty dla motoryzacji i przemys\u0142u","article_modified_time":"2025-03-13T13:56:53+00:00","og_image":[{"width":809,"height":751,"url":"https:\/\/wesco.pl\/wp-content\/uploads\/2025\/03\/Banner_home_wesco.png","type":"image\/png"}],"twitter_card":"summary_large_image","schema":{"@context":"https:\/\/schema.org","@graph":[{"@type":"WebPage","@id":"https:\/\/wesco.pl\/koszyk\/","url":"https:\/\/wesco.pl\/koszyk\/","name":"Cart - Wesco \u2013 sprawdzone preparaty dla motoryzacji i przemys\u0142u","isPartOf":{"@id":"https:\/\/wesco.pl\/#website"},"datePublished":"2025-02-25T11:39:30+00:00","dateModified":"2025-03-13T13:56:53+00:00","breadcrumb":{"@id":"https:\/\/wesco.pl\/koszyk\/#breadcrumb"},"inLanguage":"en-US","potentialAction":[{"@type":"ReadAction","target":["https:\/\/wesco.pl\/koszyk\/"]}]},{"@type":"BreadcrumbList","@id":"https:\/\/wesco.pl\/koszyk\/#breadcrumb","itemListElement":[{"@type":"ListItem","position":1,"name":"Strona g\u0142\u00f3wna","item":"https:\/\/wesco.pl\/"},{"@type":"ListItem","position":2,"name":"Cart"}]},{"@type":"WebSite","@id":"https:\/\/wesco.pl\/#website","url":"https:\/\/wesco.pl\/","name":"Wesco \u2013 sprawdzone preparaty dla motoryzacji i przemys\u0142u - Wesco","description":"","publisher":{"@id":"https:\/\/wesco.pl\/#organization"},"alternateName":"Wesco \u2013 sprawdzone preparaty dla motoryzacji i przemys\u0142u","potentialAction":[{"@type":"SearchAction","target":{"@type":"EntryPoint","urlTemplate":"https:\/\/wesco.pl\/?s={search_term_string}"},"query-input":{"@type":"PropertyValueSpecification","valueRequired":true,"valueName":"search_term_string"}}],"inLanguage":"en-US"},{"@type":"Organization","@id":"https:\/\/wesco.pl\/#organization","name":"Wesco \u2013 sprawdzone preparaty dla motoryzacji i przemys\u0142u","alternateName":"Wesco \u2013 producent chemii samochodowej i technicznej","url":"https:\/\/wesco.pl\/","logo":{"@type":"ImageObject","inLanguage":"en-US","@id":"https:\/\/wesco.pl\/#\/schema\/logo\/image\/","url":"https:\/\/wesco.pl\/wp-content\/uploads\/2024\/12\/logo-wesco.svg","contentUrl":"https:\/\/wesco.pl\/wp-content\/uploads\/2024\/12\/logo-wesco.svg","width":1692,"height":667,"caption":"Wesco \u2013 sprawdzone preparaty dla motoryzacji i przemys\u0142u"},"image":{"@id":"https:\/\/wesco.pl\/#\/schema\/logo\/image\/"}}]}},"mfb_rest_fields":["title","yoast_head","yoast_head_json"],"_links":{"self":[{"href":"https:\/\/wesco.pl\/en\/wp-json\/wp\/v2\/pages\/1624","targetHints":{"allow":["GET"]}}],"collection":[{"href":"https:\/\/wesco.pl\/en\/wp-json\/wp\/v2\/pages"}],"about":[{"href":"https:\/\/wesco.pl\/en\/wp-json\/wp\/v2\/types\/page"}],"author":[{"embeddable":true,"href":"https:\/\/wesco.pl\/en\/wp-json\/wp\/v2\/users\/1"}],"replies":[{"embeddable":true,"href":"https:\/\/wesco.pl\/en\/wp-json\/wp\/v2\/comments?post=1624"}],"version-history":[{"count":0,"href":"https:\/\/wesco.pl\/en\/wp-json\/wp\/v2\/pages\/1624\/revisions"}],"wp:attachment":[{"href":"https:\/\/wesco.pl\/en\/wp-json\/wp\/v2\/media?parent=1624"}],"curies":[{"name":"wp","href":"https:\/\/api.w.org\/{rel}","templated":true}]}}