{"id":1675,"date":"2024-12-24T18:45:24","date_gmt":"2024-12-24T18:45:24","guid":{"rendered":"https:\/\/wesco.pl\/kontakt\/"},"modified":"2025-03-13T23:28:54","modified_gmt":"2025-03-13T23:28:54","slug":"en-kontakt","status":"publish","type":"page","link":"https:\/\/wesco.pl\/en\/en-kontakt\/","title":{"rendered":"[EN] Kontakt"},"content":{"rendered":"\n<div class=\"wp-block-cover alignfull is-light c-hero\"><span aria-hidden=\"true\" class=\"wp-block-cover__background has-navy-1-background-color has-background-dim-0 has-background-dim\"><\/span><img loading=\"lazy\" decoding=\"async\" width=\"1920\" height=\"506\" class=\"wp-block-cover__image-background wp-image-253\" alt=\"\" src=\"https:\/\/wesco.pl\/wp-content\/uploads\/2024\/12\/hero-background.jpg\" data-object-fit=\"cover\" srcset=\"https:\/\/wesco.pl\/wp-content\/uploads\/2024\/12\/hero-background.jpg 1920w, https:\/\/wesco.pl\/wp-content\/uploads\/2024\/12\/hero-background-300x79.jpg 300w, https:\/\/wesco.pl\/wp-content\/uploads\/2024\/12\/hero-background-1024x270.jpg 1024w, https:\/\/wesco.pl\/wp-content\/uploads\/2024\/12\/hero-background-768x202.jpg 768w, https:\/\/wesco.pl\/wp-content\/uploads\/2024\/12\/hero-background-1536x405.jpg 1536w\" sizes=\"auto, (max-width: 1920px) 100vw, 1920px\" \/><div class=\"wp-block-cover__inner-container has-global-padding is-layout-constrained wp-block-cover-is-layout-constrained\">\n<div class=\"wp-block-columns are-vertically-aligned-center is-layout-flex wp-container-core-columns-is-layout-28f84493 wp-block-columns-is-layout-flex\">\n<div class=\"wp-block-column is-vertically-aligned-center is-layout-flow wp-block-column-is-layout-flow\">\n<h1 class=\"wp-block-heading has-white-color has-text-color has-link-color wp-elements-6d47139d3771850784f411e634292d7f\" style=\"margin-top:var(--wp--preset--spacing--60);margin-bottom:var(--wp--preset--spacing--70);text-transform:uppercase\">[EN] Kontakt<\/h1>\n<\/div>\n\n\n\n<div class=\"wp-block-column is-vertically-aligned-center is-layout-flow wp-block-column-is-layout-flow\">\n<figure class=\"wp-block-image size-full is-resized\" style=\"margin-top:1.9rem;margin-right:var(--wp--preset--spacing--40);margin-bottom:1.9rem;margin-left:var(--wp--preset--spacing--40)\"><img loading=\"lazy\" decoding=\"async\" width=\"451\" height=\"416\" src=\"https:\/\/wesco.pl\/wp-content\/uploads\/2024\/12\/hero-produkty-wesco.png\" alt=\"Produkty Wesco\" class=\"wp-image-254\" style=\"object-fit:contain;width:451px;height:416px\" srcset=\"https:\/\/wesco.pl\/wp-content\/uploads\/2024\/12\/hero-produkty-wesco.png 451w, https:\/\/wesco.pl\/wp-content\/uploads\/2024\/12\/hero-produkty-wesco-300x277.png 300w\" sizes=\"auto, (max-width: 451px) 100vw, 451px\" \/><\/figure>\n<\/div>\n<\/div>\n<\/div><\/div>\n\n\n\n<section class=\"wp-block-group alignfull s-type-11 has-gray-3-background-color has-background has-global-padding is-layout-constrained wp-block-group-is-layout-constrained\" style=\"padding-top:var(--wp--preset--spacing--50);padding-bottom:var(--wp--preset--spacing--50)\">\n<div class=\"wp-block-columns s-type-11__columns is-layout-flex wp-container-core-columns-is-layout-5cddb2c8 wp-block-columns-is-layout-flex\">\n<div class=\"wp-block-column is-layout-flow wp-block-column-is-layout-flow\">\n<div class=\"wp-block-group s-type-11__box has-white-background-color has-background has-global-padding is-layout-constrained wp-container-core-group-is-layout-12514f69 wp-block-group-is-layout-constrained\" style=\"padding-top:1.9rem;padding-right:var(--wp--preset--spacing--50);padding-bottom:1.9rem;padding-left:var(--wp--preset--spacing--50)\">\n<div class=\"wp-block-group s-type-11__icon-wrapper has-gray-3-background-color has-background has-global-padding is-layout-constrained wp-block-group-is-layout-constrained\" style=\"margin-bottom:0.5rem\">\n<figure class=\"wp-block-image aligncenter size-large is-resized\"><img loading=\"lazy\" decoding=\"async\" width=\"134\" height=\"234\" src=\"https:\/\/wesco.pl\/wp-content\/uploads\/2025\/02\/dane-firmowe-icon.svg\" alt=\"\" class=\"wp-image-923\" style=\"object-fit:cover;width:26px;height:44px\"\/><\/figure>\n<\/div>\n\n\n\n<h2 class=\"wp-block-heading has-text-align-center has-2-x-large-font-size\" style=\"margin-bottom:0.6em;font-style:normal;font-weight:600\">Dane firmowe<\/h2>\n\n\n\n<p class=\"has-text-align-center has-medium-font-size\" style=\"line-height:1.45\"><strong>PPH \u201eWESCO\u201d Ewa Siwi\u0144ska<\/strong><br>05-119 Legionowo<br>Micha\u0142\u00f3w-Regin\u00f3w<br>ul. Warszawska 125a<br>NIP: 113-193-13-72<\/p>\n<\/div>\n<\/div>\n\n\n\n<div class=\"wp-block-column is-layout-flow wp-block-column-is-layout-flow\">\n<div class=\"wp-block-group s-type-11__box has-white-background-color has-background has-global-padding is-layout-constrained wp-container-core-group-is-layout-12514f69 wp-block-group-is-layout-constrained\" style=\"padding-top:1.9rem;padding-right:var(--wp--preset--spacing--50);padding-bottom:1.9rem;padding-left:var(--wp--preset--spacing--50)\">\n<div class=\"wp-block-group s-type-11__icon-wrapper has-gray-3-background-color has-background has-global-padding is-layout-constrained wp-block-group-is-layout-constrained\" style=\"margin-bottom:0.5rem\">\n<figure class=\"wp-block-image aligncenter size-large is-resized\"><img loading=\"lazy\" decoding=\"async\" width=\"134\" height=\"234\" src=\"https:\/\/wesco.pl\/wp-content\/uploads\/2025\/02\/dane-firmowe-icon.svg\" alt=\"\" class=\"wp-image-923\" style=\"object-fit:cover;width:26px;height:44px\"\/><\/figure>\n<\/div>\n\n\n\n<h2 class=\"wp-block-heading has-text-align-center has-2-x-large-font-size\" style=\"margin-bottom:0.6em;font-style:normal;font-weight:600\">Kontakty<\/h2>\n\n\n\n<p class=\"has-text-align-center has-medium-font-size wp-elements-1ecf939d3873961c794334abfdc49399\" style=\"line-height:1.45\">Tel.\/fax: <a href=\"tel:48227740303\">(+48 22) 774 03 03<\/a><br>lub <a href=\"tel:48227727017\">(+48 22) 772 70 17<\/a><\/p>\n\n\n\n<p class=\"has-text-align-center has-medium-font-size wp-elements-2429a6aeda5a79c60bce9f7468d96ada\" style=\"line-height:1.45\">E-mail: <a href=\"mailto:wesco@wesco.pl\">wesco@wesco.pl<\/a><br>Karty charakterystyki: <a href=\"mailto:jola@wesco.pl\">jola@wesco.pl<\/a><\/p>\n<\/div>\n<\/div>\n\n\n\n<div class=\"wp-block-column is-layout-flow wp-block-column-is-layout-flow\">\n<div class=\"wp-block-group s-type-11__box has-white-background-color has-background has-global-padding is-layout-constrained wp-container-core-group-is-layout-12514f69 wp-block-group-is-layout-constrained\" style=\"padding-top:1.9rem;padding-right:var(--wp--preset--spacing--50);padding-bottom:1.9rem;padding-left:var(--wp--preset--spacing--50)\">\n<div class=\"wp-block-group s-type-11__icon-wrapper has-gray-3-background-color has-background has-global-padding is-layout-constrained wp-block-group-is-layout-constrained\" style=\"margin-bottom:0.5rem\">\n<figure class=\"wp-block-image aligncenter size-large is-resized\"><img loading=\"lazy\" decoding=\"async\" width=\"134\" height=\"234\" src=\"https:\/\/wesco.pl\/wp-content\/uploads\/2025\/02\/dane-firmowe-icon.svg\" alt=\"\" class=\"wp-image-923\" style=\"object-fit:cover;width:26px;height:44px\"\/><\/figure>\n<\/div>\n\n\n\n<h2 class=\"wp-block-heading has-text-align-center has-2-x-large-font-size\" style=\"margin-bottom:0.6em;font-style:normal;font-weight:600\">Dzia\u0142 handlowy<\/h2>\n\n\n\n<p class=\"has-text-align-center has-medium-font-size wp-elements-36698da7c8ad661783514b022f750812\" style=\"line-height:1.45\"><a href=\"tel:48506051663\">(+48) 506 051 663<\/a><br><a href=\"tel:48506051665\">(+48) 506 051 665<\/a><br>Zam\u00f3wienia: <a href=\"mailto:handlowy@wesco.pl\">handlowy@wesco.pl<\/a><\/p>\n<\/div>\n<\/div>\n<\/div>\n<\/section>\n\n\n\n<section class=\"wp-block-group alignfull s-type-12 has-gray-3-background-color has-background has-global-padding is-layout-constrained wp-block-group-is-layout-constrained\">\n<div class=\"wp-block-group s-type-12__content-wrapper has-white-background-color has-background has-global-padding is-layout-constrained wp-block-group-is-layout-constrained\">\n<h2 class=\"wp-block-heading has-text-align-left has-2-x-large-font-size\" style=\"margin-bottom:1em;font-style:normal;font-weight:600\">Napisz do nas<\/h2>\n\n\n\n<div class=\"wp-block-contact-form-7-contact-form-selector\">\n<div class=\"wpcf7 no-js\" id=\"wpcf7-f1753-o1\" lang=\"en-US\" dir=\"ltr\" data-wpcf7-id=\"1753\">\n<div class=\"screen-reader-response\"><p role=\"status\" aria-live=\"polite\" aria-atomic=\"true\"><\/p> <ul><\/ul><\/div>\n<form action=\"\/en\/wp-json\/wp\/v2\/pages\/1675#wpcf7-f1753-o1\" method=\"post\" class=\"wpcf7-form init wpcf7-acceptance-as-validation\" aria-label=\"Contact form\" novalidate=\"novalidate\" data-status=\"init\">\n<fieldset class=\"hidden-fields-container\"><input type=\"hidden\" name=\"_wpcf7\" value=\"1753\" \/><input type=\"hidden\" name=\"_wpcf7_version\" value=\"6.1.5\" \/><input type=\"hidden\" name=\"_wpcf7_locale\" value=\"en_US\" \/><input type=\"hidden\" name=\"_wpcf7_unit_tag\" value=\"wpcf7-f1753-o1\" \/><input type=\"hidden\" name=\"_wpcf7_container_post\" value=\"0\" \/><input type=\"hidden\" name=\"_wpcf7_posted_data_hash\" value=\"\" \/>\n<\/fieldset>\n<div class=\"wpcf7__wrapper\">\n<label for=\"your-name\" class=\"screen-reader-text\">Imi\u0119<\/label>\n<span class=\"wpcf7-form-control-wrap\" data-name=\"your-name\"><input size=\"40\" maxlength=\"400\" class=\"wpcf7-form-control wpcf7-text wpcf7-validates-as-required\" autocomplete=\"name\" aria-required=\"true\" aria-invalid=\"false\" placeholder=\"Imi\u0119\" value=\"\" type=\"text\" name=\"your-name\" \/><\/span>\n<label for=\"your-email\" class=\"screen-reader-text\">Tw\u00f3j email<\/label>\n<span class=\"wpcf7-form-control-wrap\" data-name=\"your-email\"><input size=\"40\" maxlength=\"400\" class=\"wpcf7-form-control wpcf7-email wpcf7-validates-as-required wpcf7-text wpcf7-validates-as-email\" autocomplete=\"email\" aria-required=\"true\" aria-invalid=\"false\" placeholder=\"Tw\u00f3j email\" value=\"\" type=\"email\" name=\"your-email\" \/><\/span>\n<label for=\"your-phone\" class=\"screen-reader-text\">Tw\u00f3j telefon<\/label>\n<span class=\"wpcf7-form-control-wrap\" data-name=\"your-phone\"><input size=\"40\" maxlength=\"400\" class=\"wpcf7-form-control wpcf7-tel wpcf7-validates-as-required wpcf7-text wpcf7-validates-as-tel\" autocomplete=\"tel\" aria-required=\"true\" aria-invalid=\"false\" placeholder=\"Tw\u00f3j telefon\" value=\"\" type=\"tel\" name=\"your-phone\" \/><\/span>\n<label for=\"your-company\" class=\"screen-reader-text\">Nazwa firmy<\/label>\n<span class=\"wpcf7-form-control-wrap\" data-name=\"your-company\"><input size=\"40\" maxlength=\"400\" class=\"wpcf7-form-control wpcf7-text wpcf7-validates-as-required\" aria-required=\"true\" aria-invalid=\"false\" placeholder=\"Nazwa firmy\" value=\"\" type=\"text\" name=\"your-company\" \/><\/span>\n<label for=\"your-message\" class=\"screen-reader-text\">Tre\u015b\u0107 wiadomo\u015bci<\/label>\n<span class=\"wpcf7-form-control-wrap\" data-name=\"your-message\"><textarea cols=\"40\" rows=\"10\" maxlength=\"2000\" class=\"wpcf7-form-control wpcf7-textarea wpcf7-validates-as-required\" aria-required=\"true\" aria-invalid=\"false\" placeholder=\"Tre\u015b\u0107 wiadomo\u015bci\" name=\"your-message\"><\/textarea><\/span>\n<label for=\"your-gdpr\" class=\"screen-reader-text\">Zgoda na przetwarzanie danych<\/label>\n<span class=\"wpcf7-form-control-wrap\" data-name=\"your-gdpr\"><span class=\"wpcf7-form-control wpcf7-acceptance\"><span class=\"wpcf7-list-item\"><label><input type=\"checkbox\" name=\"your-gdpr\" value=\"1\" aria-invalid=\"false\" \/><span class=\"wpcf7-list-item-label\">Wyra\u017cam zgod\u0119 na przetwarzanie moich danych osobowych przez PPH \u201eWESCO\u201d Ewa Siwi\u0144ska, ul. Warszawska 125a, 05-119 Legionowo (Micha\u0142\u00f3w-Regin\u00f3w), NIP: 113-193-13-72, w celu udzielenia odpowiedzi na moje zg\u0142oszenie kontaktowe, zgodnie z <a href=\"https:\/\/wesco.pl\/polityka-prywatnosci\/\" target=\"_blank\">Polityk\u0105 prywatno\u015bci<\/a>.<\/span><\/label><\/span><\/span><\/span>\n<div class=\"wp-block-button is-style-red\"><button type=\"submit\" class=\"wp-block-button__link wpcf7-submit has-spinner\">Wy\u015blij <svg class=\"icon\" width=\"24\" height=\"24\" viewBox=\"0 0 24 24\" fill=\"none\" xmlns=\"http:\/\/www.w3.org\/2000\/svg\"><path d=\"M7 17L17 7M17 7H8M17 7V16\" stroke-width=\"2\" stroke-linecap=\"round\" stroke-linejoin=\"round\"><\/path><\/svg><\/button><\/div>\n<\/div><div class=\"wpcf7-response-output\" aria-hidden=\"true\"><\/div>\n<\/form>\n<\/div>\n<\/div>\n<\/div>\n<\/section>\n\n\n\n<div class=\"wp-block-group alignfull c-google-map is-layout-flow wp-block-group-is-layout-flow\">\n<iframe src=\"https:\/\/www.google.com\/maps\/embed?pb=!1m18!1m12!1m3!1d2432.884157791267!2d20.9753497775471!3d52.42689664311746!2m3!1f0!2f0!3f0!3m2!1i1024!2i768!4f13.1!3m3!1m2!1s0x471eb88698d7ded7%3A0xa3ffa215b790ebc3!2sPPH%20WESCO.%20Siwi%C5%84ska%20E.!5e0!3m2!1spl!2spl!4v1740084200329!5m2!1spl!2spl\" width=\"1920\" height=\"536\" style=\"border:0; width: 100%;\" allowfullscreen=\"\" loading=\"lazy\" referrerpolicy=\"no-referrer-when-downgrade\"><\/iframe>\n<\/div>\n","protected":false},"excerpt":{"rendered":"<p>Dane firmowe PPH \u201eWESCO\u201d Ewa Siwi\u0144ska05-119 LegionowoMicha\u0142\u00f3w-Regin\u00f3wul. Warszawska 125aNIP: 113-193-13-72 Kontakty Tel.\/fax: (+48 22) 774 03 03lub (+48 22) 772 70 17 E-mail: wesco@wesco.plKarty charakterystyki: jola@wesco.pl Dzia\u0142 handlowy (+48) 506 051 663(+48) 506 051 665Zam\u00f3wienia: handlowy@wesco.pl Napisz do nas<\/p>\n","protected":false},"author":1,"featured_media":0,"parent":0,"menu_order":0,"comment_status":"closed","ping_status":"closed","template":"","meta":{"_acf_changed":false,"_eb_attr":"","footnotes":""},"class_list":["post-1675","page","type-page","status-publish","hentry"],"acf":[],"mb":[],"yoast_head":"<!-- This site is optimized with the Yoast SEO plugin v27.1.1 - https:\/\/yoast.com\/product\/yoast-seo-wordpress\/ -->\n<title>[EN] Kontakt - Wesco \u2013 sprawdzone preparaty dla motoryzacji i przemys\u0142u<\/title>\n<meta name=\"robots\" content=\"index, follow, max-snippet:-1, max-image-preview:large, max-video-preview:-1\" \/>\n<link rel=\"canonical\" href=\"https:\/\/wesco.pl\/kontakt\/\" \/>\n<meta property=\"og:locale\" content=\"en_US\" \/>\n<meta property=\"og:type\" content=\"article\" \/>\n<meta property=\"og:title\" content=\"[EN] Kontakt - Wesco \u2013 sprawdzone preparaty dla motoryzacji i przemys\u0142u\" \/>\n<meta property=\"og:description\" content=\"Dane firmowe PPH \u201eWESCO\u201d Ewa Siwi\u0144ska05-119 LegionowoMicha\u0142\u00f3w-Regin\u00f3wul. Warszawska 125aNIP: 113-193-13-72 Kontakty Tel.\/fax: (+48 22) 774 03 03lub (+48 22) 772 70 17 E-mail: wesco@wesco.plKarty charakterystyki: jola@wesco.pl Dzia\u0142 handlowy (+48) 506 051 663(+48) 506 051 665Zam\u00f3wienia: handlowy@wesco.pl Napisz do nas\" \/>\n<meta property=\"og:url\" content=\"https:\/\/wesco.pl\/kontakt\/\" \/>\n<meta property=\"og:site_name\" content=\"Wesco \u2013 sprawdzone preparaty dla motoryzacji i przemys\u0142u\" \/>\n<meta property=\"article:modified_time\" content=\"2025-03-13T23:28:54+00:00\" \/>\n<meta property=\"og:image\" content=\"https:\/\/wesco.pl\/wp-content\/uploads\/2024\/12\/hero-background.jpg\" \/>\n\t<meta property=\"og:image:width\" content=\"1920\" \/>\n\t<meta property=\"og:image:height\" content=\"506\" \/>\n\t<meta property=\"og:image:type\" content=\"image\/jpeg\" \/>\n<meta name=\"twitter:card\" content=\"summary_large_image\" \/>\n<script type=\"application\/ld+json\" class=\"yoast-schema-graph\">{\"@context\":\"https:\/\/schema.org\",\"@graph\":[{\"@type\":\"WebPage\",\"@id\":\"https:\/\/wesco.pl\/kontakt\/\",\"url\":\"https:\/\/wesco.pl\/kontakt\/\",\"name\":\"[EN] Kontakt - Wesco \u2013 sprawdzone preparaty dla motoryzacji i przemys\u0142u\",\"isPartOf\":{\"@id\":\"https:\/\/wesco.pl\/#website\"},\"primaryImageOfPage\":{\"@id\":\"https:\/\/wesco.pl\/kontakt\/#primaryimage\"},\"image\":{\"@id\":\"https:\/\/wesco.pl\/kontakt\/#primaryimage\"},\"thumbnailUrl\":\"https:\/\/wesco.pl\/wp-content\/uploads\/2024\/12\/hero-background.jpg\",\"datePublished\":\"2024-12-24T18:45:24+00:00\",\"dateModified\":\"2025-03-13T23:28:54+00:00\",\"breadcrumb\":{\"@id\":\"https:\/\/wesco.pl\/kontakt\/#breadcrumb\"},\"inLanguage\":\"en-US\",\"potentialAction\":[{\"@type\":\"ReadAction\",\"target\":[\"https:\/\/wesco.pl\/kontakt\/\"]}]},{\"@type\":\"ImageObject\",\"inLanguage\":\"en-US\",\"@id\":\"https:\/\/wesco.pl\/kontakt\/#primaryimage\",\"url\":\"https:\/\/wesco.pl\/wp-content\/uploads\/2024\/12\/hero-background.jpg\",\"contentUrl\":\"https:\/\/wesco.pl\/wp-content\/uploads\/2024\/12\/hero-background.jpg\"},{\"@type\":\"BreadcrumbList\",\"@id\":\"https:\/\/wesco.pl\/kontakt\/#breadcrumb\",\"itemListElement\":[{\"@type\":\"ListItem\",\"position\":1,\"name\":\"Strona g\u0142\u00f3wna\",\"item\":\"https:\/\/wesco.pl\/\"},{\"@type\":\"ListItem\",\"position\":2,\"name\":\"[EN] Kontakt\"}]},{\"@type\":\"WebSite\",\"@id\":\"https:\/\/wesco.pl\/#website\",\"url\":\"https:\/\/wesco.pl\/\",\"name\":\"Wesco \u2013 sprawdzone preparaty dla motoryzacji i przemys\u0142u - Wesco\",\"description\":\"\",\"publisher\":{\"@id\":\"https:\/\/wesco.pl\/#organization\"},\"alternateName\":\"Wesco \u2013 sprawdzone preparaty dla motoryzacji i przemys\u0142u\",\"potentialAction\":[{\"@type\":\"SearchAction\",\"target\":{\"@type\":\"EntryPoint\",\"urlTemplate\":\"https:\/\/wesco.pl\/?s={search_term_string}\"},\"query-input\":{\"@type\":\"PropertyValueSpecification\",\"valueRequired\":true,\"valueName\":\"search_term_string\"}}],\"inLanguage\":\"en-US\"},{\"@type\":\"Organization\",\"@id\":\"https:\/\/wesco.pl\/#organization\",\"name\":\"Wesco \u2013 sprawdzone preparaty dla motoryzacji i przemys\u0142u\",\"alternateName\":\"Wesco \u2013 producent chemii samochodowej i technicznej\",\"url\":\"https:\/\/wesco.pl\/\",\"logo\":{\"@type\":\"ImageObject\",\"inLanguage\":\"en-US\",\"@id\":\"https:\/\/wesco.pl\/#\/schema\/logo\/image\/\",\"url\":\"https:\/\/wesco.pl\/wp-content\/uploads\/2024\/12\/logo-wesco.svg\",\"contentUrl\":\"https:\/\/wesco.pl\/wp-content\/uploads\/2024\/12\/logo-wesco.svg\",\"width\":1692,\"height\":667,\"caption\":\"Wesco \u2013 sprawdzone preparaty dla motoryzacji i przemys\u0142u\"},\"image\":{\"@id\":\"https:\/\/wesco.pl\/#\/schema\/logo\/image\/\"}}]}<\/script>\n<!-- \/ Yoast SEO plugin. -->","yoast_head_json":{"title":"[EN] Kontakt - Wesco \u2013 sprawdzone preparaty dla motoryzacji i przemys\u0142u","robots":{"index":"index","follow":"follow","max-snippet":"max-snippet:-1","max-image-preview":"max-image-preview:large","max-video-preview":"max-video-preview:-1"},"canonical":"https:\/\/wesco.pl\/kontakt\/","og_locale":"en_US","og_type":"article","og_title":"[EN] Kontakt - Wesco \u2013 sprawdzone preparaty dla motoryzacji i przemys\u0142u","og_description":"Dane firmowe PPH \u201eWESCO\u201d Ewa Siwi\u0144ska05-119 LegionowoMicha\u0142\u00f3w-Regin\u00f3wul. Warszawska 125aNIP: 113-193-13-72 Kontakty Tel.\/fax: (+48 22) 774 03 03lub (+48 22) 772 70 17 E-mail: wesco@wesco.plKarty charakterystyki: jola@wesco.pl Dzia\u0142 handlowy (+48) 506 051 663(+48) 506 051 665Zam\u00f3wienia: handlowy@wesco.pl Napisz do nas","og_url":"https:\/\/wesco.pl\/kontakt\/","og_site_name":"Wesco \u2013 sprawdzone preparaty dla motoryzacji i przemys\u0142u","article_modified_time":"2025-03-13T23:28:54+00:00","og_image":[{"width":1920,"height":506,"url":"https:\/\/wesco.pl\/wp-content\/uploads\/2024\/12\/hero-background.jpg","type":"image\/jpeg"}],"twitter_card":"summary_large_image","schema":{"@context":"https:\/\/schema.org","@graph":[{"@type":"WebPage","@id":"https:\/\/wesco.pl\/kontakt\/","url":"https:\/\/wesco.pl\/kontakt\/","name":"[EN] Kontakt - Wesco \u2013 sprawdzone preparaty dla motoryzacji i przemys\u0142u","isPartOf":{"@id":"https:\/\/wesco.pl\/#website"},"primaryImageOfPage":{"@id":"https:\/\/wesco.pl\/kontakt\/#primaryimage"},"image":{"@id":"https:\/\/wesco.pl\/kontakt\/#primaryimage"},"thumbnailUrl":"https:\/\/wesco.pl\/wp-content\/uploads\/2024\/12\/hero-background.jpg","datePublished":"2024-12-24T18:45:24+00:00","dateModified":"2025-03-13T23:28:54+00:00","breadcrumb":{"@id":"https:\/\/wesco.pl\/kontakt\/#breadcrumb"},"inLanguage":"en-US","potentialAction":[{"@type":"ReadAction","target":["https:\/\/wesco.pl\/kontakt\/"]}]},{"@type":"ImageObject","inLanguage":"en-US","@id":"https:\/\/wesco.pl\/kontakt\/#primaryimage","url":"https:\/\/wesco.pl\/wp-content\/uploads\/2024\/12\/hero-background.jpg","contentUrl":"https:\/\/wesco.pl\/wp-content\/uploads\/2024\/12\/hero-background.jpg"},{"@type":"BreadcrumbList","@id":"https:\/\/wesco.pl\/kontakt\/#breadcrumb","itemListElement":[{"@type":"ListItem","position":1,"name":"Strona g\u0142\u00f3wna","item":"https:\/\/wesco.pl\/"},{"@type":"ListItem","position":2,"name":"[EN] Kontakt"}]},{"@type":"WebSite","@id":"https:\/\/wesco.pl\/#website","url":"https:\/\/wesco.pl\/","name":"Wesco \u2013 sprawdzone preparaty dla motoryzacji i przemys\u0142u - Wesco","description":"","publisher":{"@id":"https:\/\/wesco.pl\/#organization"},"alternateName":"Wesco \u2013 sprawdzone preparaty dla motoryzacji i przemys\u0142u","potentialAction":[{"@type":"SearchAction","target":{"@type":"EntryPoint","urlTemplate":"https:\/\/wesco.pl\/?s={search_term_string}"},"query-input":{"@type":"PropertyValueSpecification","valueRequired":true,"valueName":"search_term_string"}}],"inLanguage":"en-US"},{"@type":"Organization","@id":"https:\/\/wesco.pl\/#organization","name":"Wesco \u2013 sprawdzone preparaty dla motoryzacji i przemys\u0142u","alternateName":"Wesco \u2013 producent chemii samochodowej i technicznej","url":"https:\/\/wesco.pl\/","logo":{"@type":"ImageObject","inLanguage":"en-US","@id":"https:\/\/wesco.pl\/#\/schema\/logo\/image\/","url":"https:\/\/wesco.pl\/wp-content\/uploads\/2024\/12\/logo-wesco.svg","contentUrl":"https:\/\/wesco.pl\/wp-content\/uploads\/2024\/12\/logo-wesco.svg","width":1692,"height":667,"caption":"Wesco \u2013 sprawdzone preparaty dla motoryzacji i przemys\u0142u"},"image":{"@id":"https:\/\/wesco.pl\/#\/schema\/logo\/image\/"}}]}},"mfb_rest_fields":["title","yoast_head","yoast_head_json"],"_links":{"self":[{"href":"https:\/\/wesco.pl\/en\/wp-json\/wp\/v2\/pages\/1675","targetHints":{"allow":["GET"]}}],"collection":[{"href":"https:\/\/wesco.pl\/en\/wp-json\/wp\/v2\/pages"}],"about":[{"href":"https:\/\/wesco.pl\/en\/wp-json\/wp\/v2\/types\/page"}],"author":[{"embeddable":true,"href":"https:\/\/wesco.pl\/en\/wp-json\/wp\/v2\/users\/1"}],"replies":[{"embeddable":true,"href":"https:\/\/wesco.pl\/en\/wp-json\/wp\/v2\/comments?post=1675"}],"version-history":[{"count":3,"href":"https:\/\/wesco.pl\/en\/wp-json\/wp\/v2\/pages\/1675\/revisions"}],"predecessor-version":[{"id":1678,"href":"https:\/\/wesco.pl\/en\/wp-json\/wp\/v2\/pages\/1675\/revisions\/1678"}],"wp:attachment":[{"href":"https:\/\/wesco.pl\/en\/wp-json\/wp\/v2\/media?parent=1675"}],"curies":[{"name":"wp","href":"https:\/\/api.w.org\/{rel}","templated":true}]}}