{"id":1160,"date":"2025-02-25T11:44:36","date_gmt":"2025-02-25T11:44:36","guid":{"rendered":"https:\/\/wesco.pl\/?post_type=product&#038;p=1160"},"modified":"2025-08-20T17:51:18","modified_gmt":"2025-08-20T17:51:18","slug":"smar-litowy-uniwersalny","status":"publish","type":"product","link":"https:\/\/wesco.pl\/en\/product\/smar-litowy-uniwersalny\/","title":{"rendered":"SMAR LITOWY UNIWERSALNY"},"content":{"rendered":"<h2>Dlaczego warto wybra\u0107 smar litowy uniwersalny?<\/h2>\n<ul style=\"list-style: none; padding-left: 0; margin: 0;\">\n<li>\u2611\ufe0f Wysoka skuteczno\u015b\u0107 smarowania \u2013 zapewnia p\u0142ynne dzia\u0142anie mechanizm\u00f3w i zmniejsza tarcie<\/li>\n<li>\u2611\ufe0f Odporno\u015b\u0107 na wod\u0119, wilgo\u0107 i korozj\u0119, co chroni elementy przed przedwczesnym zu\u017cyciem<\/li>\n<li>\u2611\ufe0f Stabilno\u015b\u0107 mechaniczn\u0105 w szerokim zakresie temperatur \u2013 od -30\u00b0C do +130\u00b0C<\/li>\n<li>\u2611\ufe0f Uniwersalne zastosowanie \u2013 idealny do samochod\u00f3w, maszyn, urz\u0105dze\u0144 domowych i ogrodowych<\/li>\n<\/ul>\n<h3 style=\"margin-top: 24px;\">Najwa\u017cniejsze korzy\u015bci stosowania smaru litowego<\/h3>\n<ul style=\"list-style: none; padding-left: 0; margin: 0;\">\n<li>\u2611\ufe0f Przed\u0142u\u017ca \u017cywotno\u015b\u0107 \u0142o\u017cysk i innych element\u00f3w mechanicznych, zmniejszaj\u0105c zu\u017cycie cz\u0119\u015bci<\/li>\n<li>\u2611\ufe0f U\u0142atwia konserwacj\u0119 sprz\u0119tu, ograniczaj\u0105c koszty napraw i wymiany cz\u0119\u015bci<\/li>\n<li>\u2611\ufe0f Zapewnia niezawodne dzia\u0142anie element\u00f3w ruchomych nawet w trudnych warunkach pogodowych<\/li>\n<li>\u2611\ufe0f Dzi\u0119ki formie aerozolu jest szybki i \u0142atwy w u\u017cyciu, docieraj\u0105c do trudno dost\u0119pnych miejsc<\/li>\n<\/ul>\n<h3 style=\"margin-top: 24px;\">Gdzie najlepiej stosowa\u0107 smar litowy ?<\/h3>\n<ul style=\"list-style: none; padding-left: 0; margin: 0;\">\n<li>\u2611\ufe0f \u0141o\u017cyska toczne i \u015blizgowe w samochodach osobowych i maszynach przemys\u0142owych<\/li>\n<li>\u2611\ufe0f Samochodowe pompy wodne i inne elementy wymagaj\u0105ce trwa\u0142ego smarowania<\/li>\n<li>\u2611\ufe0f Mechanizmy w urz\u0105dzeniach ogrodowych, w\u00f3zkach, drzwiach i bramach<\/li>\n<li>\u2611\ufe0f Elementy metalowe nara\u017cone na wilgo\u0107 i dzia\u0142anie czynnik\u00f3w atmosferycznych<\/li>\n<\/ul>\n<h3 style=\"margin-top: 24px;\">Jak prawid\u0142owo stosowa\u0107 smar litowy uniwersalny?<\/h3>\n<ul style=\"list-style: none; padding-left: 0; margin: 0;\">\n<li>\u2611\ufe0f Dok\u0142adnie oczy\u015bci\u0107 powierzchni\u0119 z zabrudze\u0144 i resztek starego smaru<\/li>\n<li>\u2611\ufe0f Wstrz\u0105sn\u0105\u0107 pojemnikiem przed u\u017cyciem<\/li>\n<li>\u2611\ufe0f Rozpyli\u0107 produkt r\u00f3wnomiernie na smarowan\u0105 powierzchni\u0119 i pozostawi\u0107 cienk\u0105 warstw\u0119 ochronn\u0105<\/li>\n<\/ul>\n<h3 style=\"margin-top: 24px;\">Parametry techniczne<\/h3>\n<ul style=\"list-style: none; padding-left: 0; margin: 0;\">\n<li>\u2611\ufe0f Posta\u0107: ciecz w aerozolu<\/li>\n<li>\u2611\ufe0f Kolor: brunatny<\/li>\n<li>\u2611\ufe0f G\u0119sto\u015b\u0107 wsadu: ok. 0,90 g\/cm\u00b3 w 20\u00b0C<\/li>\n<li>\u2611\ufe0f Odporno\u015b\u0107 temperaturowa: od -30\u00b0C do +130\u00b0C<\/li>\n<li>\u2611\ufe0f W\u0142a\u015bciwo\u015bci: smarne, antykorozyjne, wodoodporne<\/li>\n<li>\u2611\ufe0f Dost\u0119pne pojemno\u015bci: 400 ml<\/li>\n<\/ul>\n","protected":false},"excerpt":{"rendered":"<p><strong>Smar litowy uniwersalny 400 ml<\/strong> to wysokiej jako\u015bci \u015brodek smarny w aerozolu, przeznaczony do wszechstronnego zastosowania w motoryzacji, przemy\u015ble i domu. Polecany szczeg\u00f3lnie do smarowania \u0142o\u017cysk tocznych, samochodowych pomp wodnych oraz innych element\u00f3w pracuj\u0105cych w normalnych warunkach eksploatacji. Zapewnia skuteczn\u0105 ochron\u0119 przed korozj\u0105 i wilgoci\u0105, charakteryzuje si\u0119 doskona\u0142ymi w\u0142a\u015bciwo\u015bciami smarnymi oraz stabilno\u015bci\u0105 mechaniczn\u0105 w szerokim zakresie temperatur od -30\u00b0C do +130\u00b0C. Dzi\u0119ki wygodnej formie aerozolu jest prosty w aplikacji i idealnie sprawdza si\u0119 w codziennym u\u017cytkowaniu oraz w profesjonalnych warsztatach.<\/p>\n","protected":false},"featured_media":2023,"template":"","meta":{"_acf_changed":false,"_eb_attr":""},"product_brand":[],"product_cat":[57],"product_tag":[],"class_list":{"0":"post-1160","1":"product","2":"type-product","3":"status-publish","4":"has-post-thumbnail","6":"product_cat-chemia-techniczna","8":"first","9":"instock","10":"shipping-taxable","11":"product-type-simple"},"acf":[],"mb":[],"yoast_head":"<!-- This site is optimized with the Yoast SEO plugin v27.1.1 - https:\/\/yoast.com\/product\/yoast-seo-wordpress\/ -->\n<title>SMAR LITOWY UNIWERSALNY - Wesco \u2013 sprawdzone preparaty dla motoryzacji i przemys\u0142u<\/title>\n<meta name=\"robots\" content=\"index, follow, max-snippet:-1, max-image-preview:large, max-video-preview:-1\" \/>\n<link rel=\"canonical\" href=\"https:\/\/wesco.pl\/produkt\/smar-litowy-uniwersalny\/\" \/>\n<meta property=\"og:locale\" content=\"en_US\" \/>\n<meta property=\"og:type\" content=\"article\" \/>\n<meta property=\"og:title\" content=\"SMAR LITOWY UNIWERSALNY - Wesco \u2013 sprawdzone preparaty dla motoryzacji i przemys\u0142u\" \/>\n<meta property=\"og:description\" content=\"Smar litowy uniwersalny 400 ml to wysokiej jako\u015bci \u015brodek smarny w aerozolu, przeznaczony do wszechstronnego zastosowania w motoryzacji, przemy\u015ble i domu. Polecany szczeg\u00f3lnie do smarowania \u0142o\u017cysk tocznych, samochodowych pomp wodnych oraz innych element\u00f3w pracuj\u0105cych w normalnych warunkach eksploatacji. Zapewnia skuteczn\u0105 ochron\u0119 przed korozj\u0105 i wilgoci\u0105, charakteryzuje si\u0119 doskona\u0142ymi w\u0142a\u015bciwo\u015bciami smarnymi oraz stabilno\u015bci\u0105 mechaniczn\u0105 w szerokim zakresie temperatur od -30\u00b0C do +130\u00b0C. Dzi\u0119ki wygodnej formie aerozolu jest prosty w aplikacji i idealnie sprawdza si\u0119 w codziennym u\u017cytkowaniu oraz w profesjonalnych warsztatach.\" \/>\n<meta property=\"og:url\" content=\"https:\/\/wesco.pl\/produkt\/smar-litowy-uniwersalny\/\" \/>\n<meta property=\"og:site_name\" content=\"Wesco \u2013 sprawdzone preparaty dla motoryzacji i przemys\u0142u\" \/>\n<meta property=\"article:modified_time\" content=\"2025-08-20T17:51:18+00:00\" \/>\n<meta property=\"og:image\" content=\"https:\/\/wesco.pl\/wp-content\/uploads\/2025\/03\/smar-uniwersalny-wesco.jpg\" \/>\n\t<meta property=\"og:image:width\" content=\"800\" \/>\n\t<meta property=\"og:image:height\" content=\"800\" \/>\n\t<meta property=\"og:image:type\" content=\"image\/jpeg\" \/>\n<meta name=\"twitter:card\" content=\"summary_large_image\" \/>\n<meta name=\"twitter:label1\" content=\"Est. reading time\" \/>\n\t<meta name=\"twitter:data1\" content=\"2 minutes\" \/>\n<script type=\"application\/ld+json\" class=\"yoast-schema-graph\">{\"@context\":\"https:\/\/schema.org\",\"@graph\":[{\"@type\":\"WebPage\",\"@id\":\"https:\/\/wesco.pl\/produkt\/smar-litowy-uniwersalny\/\",\"url\":\"https:\/\/wesco.pl\/produkt\/smar-litowy-uniwersalny\/\",\"name\":\"SMAR LITOWY UNIWERSALNY - Wesco \u2013 sprawdzone preparaty dla motoryzacji i przemys\u0142u\",\"isPartOf\":{\"@id\":\"https:\/\/wesco.pl\/#website\"},\"primaryImageOfPage\":{\"@id\":\"https:\/\/wesco.pl\/produkt\/smar-litowy-uniwersalny\/#primaryimage\"},\"image\":{\"@id\":\"https:\/\/wesco.pl\/produkt\/smar-litowy-uniwersalny\/#primaryimage\"},\"thumbnailUrl\":\"https:\/\/wesco.pl\/wp-content\/uploads\/2025\/03\/smar-uniwersalny-wesco.jpg\",\"datePublished\":\"2025-02-25T11:44:36+00:00\",\"dateModified\":\"2025-08-20T17:51:18+00:00\",\"breadcrumb\":{\"@id\":\"https:\/\/wesco.pl\/produkt\/smar-litowy-uniwersalny\/#breadcrumb\"},\"inLanguage\":\"en-US\",\"potentialAction\":[{\"@type\":\"ReadAction\",\"target\":[\"https:\/\/wesco.pl\/produkt\/smar-litowy-uniwersalny\/\"]}]},{\"@type\":\"ImageObject\",\"inLanguage\":\"en-US\",\"@id\":\"https:\/\/wesco.pl\/produkt\/smar-litowy-uniwersalny\/#primaryimage\",\"url\":\"https:\/\/wesco.pl\/wp-content\/uploads\/2025\/03\/smar-uniwersalny-wesco.jpg\",\"contentUrl\":\"https:\/\/wesco.pl\/wp-content\/uploads\/2025\/03\/smar-uniwersalny-wesco.jpg\",\"width\":800,\"height\":800},{\"@type\":\"BreadcrumbList\",\"@id\":\"https:\/\/wesco.pl\/produkt\/smar-litowy-uniwersalny\/#breadcrumb\",\"itemListElement\":[{\"@type\":\"ListItem\",\"position\":1,\"name\":\"Strona g\u0142\u00f3wna\",\"item\":\"https:\/\/wesco.pl\/\"},{\"@type\":\"ListItem\",\"position\":2,\"name\":\"[EN] Produkty\",\"item\":\"https:\/\/wesco.pl\/produkty\/\"},{\"@type\":\"ListItem\",\"position\":3,\"name\":\"SMAR LITOWY UNIWERSALNY\"}]},{\"@type\":\"WebSite\",\"@id\":\"https:\/\/wesco.pl\/#website\",\"url\":\"https:\/\/wesco.pl\/\",\"name\":\"Wesco \u2013 sprawdzone preparaty dla motoryzacji i przemys\u0142u - Wesco\",\"description\":\"\",\"publisher\":{\"@id\":\"https:\/\/wesco.pl\/#organization\"},\"alternateName\":\"Wesco \u2013 sprawdzone preparaty dla motoryzacji i przemys\u0142u\",\"potentialAction\":[{\"@type\":\"SearchAction\",\"target\":{\"@type\":\"EntryPoint\",\"urlTemplate\":\"https:\/\/wesco.pl\/?s={search_term_string}\"},\"query-input\":{\"@type\":\"PropertyValueSpecification\",\"valueRequired\":true,\"valueName\":\"search_term_string\"}}],\"inLanguage\":\"en-US\"},{\"@type\":\"Organization\",\"@id\":\"https:\/\/wesco.pl\/#organization\",\"name\":\"Wesco \u2013 sprawdzone preparaty dla motoryzacji i przemys\u0142u\",\"alternateName\":\"Wesco \u2013 producent chemii samochodowej i technicznej\",\"url\":\"https:\/\/wesco.pl\/\",\"logo\":{\"@type\":\"ImageObject\",\"inLanguage\":\"en-US\",\"@id\":\"https:\/\/wesco.pl\/#\/schema\/logo\/image\/\",\"url\":\"https:\/\/wesco.pl\/wp-content\/uploads\/2024\/12\/logo-wesco.svg\",\"contentUrl\":\"https:\/\/wesco.pl\/wp-content\/uploads\/2024\/12\/logo-wesco.svg\",\"width\":1692,\"height\":667,\"caption\":\"Wesco \u2013 sprawdzone preparaty dla motoryzacji i przemys\u0142u\"},\"image\":{\"@id\":\"https:\/\/wesco.pl\/#\/schema\/logo\/image\/\"}}]}<\/script>\n<!-- \/ Yoast SEO plugin. -->","yoast_head_json":{"title":"SMAR LITOWY UNIWERSALNY - Wesco \u2013 sprawdzone preparaty dla motoryzacji i przemys\u0142u","robots":{"index":"index","follow":"follow","max-snippet":"max-snippet:-1","max-image-preview":"max-image-preview:large","max-video-preview":"max-video-preview:-1"},"canonical":"https:\/\/wesco.pl\/produkt\/smar-litowy-uniwersalny\/","og_locale":"en_US","og_type":"article","og_title":"SMAR LITOWY UNIWERSALNY - Wesco \u2013 sprawdzone preparaty dla motoryzacji i przemys\u0142u","og_description":"Smar litowy uniwersalny 400 ml to wysokiej jako\u015bci \u015brodek smarny w aerozolu, przeznaczony do wszechstronnego zastosowania w motoryzacji, przemy\u015ble i domu. Polecany szczeg\u00f3lnie do smarowania \u0142o\u017cysk tocznych, samochodowych pomp wodnych oraz innych element\u00f3w pracuj\u0105cych w normalnych warunkach eksploatacji. Zapewnia skuteczn\u0105 ochron\u0119 przed korozj\u0105 i wilgoci\u0105, charakteryzuje si\u0119 doskona\u0142ymi w\u0142a\u015bciwo\u015bciami smarnymi oraz stabilno\u015bci\u0105 mechaniczn\u0105 w szerokim zakresie temperatur od -30\u00b0C do +130\u00b0C. Dzi\u0119ki wygodnej formie aerozolu jest prosty w aplikacji i idealnie sprawdza si\u0119 w codziennym u\u017cytkowaniu oraz w profesjonalnych warsztatach.","og_url":"https:\/\/wesco.pl\/produkt\/smar-litowy-uniwersalny\/","og_site_name":"Wesco \u2013 sprawdzone preparaty dla motoryzacji i przemys\u0142u","article_modified_time":"2025-08-20T17:51:18+00:00","og_image":[{"width":800,"height":800,"url":"https:\/\/wesco.pl\/wp-content\/uploads\/2025\/03\/smar-uniwersalny-wesco.jpg","type":"image\/jpeg"}],"twitter_card":"summary_large_image","twitter_misc":{"Est. reading time":"2 minutes"},"schema":{"@context":"https:\/\/schema.org","@graph":[{"@type":"WebPage","@id":"https:\/\/wesco.pl\/produkt\/smar-litowy-uniwersalny\/","url":"https:\/\/wesco.pl\/produkt\/smar-litowy-uniwersalny\/","name":"SMAR LITOWY UNIWERSALNY - Wesco \u2013 sprawdzone preparaty dla motoryzacji i przemys\u0142u","isPartOf":{"@id":"https:\/\/wesco.pl\/#website"},"primaryImageOfPage":{"@id":"https:\/\/wesco.pl\/produkt\/smar-litowy-uniwersalny\/#primaryimage"},"image":{"@id":"https:\/\/wesco.pl\/produkt\/smar-litowy-uniwersalny\/#primaryimage"},"thumbnailUrl":"https:\/\/wesco.pl\/wp-content\/uploads\/2025\/03\/smar-uniwersalny-wesco.jpg","datePublished":"2025-02-25T11:44:36+00:00","dateModified":"2025-08-20T17:51:18+00:00","breadcrumb":{"@id":"https:\/\/wesco.pl\/produkt\/smar-litowy-uniwersalny\/#breadcrumb"},"inLanguage":"en-US","potentialAction":[{"@type":"ReadAction","target":["https:\/\/wesco.pl\/produkt\/smar-litowy-uniwersalny\/"]}]},{"@type":"ImageObject","inLanguage":"en-US","@id":"https:\/\/wesco.pl\/produkt\/smar-litowy-uniwersalny\/#primaryimage","url":"https:\/\/wesco.pl\/wp-content\/uploads\/2025\/03\/smar-uniwersalny-wesco.jpg","contentUrl":"https:\/\/wesco.pl\/wp-content\/uploads\/2025\/03\/smar-uniwersalny-wesco.jpg","width":800,"height":800},{"@type":"BreadcrumbList","@id":"https:\/\/wesco.pl\/produkt\/smar-litowy-uniwersalny\/#breadcrumb","itemListElement":[{"@type":"ListItem","position":1,"name":"Strona g\u0142\u00f3wna","item":"https:\/\/wesco.pl\/"},{"@type":"ListItem","position":2,"name":"[EN] Produkty","item":"https:\/\/wesco.pl\/produkty\/"},{"@type":"ListItem","position":3,"name":"SMAR LITOWY UNIWERSALNY"}]},{"@type":"WebSite","@id":"https:\/\/wesco.pl\/#website","url":"https:\/\/wesco.pl\/","name":"Wesco \u2013 sprawdzone preparaty dla motoryzacji i przemys\u0142u - Wesco","description":"","publisher":{"@id":"https:\/\/wesco.pl\/#organization"},"alternateName":"Wesco \u2013 sprawdzone preparaty dla motoryzacji i przemys\u0142u","potentialAction":[{"@type":"SearchAction","target":{"@type":"EntryPoint","urlTemplate":"https:\/\/wesco.pl\/?s={search_term_string}"},"query-input":{"@type":"PropertyValueSpecification","valueRequired":true,"valueName":"search_term_string"}}],"inLanguage":"en-US"},{"@type":"Organization","@id":"https:\/\/wesco.pl\/#organization","name":"Wesco \u2013 sprawdzone preparaty dla motoryzacji i przemys\u0142u","alternateName":"Wesco \u2013 producent chemii samochodowej i technicznej","url":"https:\/\/wesco.pl\/","logo":{"@type":"ImageObject","inLanguage":"en-US","@id":"https:\/\/wesco.pl\/#\/schema\/logo\/image\/","url":"https:\/\/wesco.pl\/wp-content\/uploads\/2024\/12\/logo-wesco.svg","contentUrl":"https:\/\/wesco.pl\/wp-content\/uploads\/2024\/12\/logo-wesco.svg","width":1692,"height":667,"caption":"Wesco \u2013 sprawdzone preparaty dla motoryzacji i przemys\u0142u"},"image":{"@id":"https:\/\/wesco.pl\/#\/schema\/logo\/image\/"}}]}},"mfb_rest_fields":["title","yoast_head","yoast_head_json"],"_links":{"self":[{"href":"https:\/\/wesco.pl\/en\/wp-json\/wp\/v2\/product\/1160","targetHints":{"allow":["GET"]}}],"collection":[{"href":"https:\/\/wesco.pl\/en\/wp-json\/wp\/v2\/product"}],"about":[{"href":"https:\/\/wesco.pl\/en\/wp-json\/wp\/v2\/types\/product"}],"wp:featuredmedia":[{"embeddable":true,"href":"https:\/\/wesco.pl\/en\/wp-json\/wp\/v2\/media\/2023"}],"wp:attachment":[{"href":"https:\/\/wesco.pl\/en\/wp-json\/wp\/v2\/media?parent=1160"}],"wp:term":[{"taxonomy":"product_brand","embeddable":true,"href":"https:\/\/wesco.pl\/en\/wp-json\/wp\/v2\/product_brand?post=1160"},{"taxonomy":"product_cat","embeddable":true,"href":"https:\/\/wesco.pl\/en\/wp-json\/wp\/v2\/product_cat?post=1160"},{"taxonomy":"product_tag","embeddable":true,"href":"https:\/\/wesco.pl\/en\/wp-json\/wp\/v2\/product_tag?post=1160"}],"curies":[{"name":"wp","href":"https:\/\/api.w.org\/{rel}","templated":true}]}}