{"id":1162,"date":"2025-02-25T11:44:36","date_gmt":"2025-02-25T11:44:36","guid":{"rendered":"https:\/\/wesco.pl\/?post_type=product&#038;p=1162"},"modified":"2025-08-20T17:47:43","modified_gmt":"2025-08-20T17:47:43","slug":"pro-preparat-do-mycia-silnikow","status":"publish","type":"product","link":"https:\/\/wesco.pl\/en\/product\/pro-preparat-do-mycia-silnikow\/","title":{"rendered":"PRO \u2013 PREPARAT DO MYCIA SILNIK\u00d3W"},"content":{"rendered":"<h2>Dlaczego warto wybra\u0107 PRO \u2013 preparat do mycia silnik\u00f3w?<\/h2>\n<ul style=\"list-style: none; padding-left: 0; margin: 0;\">\n<li>\u2611\ufe0f Wyj\u0105tkowo skuteczne odt\u0142uszczanie i czyszczenie, nawet przy silnych zabrudzeniach olejowych i smarach<\/li>\n<li>\u2611\ufe0f Uniwersalne zastosowanie \u2013 silniki, komory silnikowe, pod\u0142ogi warsztatowe, plandeki samochodowe<\/li>\n<li>\u2611\ufe0f Formu\u0142a z biodegradowalnymi \u015brodkami powierzchniowo czynnymi, bezpieczniejsza dla \u015brodowiska<\/li>\n<li>\u2611\ufe0f Mo\u017cliwo\u015b\u0107 stosowania w warsztatach, serwisach i gara\u017cach, a tak\u017ce w przemy\u015ble motoryzacyjnym i budowlanym<\/li>\n<\/ul>\n<h3 style=\"margin-top: 24px;\">Najwa\u017cniejsze korzy\u015bci stosowania<\/h3>\n<ul style=\"list-style: none; padding-left: 0; margin: 0;\">\n<li>\u2611\ufe0f Skutecznie usuwa trudne zabrudzenia, co u\u0142atwia prace serwisowe i konserwacyjne<\/li>\n<li>\u2611\ufe0f Poprawia estetyk\u0119 i czysto\u015b\u0107 silnika oraz element\u00f3w metalowych, wp\u0142ywaj\u0105c na ich trwa\u0142o\u015b\u0107<\/li>\n<li>\u2611\ufe0f U\u0142atwia utrzymanie czysto\u015bci w miejscach pracy, takich jak warsztaty i gara\u017ce<\/li>\n<li>\u2611\ufe0f Dzi\u0119ki dzia\u0142aniu odt\u0142uszczaj\u0105cemu zwi\u0119ksza przyczepno\u015b\u0107 nowych pow\u0142ok ochronnych lub lakier\u00f3w<\/li>\n<\/ul>\n<h3 style=\"margin-top: 24px;\">Gdzie najlepiej stosowa\u0107 preparat PRO?<\/h3>\n<ul style=\"list-style: none; padding-left: 0; margin: 0;\">\n<li>\u2611\ufe0f Czyszczenie kom\u00f3r silnik\u00f3w i element\u00f3w metalowych w samochodach osobowych i ci\u0119\u017carowych<\/li>\n<li>\u2611\ufe0f Mycie pod\u0142\u00f3g w warsztatach, gara\u017cach i stacjach obs\u0142ugi pojazd\u00f3w<\/li>\n<li>\u2611\ufe0f Czyszczenie plandek samochodowych i innych powierzchni przemys\u0142owych wymagaj\u0105cych odt\u0142uszczania<\/li>\n<li>\u2611\ufe0f Usuwanie osad\u00f3w olejowych i t\u0142ustych zabrudze\u0144 z narz\u0119dzi oraz cz\u0119\u015bci maszyn<\/li>\n<\/ul>\n<h3 style=\"margin-top: 24px;\">Jak prawid\u0142owo stosowa\u0107 preparat?<\/h3>\n<ul style=\"list-style: none; padding-left: 0; margin: 0;\">\n<li>\u2611\ufe0f Rozcie\u0144czy\u0107 koncentrat z wod\u0105 zgodnie z zaleceniami producenta (stopie\u0144 rozcie\u0144czenia zale\u017cny od rodzaju zabrudzenia)<\/li>\n<li>\u2611\ufe0f Nanie\u015b\u0107 roztw\u00f3r na sch\u0142odzon\u0105 czyszczon\u0105 powierzchni\u0119 przy pomocy spryskiwacza, g\u0105bki lub myjki ci\u015bnieniowej<\/li>\n<li>\u2611\ufe0f Odczeka\u0107 kilka minut, aby preparat rozpu\u015bci\u0142 zabrudzenia, a nast\u0119pnie sp\u0142uka\u0107 wod\u0105<\/li>\n<\/ul>\n<h3 style=\"margin-top: 24px;\">Parametry techniczne<\/h3>\n<ul style=\"list-style: none; padding-left: 0; margin: 0;\">\n<li>\u2611\ufe0f Posta\u0107: ciecz<\/li>\n<li>\u2611\ufe0f Kolor: \u017c\u00f3\u0142ty<\/li>\n<li>\u2611\ufe0f Zapach: charakterystyczny<\/li>\n<li>\u2611\ufe0f pH: &gt;13 (silnie zasadowy)<\/li>\n<li>\u2611\ufe0f G\u0119sto\u015b\u0107: ok. 1,04 g\/cm\u00b3 w 20\u00b0C<\/li>\n<li>\u2611\ufe0f Rozpuszczalno\u015b\u0107: ca\u0142kowita w wodzie<\/li>\n<li>\u2611\ufe0f Dost\u0119pne pojemno\u015bci: 1 l, 5 l, 30 l<\/li>\n<\/ul>\n","protected":false},"excerpt":{"rendered":"<p><strong><span style=\"font-family: Arial, sans-serif;\">PRO \u2013 preparat do mycia silnik\u00f3w<\/span><\/strong><span style=\"font-family: Arial, sans-serif;\"> to zasadowy \u015brodek czyszcz\u0105cy o silnym dzia\u0142aniu odt\u0142uszczaj\u0105cym, przeznaczony do mycia i konserwacji kom\u00f3r silnik\u00f3w oraz innych element\u00f3w metalowych nara\u017conych na zabrudzenia olejowe i smary. Dzi\u0119ki zawarto\u015bci anionowych zwi\u0105zk\u00f3w powierzchniowo czynnych, kt\u00f3re ulegaj\u0105 biodegradacji, skutecznie usuwa zanieczyszczenia, a jednocze\u015bnie jest przyjazny dla \u015brodowiska. Mo\u017ce by\u0107 stosowany tak\u017ce do mycia posadzek w gara\u017cach, warsztatach, a nawet plandek samochodowych. Dost\u0119pny w pojemno\u015bciach 1 l, 5 l i 30 l, jest odpowiedni zar\u00f3wno dla u\u017cytkownik\u00f3w indywidualnych, jak i profesjonalnych serwis\u00f3w.<\/span><\/p>\n<p class=\"\" data-start=\"323\" data-end=\"347\"><strong data-start=\"323\" data-end=\"347\">Dost\u0119pne pojemno\u015bci:<\/strong> 1L, 5L, 30L<\/p>\n","protected":false},"featured_media":2009,"template":"","meta":{"_acf_changed":false,"_eb_attr":""},"product_brand":[],"product_cat":[36],"product_tag":[],"class_list":{"0":"post-1162","1":"product","2":"type-product","3":"status-publish","4":"has-post-thumbnail","6":"product_cat-autokosmetyka","8":"first","9":"instock","10":"shipping-taxable","11":"product-type-simple"},"acf":[],"mb":[],"yoast_head":"<!-- This site is optimized with the Yoast SEO plugin v27.1.1 - https:\/\/yoast.com\/product\/yoast-seo-wordpress\/ -->\n<title>PRO \u2013 PREPARAT DO MYCIA SILNIK\u00d3W - Wesco \u2013 sprawdzone preparaty dla motoryzacji i przemys\u0142u<\/title>\n<meta name=\"robots\" content=\"index, follow, max-snippet:-1, max-image-preview:large, max-video-preview:-1\" \/>\n<link rel=\"canonical\" href=\"https:\/\/wesco.pl\/produkt\/pro-preparat-do-mycia-silnikow\/\" \/>\n<meta property=\"og:locale\" content=\"en_US\" \/>\n<meta property=\"og:type\" content=\"article\" \/>\n<meta property=\"og:title\" content=\"PRO \u2013 PREPARAT DO MYCIA SILNIK\u00d3W - Wesco \u2013 sprawdzone preparaty dla motoryzacji i przemys\u0142u\" \/>\n<meta property=\"og:description\" content=\"PRO \u2013 preparat do mycia silnik\u00f3w to zasadowy \u015brodek czyszcz\u0105cy o silnym dzia\u0142aniu odt\u0142uszczaj\u0105cym, przeznaczony do mycia i konserwacji kom\u00f3r silnik\u00f3w oraz innych element\u00f3w metalowych nara\u017conych na zabrudzenia olejowe i smary. Dzi\u0119ki zawarto\u015bci anionowych zwi\u0105zk\u00f3w powierzchniowo czynnych, kt\u00f3re ulegaj\u0105 biodegradacji, skutecznie usuwa zanieczyszczenia, a jednocze\u015bnie jest przyjazny dla \u015brodowiska. Mo\u017ce by\u0107 stosowany tak\u017ce do mycia posadzek w gara\u017cach, warsztatach, a nawet plandek samochodowych. Dost\u0119pny w pojemno\u015bciach 1 l, 5 l i 30 l, jest odpowiedni zar\u00f3wno dla u\u017cytkownik\u00f3w indywidualnych, jak i profesjonalnych serwis\u00f3w. Dost\u0119pne pojemno\u015bci: 1L, 5L, 30L\" \/>\n<meta property=\"og:url\" content=\"https:\/\/wesco.pl\/produkt\/pro-preparat-do-mycia-silnikow\/\" \/>\n<meta property=\"og:site_name\" content=\"Wesco \u2013 sprawdzone preparaty dla motoryzacji i przemys\u0142u\" \/>\n<meta property=\"article:modified_time\" content=\"2025-08-20T17:47:43+00:00\" \/>\n<meta property=\"og:image\" content=\"https:\/\/wesco.pl\/wp-content\/uploads\/2025\/03\/pro-preparat-do-mycia-silnik\u03b1w-wesco.jpg\" \/>\n\t<meta property=\"og:image:width\" content=\"800\" \/>\n\t<meta property=\"og:image:height\" content=\"800\" \/>\n\t<meta property=\"og:image:type\" content=\"image\/jpeg\" \/>\n<meta name=\"twitter:card\" content=\"summary_large_image\" \/>\n<meta name=\"twitter:label1\" content=\"Est. reading time\" \/>\n\t<meta name=\"twitter:data1\" content=\"2 minutes\" \/>\n<script type=\"application\/ld+json\" class=\"yoast-schema-graph\">{\"@context\":\"https:\/\/schema.org\",\"@graph\":[{\"@type\":\"WebPage\",\"@id\":\"https:\/\/wesco.pl\/produkt\/pro-preparat-do-mycia-silnikow\/\",\"url\":\"https:\/\/wesco.pl\/produkt\/pro-preparat-do-mycia-silnikow\/\",\"name\":\"PRO \u2013 PREPARAT DO MYCIA SILNIK\u00d3W - Wesco \u2013 sprawdzone preparaty dla motoryzacji i przemys\u0142u\",\"isPartOf\":{\"@id\":\"https:\/\/wesco.pl\/#website\"},\"primaryImageOfPage\":{\"@id\":\"https:\/\/wesco.pl\/produkt\/pro-preparat-do-mycia-silnikow\/#primaryimage\"},\"image\":{\"@id\":\"https:\/\/wesco.pl\/produkt\/pro-preparat-do-mycia-silnikow\/#primaryimage\"},\"thumbnailUrl\":\"https:\/\/wesco.pl\/wp-content\/uploads\/2025\/03\/pro-preparat-do-mycia-silnik\u03b1w-wesco.jpg\",\"datePublished\":\"2025-02-25T11:44:36+00:00\",\"dateModified\":\"2025-08-20T17:47:43+00:00\",\"breadcrumb\":{\"@id\":\"https:\/\/wesco.pl\/produkt\/pro-preparat-do-mycia-silnikow\/#breadcrumb\"},\"inLanguage\":\"en-US\",\"potentialAction\":[{\"@type\":\"ReadAction\",\"target\":[\"https:\/\/wesco.pl\/produkt\/pro-preparat-do-mycia-silnikow\/\"]}]},{\"@type\":\"ImageObject\",\"inLanguage\":\"en-US\",\"@id\":\"https:\/\/wesco.pl\/produkt\/pro-preparat-do-mycia-silnikow\/#primaryimage\",\"url\":\"https:\/\/wesco.pl\/wp-content\/uploads\/2025\/03\/pro-preparat-do-mycia-silnik\u03b1w-wesco.jpg\",\"contentUrl\":\"https:\/\/wesco.pl\/wp-content\/uploads\/2025\/03\/pro-preparat-do-mycia-silnik\u03b1w-wesco.jpg\",\"width\":800,\"height\":800},{\"@type\":\"BreadcrumbList\",\"@id\":\"https:\/\/wesco.pl\/produkt\/pro-preparat-do-mycia-silnikow\/#breadcrumb\",\"itemListElement\":[{\"@type\":\"ListItem\",\"position\":1,\"name\":\"Strona g\u0142\u00f3wna\",\"item\":\"https:\/\/wesco.pl\/\"},{\"@type\":\"ListItem\",\"position\":2,\"name\":\"[EN] Produkty\",\"item\":\"https:\/\/wesco.pl\/produkty\/\"},{\"@type\":\"ListItem\",\"position\":3,\"name\":\"PRO \u2013 PREPARAT DO MYCIA SILNIK\u00d3W\"}]},{\"@type\":\"WebSite\",\"@id\":\"https:\/\/wesco.pl\/#website\",\"url\":\"https:\/\/wesco.pl\/\",\"name\":\"Wesco \u2013 sprawdzone preparaty dla motoryzacji i przemys\u0142u - Wesco\",\"description\":\"\",\"publisher\":{\"@id\":\"https:\/\/wesco.pl\/#organization\"},\"alternateName\":\"Wesco \u2013 sprawdzone preparaty dla motoryzacji i przemys\u0142u\",\"potentialAction\":[{\"@type\":\"SearchAction\",\"target\":{\"@type\":\"EntryPoint\",\"urlTemplate\":\"https:\/\/wesco.pl\/?s={search_term_string}\"},\"query-input\":{\"@type\":\"PropertyValueSpecification\",\"valueRequired\":true,\"valueName\":\"search_term_string\"}}],\"inLanguage\":\"en-US\"},{\"@type\":\"Organization\",\"@id\":\"https:\/\/wesco.pl\/#organization\",\"name\":\"Wesco \u2013 sprawdzone preparaty dla motoryzacji i przemys\u0142u\",\"alternateName\":\"Wesco \u2013 producent chemii samochodowej i technicznej\",\"url\":\"https:\/\/wesco.pl\/\",\"logo\":{\"@type\":\"ImageObject\",\"inLanguage\":\"en-US\",\"@id\":\"https:\/\/wesco.pl\/#\/schema\/logo\/image\/\",\"url\":\"https:\/\/wesco.pl\/wp-content\/uploads\/2024\/12\/logo-wesco.svg\",\"contentUrl\":\"https:\/\/wesco.pl\/wp-content\/uploads\/2024\/12\/logo-wesco.svg\",\"width\":1692,\"height\":667,\"caption\":\"Wesco \u2013 sprawdzone preparaty dla motoryzacji i przemys\u0142u\"},\"image\":{\"@id\":\"https:\/\/wesco.pl\/#\/schema\/logo\/image\/\"}}]}<\/script>\n<!-- \/ Yoast SEO plugin. -->","yoast_head_json":{"title":"PRO \u2013 PREPARAT DO MYCIA SILNIK\u00d3W - Wesco \u2013 sprawdzone preparaty dla motoryzacji i przemys\u0142u","robots":{"index":"index","follow":"follow","max-snippet":"max-snippet:-1","max-image-preview":"max-image-preview:large","max-video-preview":"max-video-preview:-1"},"canonical":"https:\/\/wesco.pl\/produkt\/pro-preparat-do-mycia-silnikow\/","og_locale":"en_US","og_type":"article","og_title":"PRO \u2013 PREPARAT DO MYCIA SILNIK\u00d3W - Wesco \u2013 sprawdzone preparaty dla motoryzacji i przemys\u0142u","og_description":"PRO \u2013 preparat do mycia silnik\u00f3w to zasadowy \u015brodek czyszcz\u0105cy o silnym dzia\u0142aniu odt\u0142uszczaj\u0105cym, przeznaczony do mycia i konserwacji kom\u00f3r silnik\u00f3w oraz innych element\u00f3w metalowych nara\u017conych na zabrudzenia olejowe i smary. Dzi\u0119ki zawarto\u015bci anionowych zwi\u0105zk\u00f3w powierzchniowo czynnych, kt\u00f3re ulegaj\u0105 biodegradacji, skutecznie usuwa zanieczyszczenia, a jednocze\u015bnie jest przyjazny dla \u015brodowiska. Mo\u017ce by\u0107 stosowany tak\u017ce do mycia posadzek w gara\u017cach, warsztatach, a nawet plandek samochodowych. Dost\u0119pny w pojemno\u015bciach 1 l, 5 l i 30 l, jest odpowiedni zar\u00f3wno dla u\u017cytkownik\u00f3w indywidualnych, jak i profesjonalnych serwis\u00f3w. Dost\u0119pne pojemno\u015bci: 1L, 5L, 30L","og_url":"https:\/\/wesco.pl\/produkt\/pro-preparat-do-mycia-silnikow\/","og_site_name":"Wesco \u2013 sprawdzone preparaty dla motoryzacji i przemys\u0142u","article_modified_time":"2025-08-20T17:47:43+00:00","og_image":[{"width":800,"height":800,"url":"https:\/\/wesco.pl\/wp-content\/uploads\/2025\/03\/pro-preparat-do-mycia-silnik\u03b1w-wesco.jpg","type":"image\/jpeg"}],"twitter_card":"summary_large_image","twitter_misc":{"Est. reading time":"2 minutes"},"schema":{"@context":"https:\/\/schema.org","@graph":[{"@type":"WebPage","@id":"https:\/\/wesco.pl\/produkt\/pro-preparat-do-mycia-silnikow\/","url":"https:\/\/wesco.pl\/produkt\/pro-preparat-do-mycia-silnikow\/","name":"PRO \u2013 PREPARAT DO MYCIA SILNIK\u00d3W - Wesco \u2013 sprawdzone preparaty dla motoryzacji i przemys\u0142u","isPartOf":{"@id":"https:\/\/wesco.pl\/#website"},"primaryImageOfPage":{"@id":"https:\/\/wesco.pl\/produkt\/pro-preparat-do-mycia-silnikow\/#primaryimage"},"image":{"@id":"https:\/\/wesco.pl\/produkt\/pro-preparat-do-mycia-silnikow\/#primaryimage"},"thumbnailUrl":"https:\/\/wesco.pl\/wp-content\/uploads\/2025\/03\/pro-preparat-do-mycia-silnik\u03b1w-wesco.jpg","datePublished":"2025-02-25T11:44:36+00:00","dateModified":"2025-08-20T17:47:43+00:00","breadcrumb":{"@id":"https:\/\/wesco.pl\/produkt\/pro-preparat-do-mycia-silnikow\/#breadcrumb"},"inLanguage":"en-US","potentialAction":[{"@type":"ReadAction","target":["https:\/\/wesco.pl\/produkt\/pro-preparat-do-mycia-silnikow\/"]}]},{"@type":"ImageObject","inLanguage":"en-US","@id":"https:\/\/wesco.pl\/produkt\/pro-preparat-do-mycia-silnikow\/#primaryimage","url":"https:\/\/wesco.pl\/wp-content\/uploads\/2025\/03\/pro-preparat-do-mycia-silnik\u03b1w-wesco.jpg","contentUrl":"https:\/\/wesco.pl\/wp-content\/uploads\/2025\/03\/pro-preparat-do-mycia-silnik\u03b1w-wesco.jpg","width":800,"height":800},{"@type":"BreadcrumbList","@id":"https:\/\/wesco.pl\/produkt\/pro-preparat-do-mycia-silnikow\/#breadcrumb","itemListElement":[{"@type":"ListItem","position":1,"name":"Strona g\u0142\u00f3wna","item":"https:\/\/wesco.pl\/"},{"@type":"ListItem","position":2,"name":"[EN] Produkty","item":"https:\/\/wesco.pl\/produkty\/"},{"@type":"ListItem","position":3,"name":"PRO \u2013 PREPARAT DO MYCIA SILNIK\u00d3W"}]},{"@type":"WebSite","@id":"https:\/\/wesco.pl\/#website","url":"https:\/\/wesco.pl\/","name":"Wesco \u2013 sprawdzone preparaty dla motoryzacji i przemys\u0142u - Wesco","description":"","publisher":{"@id":"https:\/\/wesco.pl\/#organization"},"alternateName":"Wesco \u2013 sprawdzone preparaty dla motoryzacji i przemys\u0142u","potentialAction":[{"@type":"SearchAction","target":{"@type":"EntryPoint","urlTemplate":"https:\/\/wesco.pl\/?s={search_term_string}"},"query-input":{"@type":"PropertyValueSpecification","valueRequired":true,"valueName":"search_term_string"}}],"inLanguage":"en-US"},{"@type":"Organization","@id":"https:\/\/wesco.pl\/#organization","name":"Wesco \u2013 sprawdzone preparaty dla motoryzacji i przemys\u0142u","alternateName":"Wesco \u2013 producent chemii samochodowej i technicznej","url":"https:\/\/wesco.pl\/","logo":{"@type":"ImageObject","inLanguage":"en-US","@id":"https:\/\/wesco.pl\/#\/schema\/logo\/image\/","url":"https:\/\/wesco.pl\/wp-content\/uploads\/2024\/12\/logo-wesco.svg","contentUrl":"https:\/\/wesco.pl\/wp-content\/uploads\/2024\/12\/logo-wesco.svg","width":1692,"height":667,"caption":"Wesco \u2013 sprawdzone preparaty dla motoryzacji i przemys\u0142u"},"image":{"@id":"https:\/\/wesco.pl\/#\/schema\/logo\/image\/"}}]}},"mfb_rest_fields":["title","yoast_head","yoast_head_json"],"_links":{"self":[{"href":"https:\/\/wesco.pl\/en\/wp-json\/wp\/v2\/product\/1162","targetHints":{"allow":["GET"]}}],"collection":[{"href":"https:\/\/wesco.pl\/en\/wp-json\/wp\/v2\/product"}],"about":[{"href":"https:\/\/wesco.pl\/en\/wp-json\/wp\/v2\/types\/product"}],"wp:featuredmedia":[{"embeddable":true,"href":"https:\/\/wesco.pl\/en\/wp-json\/wp\/v2\/media\/2009"}],"wp:attachment":[{"href":"https:\/\/wesco.pl\/en\/wp-json\/wp\/v2\/media?parent=1162"}],"wp:term":[{"taxonomy":"product_brand","embeddable":true,"href":"https:\/\/wesco.pl\/en\/wp-json\/wp\/v2\/product_brand?post=1162"},{"taxonomy":"product_cat","embeddable":true,"href":"https:\/\/wesco.pl\/en\/wp-json\/wp\/v2\/product_cat?post=1162"},{"taxonomy":"product_tag","embeddable":true,"href":"https:\/\/wesco.pl\/en\/wp-json\/wp\/v2\/product_tag?post=1162"}],"curies":[{"name":"wp","href":"https:\/\/api.w.org\/{rel}","templated":true}]}}