{"id":2149,"date":"2025-04-02T09:07:51","date_gmt":"2025-04-02T09:07:51","guid":{"rendered":"https:\/\/wesco.pl\/?post_type=product&#038;p=2149"},"modified":"2025-04-02T09:08:06","modified_gmt":"2025-04-02T09:08:06","slug":"ptfe-suchy-smar","status":"publish","type":"product","link":"https:\/\/wesco.pl\/en\/product\/ptfe-suchy-smar\/","title":{"rendered":"PTFE SUCHY SMAR"},"content":{"rendered":"","protected":false},"excerpt":{"rendered":"<p class=\"\" data-start=\"54\" data-end=\"620\">Nie zawiera silikonu. Zalecany do smarowania narz\u0119dzi do obr\u00f3bki materia\u0142\u00f3w plastikowych; z\u0142\u0105cz gwintowych; zawias\u00f3w drzwi samochodowych; uszczelek i cz\u0119\u015bci poddanych dzia\u0142aniu wysokiego ci\u015bnienia i temperatury. Wykorzystywany do smarowania zamk\u00f3w i innych mechanizm\u00f3w, narz\u0119dzi ogrodniczych, \u0142a\u0144cuch\u00f3w rowerowych. Mo\u017ce by\u0107 stosowany jako \u015brodek zapobiegaj\u0105cy przyleganiu do materia\u0142\u00f3w plastikowych i gumowych. Odporny na dzia\u0142anie wody, benzyny, oleju, \u0142ugu, \u015brodowiska kwa\u015bnego. PTFE utrzymuje swoje w\u0142a\u015bciwo\u015bci w zakresie od \u221235\u00b0C do +125\u00b0C.<\/p>\n<p class=\"\" data-start=\"625\" data-end=\"649\"><strong data-start=\"625\" data-end=\"649\">Dost\u0119pne pojemno\u015bci: <\/strong>400 ml<\/p>\n","protected":false},"featured_media":2011,"template":"","meta":{"_acf_changed":false,"_eb_attr":""},"product_brand":[],"product_cat":[57],"product_tag":[],"class_list":{"0":"post-2149","1":"product","2":"type-product","3":"status-publish","4":"has-post-thumbnail","6":"product_cat-chemia-techniczna","8":"first","9":"instock","10":"shipping-taxable","11":"product-type-simple"},"acf":[],"mb":[],"yoast_head":"<!-- This site is optimized with the Yoast SEO plugin v27.1.1 - https:\/\/yoast.com\/product\/yoast-seo-wordpress\/ -->\n<title>PTFE SUCHY SMAR - Wesco \u2013 sprawdzone preparaty dla motoryzacji i przemys\u0142u<\/title>\n<meta name=\"robots\" content=\"index, follow, max-snippet:-1, max-image-preview:large, max-video-preview:-1\" \/>\n<link rel=\"canonical\" href=\"https:\/\/wesco.pl\/produkt\/ptfe-suchy-smar\/\" \/>\n<meta property=\"og:locale\" content=\"en_US\" \/>\n<meta property=\"og:type\" content=\"article\" \/>\n<meta property=\"og:title\" content=\"PTFE SUCHY SMAR - Wesco \u2013 sprawdzone preparaty dla motoryzacji i przemys\u0142u\" \/>\n<meta property=\"og:description\" content=\"Nie zawiera silikonu. Zalecany do smarowania narz\u0119dzi do obr\u00f3bki materia\u0142\u00f3w plastikowych; z\u0142\u0105cz gwintowych; zawias\u00f3w drzwi samochodowych; uszczelek i cz\u0119\u015bci poddanych dzia\u0142aniu wysokiego ci\u015bnienia i temperatury. Wykorzystywany do smarowania zamk\u00f3w i innych mechanizm\u00f3w, narz\u0119dzi ogrodniczych, \u0142a\u0144cuch\u00f3w rowerowych. Mo\u017ce by\u0107 stosowany jako \u015brodek zapobiegaj\u0105cy przyleganiu do materia\u0142\u00f3w plastikowych i gumowych. Odporny na dzia\u0142anie wody, benzyny, oleju, \u0142ugu, \u015brodowiska kwa\u015bnego. PTFE utrzymuje swoje w\u0142a\u015bciwo\u015bci w zakresie od \u221235\u00b0C do +125\u00b0C.   Dost\u0119pne pojemno\u015bci: 400 ml\" \/>\n<meta property=\"og:url\" content=\"https:\/\/wesco.pl\/produkt\/ptfe-suchy-smar\/\" \/>\n<meta property=\"og:site_name\" content=\"Wesco \u2013 sprawdzone preparaty dla motoryzacji i przemys\u0142u\" \/>\n<meta property=\"article:modified_time\" content=\"2025-04-02T09:08:06+00:00\" \/>\n<meta property=\"og:image\" content=\"https:\/\/wesco.pl\/wp-content\/uploads\/2025\/03\/ptfe-suchy-smar-wesco.jpg\" \/>\n\t<meta property=\"og:image:width\" content=\"800\" \/>\n\t<meta property=\"og:image:height\" content=\"800\" \/>\n\t<meta property=\"og:image:type\" content=\"image\/jpeg\" \/>\n<meta name=\"twitter:card\" content=\"summary_large_image\" \/>\n<script type=\"application\/ld+json\" class=\"yoast-schema-graph\">{\"@context\":\"https:\/\/schema.org\",\"@graph\":[{\"@type\":\"WebPage\",\"@id\":\"https:\/\/wesco.pl\/produkt\/ptfe-suchy-smar\/\",\"url\":\"https:\/\/wesco.pl\/produkt\/ptfe-suchy-smar\/\",\"name\":\"PTFE SUCHY SMAR - Wesco \u2013 sprawdzone preparaty dla motoryzacji i przemys\u0142u\",\"isPartOf\":{\"@id\":\"https:\/\/wesco.pl\/#website\"},\"primaryImageOfPage\":{\"@id\":\"https:\/\/wesco.pl\/produkt\/ptfe-suchy-smar\/#primaryimage\"},\"image\":{\"@id\":\"https:\/\/wesco.pl\/produkt\/ptfe-suchy-smar\/#primaryimage\"},\"thumbnailUrl\":\"https:\/\/wesco.pl\/wp-content\/uploads\/2025\/03\/ptfe-suchy-smar-wesco.jpg\",\"datePublished\":\"2025-04-02T09:07:51+00:00\",\"dateModified\":\"2025-04-02T09:08:06+00:00\",\"breadcrumb\":{\"@id\":\"https:\/\/wesco.pl\/produkt\/ptfe-suchy-smar\/#breadcrumb\"},\"inLanguage\":\"en-US\",\"potentialAction\":[{\"@type\":\"ReadAction\",\"target\":[\"https:\/\/wesco.pl\/produkt\/ptfe-suchy-smar\/\"]}]},{\"@type\":\"ImageObject\",\"inLanguage\":\"en-US\",\"@id\":\"https:\/\/wesco.pl\/produkt\/ptfe-suchy-smar\/#primaryimage\",\"url\":\"https:\/\/wesco.pl\/wp-content\/uploads\/2025\/03\/ptfe-suchy-smar-wesco.jpg\",\"contentUrl\":\"https:\/\/wesco.pl\/wp-content\/uploads\/2025\/03\/ptfe-suchy-smar-wesco.jpg\",\"width\":800,\"height\":800},{\"@type\":\"BreadcrumbList\",\"@id\":\"https:\/\/wesco.pl\/produkt\/ptfe-suchy-smar\/#breadcrumb\",\"itemListElement\":[{\"@type\":\"ListItem\",\"position\":1,\"name\":\"Strona g\u0142\u00f3wna\",\"item\":\"https:\/\/wesco.pl\/\"},{\"@type\":\"ListItem\",\"position\":2,\"name\":\"[EN] Produkty\",\"item\":\"https:\/\/wesco.pl\/produkty\/\"},{\"@type\":\"ListItem\",\"position\":3,\"name\":\"PTFE SUCHY SMAR\"}]},{\"@type\":\"WebSite\",\"@id\":\"https:\/\/wesco.pl\/#website\",\"url\":\"https:\/\/wesco.pl\/\",\"name\":\"Wesco \u2013 sprawdzone preparaty dla motoryzacji i przemys\u0142u - Wesco\",\"description\":\"\",\"publisher\":{\"@id\":\"https:\/\/wesco.pl\/#organization\"},\"alternateName\":\"Wesco \u2013 sprawdzone preparaty dla motoryzacji i przemys\u0142u\",\"potentialAction\":[{\"@type\":\"SearchAction\",\"target\":{\"@type\":\"EntryPoint\",\"urlTemplate\":\"https:\/\/wesco.pl\/?s={search_term_string}\"},\"query-input\":{\"@type\":\"PropertyValueSpecification\",\"valueRequired\":true,\"valueName\":\"search_term_string\"}}],\"inLanguage\":\"en-US\"},{\"@type\":\"Organization\",\"@id\":\"https:\/\/wesco.pl\/#organization\",\"name\":\"Wesco \u2013 sprawdzone preparaty dla motoryzacji i przemys\u0142u\",\"alternateName\":\"Wesco \u2013 producent chemii samochodowej i technicznej\",\"url\":\"https:\/\/wesco.pl\/\",\"logo\":{\"@type\":\"ImageObject\",\"inLanguage\":\"en-US\",\"@id\":\"https:\/\/wesco.pl\/#\/schema\/logo\/image\/\",\"url\":\"https:\/\/wesco.pl\/wp-content\/uploads\/2024\/12\/logo-wesco.svg\",\"contentUrl\":\"https:\/\/wesco.pl\/wp-content\/uploads\/2024\/12\/logo-wesco.svg\",\"width\":1692,\"height\":667,\"caption\":\"Wesco \u2013 sprawdzone preparaty dla motoryzacji i przemys\u0142u\"},\"image\":{\"@id\":\"https:\/\/wesco.pl\/#\/schema\/logo\/image\/\"}}]}<\/script>\n<!-- \/ Yoast SEO plugin. -->","yoast_head_json":{"title":"PTFE SUCHY SMAR - Wesco \u2013 sprawdzone preparaty dla motoryzacji i przemys\u0142u","robots":{"index":"index","follow":"follow","max-snippet":"max-snippet:-1","max-image-preview":"max-image-preview:large","max-video-preview":"max-video-preview:-1"},"canonical":"https:\/\/wesco.pl\/produkt\/ptfe-suchy-smar\/","og_locale":"en_US","og_type":"article","og_title":"PTFE SUCHY SMAR - Wesco \u2013 sprawdzone preparaty dla motoryzacji i przemys\u0142u","og_description":"Nie zawiera silikonu. Zalecany do smarowania narz\u0119dzi do obr\u00f3bki materia\u0142\u00f3w plastikowych; z\u0142\u0105cz gwintowych; zawias\u00f3w drzwi samochodowych; uszczelek i cz\u0119\u015bci poddanych dzia\u0142aniu wysokiego ci\u015bnienia i temperatury. Wykorzystywany do smarowania zamk\u00f3w i innych mechanizm\u00f3w, narz\u0119dzi ogrodniczych, \u0142a\u0144cuch\u00f3w rowerowych. Mo\u017ce by\u0107 stosowany jako \u015brodek zapobiegaj\u0105cy przyleganiu do materia\u0142\u00f3w plastikowych i gumowych. Odporny na dzia\u0142anie wody, benzyny, oleju, \u0142ugu, \u015brodowiska kwa\u015bnego. PTFE utrzymuje swoje w\u0142a\u015bciwo\u015bci w zakresie od \u221235\u00b0C do +125\u00b0C.   Dost\u0119pne pojemno\u015bci: 400 ml","og_url":"https:\/\/wesco.pl\/produkt\/ptfe-suchy-smar\/","og_site_name":"Wesco \u2013 sprawdzone preparaty dla motoryzacji i przemys\u0142u","article_modified_time":"2025-04-02T09:08:06+00:00","og_image":[{"width":800,"height":800,"url":"https:\/\/wesco.pl\/wp-content\/uploads\/2025\/03\/ptfe-suchy-smar-wesco.jpg","type":"image\/jpeg"}],"twitter_card":"summary_large_image","schema":{"@context":"https:\/\/schema.org","@graph":[{"@type":"WebPage","@id":"https:\/\/wesco.pl\/produkt\/ptfe-suchy-smar\/","url":"https:\/\/wesco.pl\/produkt\/ptfe-suchy-smar\/","name":"PTFE SUCHY SMAR - Wesco \u2013 sprawdzone preparaty dla motoryzacji i przemys\u0142u","isPartOf":{"@id":"https:\/\/wesco.pl\/#website"},"primaryImageOfPage":{"@id":"https:\/\/wesco.pl\/produkt\/ptfe-suchy-smar\/#primaryimage"},"image":{"@id":"https:\/\/wesco.pl\/produkt\/ptfe-suchy-smar\/#primaryimage"},"thumbnailUrl":"https:\/\/wesco.pl\/wp-content\/uploads\/2025\/03\/ptfe-suchy-smar-wesco.jpg","datePublished":"2025-04-02T09:07:51+00:00","dateModified":"2025-04-02T09:08:06+00:00","breadcrumb":{"@id":"https:\/\/wesco.pl\/produkt\/ptfe-suchy-smar\/#breadcrumb"},"inLanguage":"en-US","potentialAction":[{"@type":"ReadAction","target":["https:\/\/wesco.pl\/produkt\/ptfe-suchy-smar\/"]}]},{"@type":"ImageObject","inLanguage":"en-US","@id":"https:\/\/wesco.pl\/produkt\/ptfe-suchy-smar\/#primaryimage","url":"https:\/\/wesco.pl\/wp-content\/uploads\/2025\/03\/ptfe-suchy-smar-wesco.jpg","contentUrl":"https:\/\/wesco.pl\/wp-content\/uploads\/2025\/03\/ptfe-suchy-smar-wesco.jpg","width":800,"height":800},{"@type":"BreadcrumbList","@id":"https:\/\/wesco.pl\/produkt\/ptfe-suchy-smar\/#breadcrumb","itemListElement":[{"@type":"ListItem","position":1,"name":"Strona g\u0142\u00f3wna","item":"https:\/\/wesco.pl\/"},{"@type":"ListItem","position":2,"name":"[EN] Produkty","item":"https:\/\/wesco.pl\/produkty\/"},{"@type":"ListItem","position":3,"name":"PTFE SUCHY SMAR"}]},{"@type":"WebSite","@id":"https:\/\/wesco.pl\/#website","url":"https:\/\/wesco.pl\/","name":"Wesco \u2013 sprawdzone preparaty dla motoryzacji i przemys\u0142u - Wesco","description":"","publisher":{"@id":"https:\/\/wesco.pl\/#organization"},"alternateName":"Wesco \u2013 sprawdzone preparaty dla motoryzacji i przemys\u0142u","potentialAction":[{"@type":"SearchAction","target":{"@type":"EntryPoint","urlTemplate":"https:\/\/wesco.pl\/?s={search_term_string}"},"query-input":{"@type":"PropertyValueSpecification","valueRequired":true,"valueName":"search_term_string"}}],"inLanguage":"en-US"},{"@type":"Organization","@id":"https:\/\/wesco.pl\/#organization","name":"Wesco \u2013 sprawdzone preparaty dla motoryzacji i przemys\u0142u","alternateName":"Wesco \u2013 producent chemii samochodowej i technicznej","url":"https:\/\/wesco.pl\/","logo":{"@type":"ImageObject","inLanguage":"en-US","@id":"https:\/\/wesco.pl\/#\/schema\/logo\/image\/","url":"https:\/\/wesco.pl\/wp-content\/uploads\/2024\/12\/logo-wesco.svg","contentUrl":"https:\/\/wesco.pl\/wp-content\/uploads\/2024\/12\/logo-wesco.svg","width":1692,"height":667,"caption":"Wesco \u2013 sprawdzone preparaty dla motoryzacji i przemys\u0142u"},"image":{"@id":"https:\/\/wesco.pl\/#\/schema\/logo\/image\/"}}]}},"mfb_rest_fields":["title","yoast_head","yoast_head_json"],"_links":{"self":[{"href":"https:\/\/wesco.pl\/en\/wp-json\/wp\/v2\/product\/2149","targetHints":{"allow":["GET"]}}],"collection":[{"href":"https:\/\/wesco.pl\/en\/wp-json\/wp\/v2\/product"}],"about":[{"href":"https:\/\/wesco.pl\/en\/wp-json\/wp\/v2\/types\/product"}],"wp:featuredmedia":[{"embeddable":true,"href":"https:\/\/wesco.pl\/en\/wp-json\/wp\/v2\/media\/2011"}],"wp:attachment":[{"href":"https:\/\/wesco.pl\/en\/wp-json\/wp\/v2\/media?parent=2149"}],"wp:term":[{"taxonomy":"product_brand","embeddable":true,"href":"https:\/\/wesco.pl\/en\/wp-json\/wp\/v2\/product_brand?post=2149"},{"taxonomy":"product_cat","embeddable":true,"href":"https:\/\/wesco.pl\/en\/wp-json\/wp\/v2\/product_cat?post=2149"},{"taxonomy":"product_tag","embeddable":true,"href":"https:\/\/wesco.pl\/en\/wp-json\/wp\/v2\/product_tag?post=2149"}],"curies":[{"name":"wp","href":"https:\/\/api.w.org\/{rel}","templated":true}]}}