{"id":2150,"date":"2025-04-02T09:09:29","date_gmt":"2025-04-02T09:09:29","guid":{"rendered":"https:\/\/wesco.pl\/?post_type=product&#038;p=2150"},"modified":"2025-04-02T12:12:35","modified_gmt":"2025-04-02T12:12:35","slug":"gall-44-smar-syntetyczny-do-lancuchow","status":"publish","type":"product","link":"https:\/\/wesco.pl\/en\/product\/gall-44-smar-syntetyczny-do-lancuchow\/","title":{"rendered":"GALL-44 SMAR SYNTETYCZNY DO \u0141A\u0143CUCH\u00d3W"},"content":{"rendered":"","protected":false},"excerpt":{"rendered":"<p class=\"\" data-start=\"41\" data-end=\"412\">\u015arodek do smarowania i konserwacji \u0142a\u0144cuch\u00f3w rower\u00f3w, w\u00f3zk\u00f3w wid\u0142owych, motocykli, d\u017awig\u00f3w, maszyn, p\u00f3\u0142otwartych przek\u0142adni z\u0119batych, prowadnic, lin stalowych i ci\u0119gie\u0142. Zabezpiecza mechanizmy przed dzia\u0142aniem wody oraz czynnik\u00f3w atmosferycznych. Posiada dobr\u0105 przyczepno\u015b\u0107, ogranicza zu\u017cycie wsp\u00f3\u0142pracuj\u0105cych urz\u0105dze\u0144 tn\u0105cych.<\/p>\n<p class=\"\" data-start=\"417\" data-end=\"441\"><strong data-start=\"417\" data-end=\"441\">Dost\u0119pne pojemno\u015bci:\u00a0<\/strong>400 ml<\/p>\n","protected":false},"featured_media":2171,"template":"","meta":{"_acf_changed":false,"_eb_attr":""},"product_brand":[],"product_cat":[57],"product_tag":[],"class_list":{"0":"post-2150","1":"product","2":"type-product","3":"status-publish","4":"has-post-thumbnail","6":"product_cat-chemia-techniczna","8":"first","9":"instock","10":"shipping-taxable","11":"product-type-simple"},"acf":[],"mb":[],"yoast_head":"<!-- This site is optimized with the Yoast SEO plugin v27.1.1 - https:\/\/yoast.com\/product\/yoast-seo-wordpress\/ -->\n<title>GALL-44 SMAR SYNTETYCZNY DO \u0141A\u0143CUCH\u00d3W - Wesco \u2013 sprawdzone preparaty dla motoryzacji i przemys\u0142u<\/title>\n<meta name=\"robots\" content=\"index, follow, max-snippet:-1, max-image-preview:large, max-video-preview:-1\" \/>\n<link rel=\"canonical\" href=\"https:\/\/wesco.pl\/produkt\/gall-44-smar-syntetyczny-do-lancuchow\/\" \/>\n<meta property=\"og:locale\" content=\"en_US\" \/>\n<meta property=\"og:type\" content=\"article\" \/>\n<meta property=\"og:title\" content=\"GALL-44 SMAR SYNTETYCZNY DO \u0141A\u0143CUCH\u00d3W - Wesco \u2013 sprawdzone preparaty dla motoryzacji i przemys\u0142u\" \/>\n<meta property=\"og:description\" content=\"\u015arodek do smarowania i konserwacji \u0142a\u0144cuch\u00f3w rower\u00f3w, w\u00f3zk\u00f3w wid\u0142owych, motocykli, d\u017awig\u00f3w, maszyn, p\u00f3\u0142otwartych przek\u0142adni z\u0119batych, prowadnic, lin stalowych i ci\u0119gie\u0142. Zabezpiecza mechanizmy przed dzia\u0142aniem wody oraz czynnik\u00f3w atmosferycznych. Posiada dobr\u0105 przyczepno\u015b\u0107, ogranicza zu\u017cycie wsp\u00f3\u0142pracuj\u0105cych urz\u0105dze\u0144 tn\u0105cych. Dost\u0119pne pojemno\u015bci:\u00a0400 ml\" \/>\n<meta property=\"og:url\" content=\"https:\/\/wesco.pl\/produkt\/gall-44-smar-syntetyczny-do-lancuchow\/\" \/>\n<meta property=\"og:site_name\" content=\"Wesco \u2013 sprawdzone preparaty dla motoryzacji i przemys\u0142u\" \/>\n<meta property=\"article:modified_time\" content=\"2025-04-02T12:12:35+00:00\" \/>\n<meta property=\"og:image\" content=\"https:\/\/wesco.pl\/wp-content\/uploads\/2025\/04\/gall-44-smar-syntetyczny.jpg\" \/>\n\t<meta property=\"og:image:width\" content=\"800\" \/>\n\t<meta property=\"og:image:height\" content=\"800\" \/>\n\t<meta property=\"og:image:type\" content=\"image\/jpeg\" \/>\n<meta name=\"twitter:card\" content=\"summary_large_image\" \/>\n<script type=\"application\/ld+json\" class=\"yoast-schema-graph\">{\"@context\":\"https:\/\/schema.org\",\"@graph\":[{\"@type\":\"WebPage\",\"@id\":\"https:\/\/wesco.pl\/produkt\/gall-44-smar-syntetyczny-do-lancuchow\/\",\"url\":\"https:\/\/wesco.pl\/produkt\/gall-44-smar-syntetyczny-do-lancuchow\/\",\"name\":\"GALL-44 SMAR SYNTETYCZNY DO \u0141A\u0143CUCH\u00d3W - Wesco \u2013 sprawdzone preparaty dla motoryzacji i przemys\u0142u\",\"isPartOf\":{\"@id\":\"https:\/\/wesco.pl\/#website\"},\"primaryImageOfPage\":{\"@id\":\"https:\/\/wesco.pl\/produkt\/gall-44-smar-syntetyczny-do-lancuchow\/#primaryimage\"},\"image\":{\"@id\":\"https:\/\/wesco.pl\/produkt\/gall-44-smar-syntetyczny-do-lancuchow\/#primaryimage\"},\"thumbnailUrl\":\"https:\/\/wesco.pl\/wp-content\/uploads\/2025\/04\/gall-44-smar-syntetyczny.jpg\",\"datePublished\":\"2025-04-02T09:09:29+00:00\",\"dateModified\":\"2025-04-02T12:12:35+00:00\",\"breadcrumb\":{\"@id\":\"https:\/\/wesco.pl\/produkt\/gall-44-smar-syntetyczny-do-lancuchow\/#breadcrumb\"},\"inLanguage\":\"en-US\",\"potentialAction\":[{\"@type\":\"ReadAction\",\"target\":[\"https:\/\/wesco.pl\/produkt\/gall-44-smar-syntetyczny-do-lancuchow\/\"]}]},{\"@type\":\"ImageObject\",\"inLanguage\":\"en-US\",\"@id\":\"https:\/\/wesco.pl\/produkt\/gall-44-smar-syntetyczny-do-lancuchow\/#primaryimage\",\"url\":\"https:\/\/wesco.pl\/wp-content\/uploads\/2025\/04\/gall-44-smar-syntetyczny.jpg\",\"contentUrl\":\"https:\/\/wesco.pl\/wp-content\/uploads\/2025\/04\/gall-44-smar-syntetyczny.jpg\",\"width\":800,\"height\":800},{\"@type\":\"BreadcrumbList\",\"@id\":\"https:\/\/wesco.pl\/produkt\/gall-44-smar-syntetyczny-do-lancuchow\/#breadcrumb\",\"itemListElement\":[{\"@type\":\"ListItem\",\"position\":1,\"name\":\"Strona g\u0142\u00f3wna\",\"item\":\"https:\/\/wesco.pl\/\"},{\"@type\":\"ListItem\",\"position\":2,\"name\":\"[EN] Produkty\",\"item\":\"https:\/\/wesco.pl\/produkty\/\"},{\"@type\":\"ListItem\",\"position\":3,\"name\":\"GALL-44 SMAR SYNTETYCZNY DO \u0141A\u0143CUCH\u00d3W\"}]},{\"@type\":\"WebSite\",\"@id\":\"https:\/\/wesco.pl\/#website\",\"url\":\"https:\/\/wesco.pl\/\",\"name\":\"Wesco \u2013 sprawdzone preparaty dla motoryzacji i przemys\u0142u - Wesco\",\"description\":\"\",\"publisher\":{\"@id\":\"https:\/\/wesco.pl\/#organization\"},\"alternateName\":\"Wesco \u2013 sprawdzone preparaty dla motoryzacji i przemys\u0142u\",\"potentialAction\":[{\"@type\":\"SearchAction\",\"target\":{\"@type\":\"EntryPoint\",\"urlTemplate\":\"https:\/\/wesco.pl\/?s={search_term_string}\"},\"query-input\":{\"@type\":\"PropertyValueSpecification\",\"valueRequired\":true,\"valueName\":\"search_term_string\"}}],\"inLanguage\":\"en-US\"},{\"@type\":\"Organization\",\"@id\":\"https:\/\/wesco.pl\/#organization\",\"name\":\"Wesco \u2013 sprawdzone preparaty dla motoryzacji i przemys\u0142u\",\"alternateName\":\"Wesco \u2013 producent chemii samochodowej i technicznej\",\"url\":\"https:\/\/wesco.pl\/\",\"logo\":{\"@type\":\"ImageObject\",\"inLanguage\":\"en-US\",\"@id\":\"https:\/\/wesco.pl\/#\/schema\/logo\/image\/\",\"url\":\"https:\/\/wesco.pl\/wp-content\/uploads\/2024\/12\/logo-wesco.svg\",\"contentUrl\":\"https:\/\/wesco.pl\/wp-content\/uploads\/2024\/12\/logo-wesco.svg\",\"width\":1692,\"height\":667,\"caption\":\"Wesco \u2013 sprawdzone preparaty dla motoryzacji i przemys\u0142u\"},\"image\":{\"@id\":\"https:\/\/wesco.pl\/#\/schema\/logo\/image\/\"}}]}<\/script>\n<!-- \/ Yoast SEO plugin. -->","yoast_head_json":{"title":"GALL-44 SMAR SYNTETYCZNY DO \u0141A\u0143CUCH\u00d3W - Wesco \u2013 sprawdzone preparaty dla motoryzacji i przemys\u0142u","robots":{"index":"index","follow":"follow","max-snippet":"max-snippet:-1","max-image-preview":"max-image-preview:large","max-video-preview":"max-video-preview:-1"},"canonical":"https:\/\/wesco.pl\/produkt\/gall-44-smar-syntetyczny-do-lancuchow\/","og_locale":"en_US","og_type":"article","og_title":"GALL-44 SMAR SYNTETYCZNY DO \u0141A\u0143CUCH\u00d3W - Wesco \u2013 sprawdzone preparaty dla motoryzacji i przemys\u0142u","og_description":"\u015arodek do smarowania i konserwacji \u0142a\u0144cuch\u00f3w rower\u00f3w, w\u00f3zk\u00f3w wid\u0142owych, motocykli, d\u017awig\u00f3w, maszyn, p\u00f3\u0142otwartych przek\u0142adni z\u0119batych, prowadnic, lin stalowych i ci\u0119gie\u0142. Zabezpiecza mechanizmy przed dzia\u0142aniem wody oraz czynnik\u00f3w atmosferycznych. Posiada dobr\u0105 przyczepno\u015b\u0107, ogranicza zu\u017cycie wsp\u00f3\u0142pracuj\u0105cych urz\u0105dze\u0144 tn\u0105cych. Dost\u0119pne pojemno\u015bci:\u00a0400 ml","og_url":"https:\/\/wesco.pl\/produkt\/gall-44-smar-syntetyczny-do-lancuchow\/","og_site_name":"Wesco \u2013 sprawdzone preparaty dla motoryzacji i przemys\u0142u","article_modified_time":"2025-04-02T12:12:35+00:00","og_image":[{"width":800,"height":800,"url":"https:\/\/wesco.pl\/wp-content\/uploads\/2025\/04\/gall-44-smar-syntetyczny.jpg","type":"image\/jpeg"}],"twitter_card":"summary_large_image","schema":{"@context":"https:\/\/schema.org","@graph":[{"@type":"WebPage","@id":"https:\/\/wesco.pl\/produkt\/gall-44-smar-syntetyczny-do-lancuchow\/","url":"https:\/\/wesco.pl\/produkt\/gall-44-smar-syntetyczny-do-lancuchow\/","name":"GALL-44 SMAR SYNTETYCZNY DO \u0141A\u0143CUCH\u00d3W - Wesco \u2013 sprawdzone preparaty dla motoryzacji i przemys\u0142u","isPartOf":{"@id":"https:\/\/wesco.pl\/#website"},"primaryImageOfPage":{"@id":"https:\/\/wesco.pl\/produkt\/gall-44-smar-syntetyczny-do-lancuchow\/#primaryimage"},"image":{"@id":"https:\/\/wesco.pl\/produkt\/gall-44-smar-syntetyczny-do-lancuchow\/#primaryimage"},"thumbnailUrl":"https:\/\/wesco.pl\/wp-content\/uploads\/2025\/04\/gall-44-smar-syntetyczny.jpg","datePublished":"2025-04-02T09:09:29+00:00","dateModified":"2025-04-02T12:12:35+00:00","breadcrumb":{"@id":"https:\/\/wesco.pl\/produkt\/gall-44-smar-syntetyczny-do-lancuchow\/#breadcrumb"},"inLanguage":"en-US","potentialAction":[{"@type":"ReadAction","target":["https:\/\/wesco.pl\/produkt\/gall-44-smar-syntetyczny-do-lancuchow\/"]}]},{"@type":"ImageObject","inLanguage":"en-US","@id":"https:\/\/wesco.pl\/produkt\/gall-44-smar-syntetyczny-do-lancuchow\/#primaryimage","url":"https:\/\/wesco.pl\/wp-content\/uploads\/2025\/04\/gall-44-smar-syntetyczny.jpg","contentUrl":"https:\/\/wesco.pl\/wp-content\/uploads\/2025\/04\/gall-44-smar-syntetyczny.jpg","width":800,"height":800},{"@type":"BreadcrumbList","@id":"https:\/\/wesco.pl\/produkt\/gall-44-smar-syntetyczny-do-lancuchow\/#breadcrumb","itemListElement":[{"@type":"ListItem","position":1,"name":"Strona g\u0142\u00f3wna","item":"https:\/\/wesco.pl\/"},{"@type":"ListItem","position":2,"name":"[EN] Produkty","item":"https:\/\/wesco.pl\/produkty\/"},{"@type":"ListItem","position":3,"name":"GALL-44 SMAR SYNTETYCZNY DO \u0141A\u0143CUCH\u00d3W"}]},{"@type":"WebSite","@id":"https:\/\/wesco.pl\/#website","url":"https:\/\/wesco.pl\/","name":"Wesco \u2013 sprawdzone preparaty dla motoryzacji i przemys\u0142u - Wesco","description":"","publisher":{"@id":"https:\/\/wesco.pl\/#organization"},"alternateName":"Wesco \u2013 sprawdzone preparaty dla motoryzacji i przemys\u0142u","potentialAction":[{"@type":"SearchAction","target":{"@type":"EntryPoint","urlTemplate":"https:\/\/wesco.pl\/?s={search_term_string}"},"query-input":{"@type":"PropertyValueSpecification","valueRequired":true,"valueName":"search_term_string"}}],"inLanguage":"en-US"},{"@type":"Organization","@id":"https:\/\/wesco.pl\/#organization","name":"Wesco \u2013 sprawdzone preparaty dla motoryzacji i przemys\u0142u","alternateName":"Wesco \u2013 producent chemii samochodowej i technicznej","url":"https:\/\/wesco.pl\/","logo":{"@type":"ImageObject","inLanguage":"en-US","@id":"https:\/\/wesco.pl\/#\/schema\/logo\/image\/","url":"https:\/\/wesco.pl\/wp-content\/uploads\/2024\/12\/logo-wesco.svg","contentUrl":"https:\/\/wesco.pl\/wp-content\/uploads\/2024\/12\/logo-wesco.svg","width":1692,"height":667,"caption":"Wesco \u2013 sprawdzone preparaty dla motoryzacji i przemys\u0142u"},"image":{"@id":"https:\/\/wesco.pl\/#\/schema\/logo\/image\/"}}]}},"mfb_rest_fields":["title","yoast_head","yoast_head_json"],"_links":{"self":[{"href":"https:\/\/wesco.pl\/en\/wp-json\/wp\/v2\/product\/2150","targetHints":{"allow":["GET"]}}],"collection":[{"href":"https:\/\/wesco.pl\/en\/wp-json\/wp\/v2\/product"}],"about":[{"href":"https:\/\/wesco.pl\/en\/wp-json\/wp\/v2\/types\/product"}],"wp:featuredmedia":[{"embeddable":true,"href":"https:\/\/wesco.pl\/en\/wp-json\/wp\/v2\/media\/2171"}],"wp:attachment":[{"href":"https:\/\/wesco.pl\/en\/wp-json\/wp\/v2\/media?parent=2150"}],"wp:term":[{"taxonomy":"product_brand","embeddable":true,"href":"https:\/\/wesco.pl\/en\/wp-json\/wp\/v2\/product_brand?post=2150"},{"taxonomy":"product_cat","embeddable":true,"href":"https:\/\/wesco.pl\/en\/wp-json\/wp\/v2\/product_cat?post=2150"},{"taxonomy":"product_tag","embeddable":true,"href":"https:\/\/wesco.pl\/en\/wp-json\/wp\/v2\/product_tag?post=2150"}],"curies":[{"name":"wp","href":"https:\/\/api.w.org\/{rel}","templated":true}]}}