{"id":2157,"date":"2025-04-02T11:30:07","date_gmt":"2025-04-02T11:30:07","guid":{"rendered":"https:\/\/wesco.pl\/?post_type=product&#038;p=2157"},"modified":"2025-04-02T11:30:07","modified_gmt":"2025-04-02T11:30:07","slug":"styk-05-preparat-do-stykow","status":"publish","type":"product","link":"https:\/\/wesco.pl\/en\/product\/styk-05-preparat-do-stykow\/","title":{"rendered":"STYK 05 PREPARAT DO STYK\u00d3W"},"content":{"rendered":"","protected":false},"excerpt":{"rendered":"<p class=\"\" data-start=\"40\" data-end=\"609\">Preparat przeznaczony do czyszczenia i ochrony przed korozj\u0105 styk\u00f3w i element\u00f3w elektromechanicznych. Rozpuszcza nalot z tlenk\u00f3w i siarczk\u00f3w oraz zapobiega ich powstawaniu. Ma zastosowanie w telekomunikacji, elektryce i elektronice samochodowej, sprz\u0119cie biurowym, automatyce przemys\u0142owej, technice wojskowej. Posiada doskona\u0142e w\u0142a\u015bciwo\u015bci czyszcz\u0105ce, smaruj\u0105ce i antykorozyjne. Zabezpiecza styki przed wilgoci\u0105. Nie tworzy emulsji z wod\u0105. Najkorzystniej jest u\u017cy\u0107 go do styk\u00f3w wcze\u015bniej oczyszczonych i przemytych preparatem IPA WESCO.<\/p>\n<p class=\"\" data-start=\"614\" data-end=\"638\"><strong data-start=\"614\" data-end=\"638\">Dost\u0119pne pojemno\u015bci: <\/strong>400 ml<\/p>\n","protected":false},"featured_media":2025,"template":"","meta":{"_acf_changed":false,"_eb_attr":""},"product_brand":[],"product_cat":[57],"product_tag":[],"class_list":{"0":"post-2157","1":"product","2":"type-product","3":"status-publish","4":"has-post-thumbnail","6":"product_cat-chemia-techniczna","8":"first","9":"instock","10":"shipping-taxable","11":"product-type-simple"},"acf":[],"mb":[],"yoast_head":"<!-- This site is optimized with the Yoast SEO plugin v27.1.1 - https:\/\/yoast.com\/product\/yoast-seo-wordpress\/ -->\n<title>STYK 05 PREPARAT DO STYK\u00d3W - Wesco \u2013 sprawdzone preparaty dla motoryzacji i przemys\u0142u<\/title>\n<meta name=\"robots\" content=\"index, follow, max-snippet:-1, max-image-preview:large, max-video-preview:-1\" \/>\n<link rel=\"canonical\" href=\"https:\/\/wesco.pl\/produkt\/styk-05-preparat-do-stykow\/\" \/>\n<meta property=\"og:locale\" content=\"en_US\" \/>\n<meta property=\"og:type\" content=\"article\" \/>\n<meta property=\"og:title\" content=\"STYK 05 PREPARAT DO STYK\u00d3W - Wesco \u2013 sprawdzone preparaty dla motoryzacji i przemys\u0142u\" \/>\n<meta property=\"og:description\" content=\"Preparat przeznaczony do czyszczenia i ochrony przed korozj\u0105 styk\u00f3w i element\u00f3w elektromechanicznych. Rozpuszcza nalot z tlenk\u00f3w i siarczk\u00f3w oraz zapobiega ich powstawaniu. Ma zastosowanie w telekomunikacji, elektryce i elektronice samochodowej, sprz\u0119cie biurowym, automatyce przemys\u0142owej, technice wojskowej. Posiada doskona\u0142e w\u0142a\u015bciwo\u015bci czyszcz\u0105ce, smaruj\u0105ce i antykorozyjne. Zabezpiecza styki przed wilgoci\u0105. Nie tworzy emulsji z wod\u0105. Najkorzystniej jest u\u017cy\u0107 go do styk\u00f3w wcze\u015bniej oczyszczonych i przemytych preparatem IPA WESCO.   Dost\u0119pne pojemno\u015bci: 400 ml\" \/>\n<meta property=\"og:url\" content=\"https:\/\/wesco.pl\/produkt\/styk-05-preparat-do-stykow\/\" \/>\n<meta property=\"og:site_name\" content=\"Wesco \u2013 sprawdzone preparaty dla motoryzacji i przemys\u0142u\" \/>\n<meta property=\"og:image\" content=\"https:\/\/wesco.pl\/wp-content\/uploads\/2025\/03\/styk-05-preparat-do-styk\u03b1w-2-wesco.jpg\" \/>\n\t<meta property=\"og:image:width\" content=\"800\" \/>\n\t<meta property=\"og:image:height\" content=\"800\" \/>\n\t<meta property=\"og:image:type\" content=\"image\/jpeg\" \/>\n<meta name=\"twitter:card\" content=\"summary_large_image\" \/>\n<script type=\"application\/ld+json\" class=\"yoast-schema-graph\">{\"@context\":\"https:\/\/schema.org\",\"@graph\":[{\"@type\":\"WebPage\",\"@id\":\"https:\/\/wesco.pl\/produkt\/styk-05-preparat-do-stykow\/\",\"url\":\"https:\/\/wesco.pl\/produkt\/styk-05-preparat-do-stykow\/\",\"name\":\"STYK 05 PREPARAT DO STYK\u00d3W - Wesco \u2013 sprawdzone preparaty dla motoryzacji i przemys\u0142u\",\"isPartOf\":{\"@id\":\"https:\/\/wesco.pl\/#website\"},\"primaryImageOfPage\":{\"@id\":\"https:\/\/wesco.pl\/produkt\/styk-05-preparat-do-stykow\/#primaryimage\"},\"image\":{\"@id\":\"https:\/\/wesco.pl\/produkt\/styk-05-preparat-do-stykow\/#primaryimage\"},\"thumbnailUrl\":\"https:\/\/wesco.pl\/wp-content\/uploads\/2025\/03\/styk-05-preparat-do-styk\u03b1w-2-wesco.jpg\",\"datePublished\":\"2025-04-02T11:30:07+00:00\",\"breadcrumb\":{\"@id\":\"https:\/\/wesco.pl\/produkt\/styk-05-preparat-do-stykow\/#breadcrumb\"},\"inLanguage\":\"en-US\",\"potentialAction\":[{\"@type\":\"ReadAction\",\"target\":[\"https:\/\/wesco.pl\/produkt\/styk-05-preparat-do-stykow\/\"]}]},{\"@type\":\"ImageObject\",\"inLanguage\":\"en-US\",\"@id\":\"https:\/\/wesco.pl\/produkt\/styk-05-preparat-do-stykow\/#primaryimage\",\"url\":\"https:\/\/wesco.pl\/wp-content\/uploads\/2025\/03\/styk-05-preparat-do-styk\u03b1w-2-wesco.jpg\",\"contentUrl\":\"https:\/\/wesco.pl\/wp-content\/uploads\/2025\/03\/styk-05-preparat-do-styk\u03b1w-2-wesco.jpg\",\"width\":800,\"height\":800},{\"@type\":\"BreadcrumbList\",\"@id\":\"https:\/\/wesco.pl\/produkt\/styk-05-preparat-do-stykow\/#breadcrumb\",\"itemListElement\":[{\"@type\":\"ListItem\",\"position\":1,\"name\":\"Strona g\u0142\u00f3wna\",\"item\":\"https:\/\/wesco.pl\/\"},{\"@type\":\"ListItem\",\"position\":2,\"name\":\"[EN] Produkty\",\"item\":\"https:\/\/wesco.pl\/produkty\/\"},{\"@type\":\"ListItem\",\"position\":3,\"name\":\"STYK 05 PREPARAT DO STYK\u00d3W\"}]},{\"@type\":\"WebSite\",\"@id\":\"https:\/\/wesco.pl\/#website\",\"url\":\"https:\/\/wesco.pl\/\",\"name\":\"Wesco \u2013 sprawdzone preparaty dla motoryzacji i przemys\u0142u - Wesco\",\"description\":\"\",\"publisher\":{\"@id\":\"https:\/\/wesco.pl\/#organization\"},\"alternateName\":\"Wesco \u2013 sprawdzone preparaty dla motoryzacji i przemys\u0142u\",\"potentialAction\":[{\"@type\":\"SearchAction\",\"target\":{\"@type\":\"EntryPoint\",\"urlTemplate\":\"https:\/\/wesco.pl\/?s={search_term_string}\"},\"query-input\":{\"@type\":\"PropertyValueSpecification\",\"valueRequired\":true,\"valueName\":\"search_term_string\"}}],\"inLanguage\":\"en-US\"},{\"@type\":\"Organization\",\"@id\":\"https:\/\/wesco.pl\/#organization\",\"name\":\"Wesco \u2013 sprawdzone preparaty dla motoryzacji i przemys\u0142u\",\"alternateName\":\"Wesco \u2013 producent chemii samochodowej i technicznej\",\"url\":\"https:\/\/wesco.pl\/\",\"logo\":{\"@type\":\"ImageObject\",\"inLanguage\":\"en-US\",\"@id\":\"https:\/\/wesco.pl\/#\/schema\/logo\/image\/\",\"url\":\"https:\/\/wesco.pl\/wp-content\/uploads\/2024\/12\/logo-wesco.svg\",\"contentUrl\":\"https:\/\/wesco.pl\/wp-content\/uploads\/2024\/12\/logo-wesco.svg\",\"width\":1692,\"height\":667,\"caption\":\"Wesco \u2013 sprawdzone preparaty dla motoryzacji i przemys\u0142u\"},\"image\":{\"@id\":\"https:\/\/wesco.pl\/#\/schema\/logo\/image\/\"}}]}<\/script>\n<!-- \/ Yoast SEO plugin. -->","yoast_head_json":{"title":"STYK 05 PREPARAT DO STYK\u00d3W - Wesco \u2013 sprawdzone preparaty dla motoryzacji i przemys\u0142u","robots":{"index":"index","follow":"follow","max-snippet":"max-snippet:-1","max-image-preview":"max-image-preview:large","max-video-preview":"max-video-preview:-1"},"canonical":"https:\/\/wesco.pl\/produkt\/styk-05-preparat-do-stykow\/","og_locale":"en_US","og_type":"article","og_title":"STYK 05 PREPARAT DO STYK\u00d3W - Wesco \u2013 sprawdzone preparaty dla motoryzacji i przemys\u0142u","og_description":"Preparat przeznaczony do czyszczenia i ochrony przed korozj\u0105 styk\u00f3w i element\u00f3w elektromechanicznych. Rozpuszcza nalot z tlenk\u00f3w i siarczk\u00f3w oraz zapobiega ich powstawaniu. Ma zastosowanie w telekomunikacji, elektryce i elektronice samochodowej, sprz\u0119cie biurowym, automatyce przemys\u0142owej, technice wojskowej. Posiada doskona\u0142e w\u0142a\u015bciwo\u015bci czyszcz\u0105ce, smaruj\u0105ce i antykorozyjne. Zabezpiecza styki przed wilgoci\u0105. Nie tworzy emulsji z wod\u0105. Najkorzystniej jest u\u017cy\u0107 go do styk\u00f3w wcze\u015bniej oczyszczonych i przemytych preparatem IPA WESCO.   Dost\u0119pne pojemno\u015bci: 400 ml","og_url":"https:\/\/wesco.pl\/produkt\/styk-05-preparat-do-stykow\/","og_site_name":"Wesco \u2013 sprawdzone preparaty dla motoryzacji i przemys\u0142u","og_image":[{"width":800,"height":800,"url":"https:\/\/wesco.pl\/wp-content\/uploads\/2025\/03\/styk-05-preparat-do-styk\u03b1w-2-wesco.jpg","type":"image\/jpeg"}],"twitter_card":"summary_large_image","schema":{"@context":"https:\/\/schema.org","@graph":[{"@type":"WebPage","@id":"https:\/\/wesco.pl\/produkt\/styk-05-preparat-do-stykow\/","url":"https:\/\/wesco.pl\/produkt\/styk-05-preparat-do-stykow\/","name":"STYK 05 PREPARAT DO STYK\u00d3W - Wesco \u2013 sprawdzone preparaty dla motoryzacji i przemys\u0142u","isPartOf":{"@id":"https:\/\/wesco.pl\/#website"},"primaryImageOfPage":{"@id":"https:\/\/wesco.pl\/produkt\/styk-05-preparat-do-stykow\/#primaryimage"},"image":{"@id":"https:\/\/wesco.pl\/produkt\/styk-05-preparat-do-stykow\/#primaryimage"},"thumbnailUrl":"https:\/\/wesco.pl\/wp-content\/uploads\/2025\/03\/styk-05-preparat-do-styk\u03b1w-2-wesco.jpg","datePublished":"2025-04-02T11:30:07+00:00","breadcrumb":{"@id":"https:\/\/wesco.pl\/produkt\/styk-05-preparat-do-stykow\/#breadcrumb"},"inLanguage":"en-US","potentialAction":[{"@type":"ReadAction","target":["https:\/\/wesco.pl\/produkt\/styk-05-preparat-do-stykow\/"]}]},{"@type":"ImageObject","inLanguage":"en-US","@id":"https:\/\/wesco.pl\/produkt\/styk-05-preparat-do-stykow\/#primaryimage","url":"https:\/\/wesco.pl\/wp-content\/uploads\/2025\/03\/styk-05-preparat-do-styk\u03b1w-2-wesco.jpg","contentUrl":"https:\/\/wesco.pl\/wp-content\/uploads\/2025\/03\/styk-05-preparat-do-styk\u03b1w-2-wesco.jpg","width":800,"height":800},{"@type":"BreadcrumbList","@id":"https:\/\/wesco.pl\/produkt\/styk-05-preparat-do-stykow\/#breadcrumb","itemListElement":[{"@type":"ListItem","position":1,"name":"Strona g\u0142\u00f3wna","item":"https:\/\/wesco.pl\/"},{"@type":"ListItem","position":2,"name":"[EN] Produkty","item":"https:\/\/wesco.pl\/produkty\/"},{"@type":"ListItem","position":3,"name":"STYK 05 PREPARAT DO STYK\u00d3W"}]},{"@type":"WebSite","@id":"https:\/\/wesco.pl\/#website","url":"https:\/\/wesco.pl\/","name":"Wesco \u2013 sprawdzone preparaty dla motoryzacji i przemys\u0142u - Wesco","description":"","publisher":{"@id":"https:\/\/wesco.pl\/#organization"},"alternateName":"Wesco \u2013 sprawdzone preparaty dla motoryzacji i przemys\u0142u","potentialAction":[{"@type":"SearchAction","target":{"@type":"EntryPoint","urlTemplate":"https:\/\/wesco.pl\/?s={search_term_string}"},"query-input":{"@type":"PropertyValueSpecification","valueRequired":true,"valueName":"search_term_string"}}],"inLanguage":"en-US"},{"@type":"Organization","@id":"https:\/\/wesco.pl\/#organization","name":"Wesco \u2013 sprawdzone preparaty dla motoryzacji i przemys\u0142u","alternateName":"Wesco \u2013 producent chemii samochodowej i technicznej","url":"https:\/\/wesco.pl\/","logo":{"@type":"ImageObject","inLanguage":"en-US","@id":"https:\/\/wesco.pl\/#\/schema\/logo\/image\/","url":"https:\/\/wesco.pl\/wp-content\/uploads\/2024\/12\/logo-wesco.svg","contentUrl":"https:\/\/wesco.pl\/wp-content\/uploads\/2024\/12\/logo-wesco.svg","width":1692,"height":667,"caption":"Wesco \u2013 sprawdzone preparaty dla motoryzacji i przemys\u0142u"},"image":{"@id":"https:\/\/wesco.pl\/#\/schema\/logo\/image\/"}}]}},"mfb_rest_fields":["title","yoast_head","yoast_head_json"],"_links":{"self":[{"href":"https:\/\/wesco.pl\/en\/wp-json\/wp\/v2\/product\/2157","targetHints":{"allow":["GET"]}}],"collection":[{"href":"https:\/\/wesco.pl\/en\/wp-json\/wp\/v2\/product"}],"about":[{"href":"https:\/\/wesco.pl\/en\/wp-json\/wp\/v2\/types\/product"}],"wp:featuredmedia":[{"embeddable":true,"href":"https:\/\/wesco.pl\/en\/wp-json\/wp\/v2\/media\/2025"}],"wp:attachment":[{"href":"https:\/\/wesco.pl\/en\/wp-json\/wp\/v2\/media?parent=2157"}],"wp:term":[{"taxonomy":"product_brand","embeddable":true,"href":"https:\/\/wesco.pl\/en\/wp-json\/wp\/v2\/product_brand?post=2157"},{"taxonomy":"product_cat","embeddable":true,"href":"https:\/\/wesco.pl\/en\/wp-json\/wp\/v2\/product_cat?post=2157"},{"taxonomy":"product_tag","embeddable":true,"href":"https:\/\/wesco.pl\/en\/wp-json\/wp\/v2\/product_tag?post=2157"}],"curies":[{"name":"wp","href":"https:\/\/api.w.org\/{rel}","templated":true}]}}