{"id":2166,"date":"2025-04-02T11:58:35","date_gmt":"2025-04-02T11:58:35","guid":{"rendered":"https:\/\/wesco.pl\/?post_type=product&#038;p=2166"},"modified":"2025-08-20T17:04:40","modified_gmt":"2025-08-20T17:04:40","slug":"nagar-ng-14","status":"publish","type":"product","link":"https:\/\/wesco.pl\/en\/product\/nagar-ng-14\/","title":{"rendered":"NAGAR NG 14"},"content":{"rendered":"<h2>Opis produktu \u2013 NAGAR NG 14<\/h2>\n<ul style=\"list-style: none; padding-left: 0; margin: 0;\">\n<li style=\"margin: 3px 0;\">\u2611\ufe0f Skutecznie usuwa nagary i osady olejowe, kt\u00f3re negatywnie wp\u0142ywaj\u0105 na prac\u0119 uk\u0142adu dolotowego<\/li>\n<li style=\"margin: 3px 0;\">\u2611\ufe0f Przywraca prawid\u0142owy przep\u0142yw powietrza w silniku, poprawiaj\u0105c osi\u0105gi i kultur\u0119 pracy jednostki<\/li>\n<li style=\"margin: 3px 0;\">\u2611\ufe0f Mo\u017ce by\u0107 stosowany w wielu elementach uk\u0142adu dolotowego, w tym w ga\u017anikach, przepustnicach i silnikach krokowych<\/li>\n<li style=\"margin: 3px 0;\">\u2611\ufe0f \u0141atwa aplikacja w formie aerozolu, umo\u017cliwiaj\u0105ca dotarcie do trudno dost\u0119pnych miejsc<\/li>\n<\/ul>\n<h3 style=\"margin-top: 24px;\">Najwa\u017cniejsze korzy\u015bci stosowania NAGAR NG 14<\/h3>\n<ul style=\"list-style: none; padding-left: 0; margin: 0;\">\n<li style=\"margin: 3px 0;\">\u2611\ufe0f Poprawa wydajno\u015bci i stabilno\u015bci pracy silnika dzi\u0119ki skutecznemu usuni\u0119ciu nagar\u00f3w i zanieczyszcze\u0144<\/li>\n<li style=\"margin: 3px 0;\">\u2611\ufe0f U\u0142atwiony rozruch i lepsza reakcja na gaz, co przek\u0142ada si\u0119 na komfort jazdy<\/li>\n<li style=\"margin: 3px 0;\">\u2611\ufe0f Zapobieganie gromadzeniu si\u0119 zanieczyszcze\u0144, co wyd\u0142u\u017ca \u017cywotno\u015b\u0107 uk\u0142adu dolotowego<\/li>\n<\/ul>\n<h4 style=\"margin-top: 24px;\">Gdzie najlepiej stosowa\u0107 NAGAR NG 14?<\/h4>\n<ul style=\"list-style: none; padding-left: 0; margin: 0;\">\n<li style=\"margin: 3px 0;\">\u2611\ufe0f Czyszczenie gardzieli ga\u017anik\u00f3w i przepustnic<\/li>\n<li style=\"margin: 3px 0;\">\u2611\ufe0f Usuwanie osad\u00f3w z dysz, silnik\u00f3w krokowych i przep\u0142ywomierzy<\/li>\n<li style=\"margin: 3px 0;\">\u2611\ufe0f Konserwacja element\u00f3w uk\u0142adu dolotowego w silnikach benzynowych<\/li>\n<\/ul>\n<h4 style=\"margin-top: 24px;\">Jak prawid\u0142owo u\u017cywa\u0107 preparatu?<\/h4>\n<ul style=\"list-style: none; padding-left: 0; margin: 0;\">\n<li style=\"margin: 3px 0;\">\u2611\ufe0f Wy\u0142\u0105czy\u0107 silnik i odczeka\u0107 do ostygni\u0119cia element\u00f3w<\/li>\n<li style=\"margin: 3px 0;\">\u2611\ufe0f Wstrz\u0105sn\u0105\u0107 pojemnikiem i rozpyli\u0107 produkt na zanieczyszczone elementy<\/li>\n<li style=\"margin: 3px 0;\">\u2611\ufe0f Odczeka\u0107 kilka minut, a nast\u0119pnie usun\u0105\u0107 rozpuszczone osady za pomoc\u0105 czystej szmatki lub spr\u0119\u017conego powietrza<\/li>\n<\/ul>\n<h4 style=\"margin-top: 24px;\">Parametry techniczne<\/h4>\n<ul style=\"list-style: none; padding-left: 0; margin: 0;\">\n<li style=\"margin: 3px 0;\">\u2611\ufe0f Posta\u0107: ciecz w aerozolu<\/li>\n<li style=\"margin: 3px 0;\">\u2611\ufe0f Kolor: bezbarwny<\/li>\n<li style=\"margin: 3px 0;\">\u2611\ufe0f Zapach: charakterystyczny<\/li>\n<li style=\"margin: 3px 0;\">\u2611\ufe0f G\u0119sto\u015b\u0107: ok. 0,82\u20130,83 g\/cm\u00b3 w 20\u00b0C (wsad)<\/li>\n<li style=\"margin: 3px 0;\">\u2611\ufe0f W\u0142a\u015bciwo\u015bci: silnie rozpuszczaj\u0105cy, \u0142atwopalny<\/li>\n<li style=\"margin: 3px 0;\">\u2611\ufe0f Dost\u0119pne pojemno\u015bci: 400 ml<\/li>\n<\/ul>\n","protected":false},"excerpt":{"rendered":"<p><strong><span style=\"font-family: Arial, sans-serif;\">NAGAR NG 14 &#8211; 400 ml <\/span><\/strong><span style=\"font-family: Arial, sans-serif;\">to specjalistyczny preparat w aerozolu przeznaczony do skutecznego czyszczenia element\u00f3w uk\u0142adu dolotowego silnika, takich jak gardziele ga\u017anik\u00f3w, przepustnice, dysze, silniki krokowe oraz przep\u0142ywomierze. Dzi\u0119ki silnym w\u0142a\u015bciwo\u015bciom rozpuszczaj\u0105cym szybko usuwa nagary, osady olejowe i zanieczyszczenia powstaj\u0105ce w trakcie eksploatacji silnika. Regularne stosowanie preparatu poprawia wydajno\u015b\u0107 jednostki nap\u0119dowej, stabilno\u015b\u0107 pracy i u\u0142atwia rozruch.<\/span><\/p>\n","protected":false},"featured_media":1975,"template":"","meta":{"_acf_changed":false,"_eb_attr":""},"product_brand":[],"product_cat":[57],"product_tag":[],"class_list":{"0":"post-2166","1":"product","2":"type-product","3":"status-publish","4":"has-post-thumbnail","6":"product_cat-chemia-techniczna","8":"first","9":"instock","10":"shipping-taxable","11":"product-type-simple"},"acf":[],"mb":[],"yoast_head":"<!-- This site is optimized with the Yoast SEO plugin v27.1.1 - https:\/\/yoast.com\/product\/yoast-seo-wordpress\/ -->\n<title>NAGAR NG 14 - Wesco \u2013 sprawdzone preparaty dla motoryzacji i przemys\u0142u<\/title>\n<meta name=\"robots\" content=\"index, follow, max-snippet:-1, max-image-preview:large, max-video-preview:-1\" \/>\n<link rel=\"canonical\" href=\"https:\/\/wesco.pl\/produkt\/nagar-ng-14\/\" \/>\n<meta property=\"og:locale\" content=\"en_US\" \/>\n<meta property=\"og:type\" content=\"article\" \/>\n<meta property=\"og:title\" content=\"NAGAR NG 14 - Wesco \u2013 sprawdzone preparaty dla motoryzacji i przemys\u0142u\" \/>\n<meta property=\"og:description\" content=\"NAGAR NG 14 - 400 ml to specjalistyczny preparat w aerozolu przeznaczony do skutecznego czyszczenia element\u00f3w uk\u0142adu dolotowego silnika, takich jak gardziele ga\u017anik\u00f3w, przepustnice, dysze, silniki krokowe oraz przep\u0142ywomierze. Dzi\u0119ki silnym w\u0142a\u015bciwo\u015bciom rozpuszczaj\u0105cym szybko usuwa nagary, osady olejowe i zanieczyszczenia powstaj\u0105ce w trakcie eksploatacji silnika. Regularne stosowanie preparatu poprawia wydajno\u015b\u0107 jednostki nap\u0119dowej, stabilno\u015b\u0107 pracy i u\u0142atwia rozruch.\" \/>\n<meta property=\"og:url\" content=\"https:\/\/wesco.pl\/produkt\/nagar-ng-14\/\" \/>\n<meta property=\"og:site_name\" content=\"Wesco \u2013 sprawdzone preparaty dla motoryzacji i przemys\u0142u\" \/>\n<meta property=\"article:modified_time\" content=\"2025-08-20T17:04:40+00:00\" \/>\n<meta property=\"og:image\" content=\"https:\/\/wesco.pl\/wp-content\/uploads\/2025\/03\/nagar-ng-14-wesco.jpg\" \/>\n\t<meta property=\"og:image:width\" content=\"800\" \/>\n\t<meta property=\"og:image:height\" content=\"800\" \/>\n\t<meta property=\"og:image:type\" content=\"image\/jpeg\" \/>\n<meta name=\"twitter:card\" content=\"summary_large_image\" \/>\n<meta name=\"twitter:label1\" content=\"Est. reading time\" \/>\n\t<meta name=\"twitter:data1\" content=\"2 minutes\" \/>\n<script type=\"application\/ld+json\" class=\"yoast-schema-graph\">{\"@context\":\"https:\/\/schema.org\",\"@graph\":[{\"@type\":\"WebPage\",\"@id\":\"https:\/\/wesco.pl\/produkt\/nagar-ng-14\/\",\"url\":\"https:\/\/wesco.pl\/produkt\/nagar-ng-14\/\",\"name\":\"NAGAR NG 14 - Wesco \u2013 sprawdzone preparaty dla motoryzacji i przemys\u0142u\",\"isPartOf\":{\"@id\":\"https:\/\/wesco.pl\/#website\"},\"primaryImageOfPage\":{\"@id\":\"https:\/\/wesco.pl\/produkt\/nagar-ng-14\/#primaryimage\"},\"image\":{\"@id\":\"https:\/\/wesco.pl\/produkt\/nagar-ng-14\/#primaryimage\"},\"thumbnailUrl\":\"https:\/\/wesco.pl\/wp-content\/uploads\/2025\/03\/nagar-ng-14-wesco.jpg\",\"datePublished\":\"2025-04-02T11:58:35+00:00\",\"dateModified\":\"2025-08-20T17:04:40+00:00\",\"breadcrumb\":{\"@id\":\"https:\/\/wesco.pl\/produkt\/nagar-ng-14\/#breadcrumb\"},\"inLanguage\":\"en-US\",\"potentialAction\":[{\"@type\":\"ReadAction\",\"target\":[\"https:\/\/wesco.pl\/produkt\/nagar-ng-14\/\"]}]},{\"@type\":\"ImageObject\",\"inLanguage\":\"en-US\",\"@id\":\"https:\/\/wesco.pl\/produkt\/nagar-ng-14\/#primaryimage\",\"url\":\"https:\/\/wesco.pl\/wp-content\/uploads\/2025\/03\/nagar-ng-14-wesco.jpg\",\"contentUrl\":\"https:\/\/wesco.pl\/wp-content\/uploads\/2025\/03\/nagar-ng-14-wesco.jpg\",\"width\":800,\"height\":800},{\"@type\":\"BreadcrumbList\",\"@id\":\"https:\/\/wesco.pl\/produkt\/nagar-ng-14\/#breadcrumb\",\"itemListElement\":[{\"@type\":\"ListItem\",\"position\":1,\"name\":\"Strona g\u0142\u00f3wna\",\"item\":\"https:\/\/wesco.pl\/\"},{\"@type\":\"ListItem\",\"position\":2,\"name\":\"[EN] Produkty\",\"item\":\"https:\/\/wesco.pl\/produkty\/\"},{\"@type\":\"ListItem\",\"position\":3,\"name\":\"NAGAR NG 14\"}]},{\"@type\":\"WebSite\",\"@id\":\"https:\/\/wesco.pl\/#website\",\"url\":\"https:\/\/wesco.pl\/\",\"name\":\"Wesco \u2013 sprawdzone preparaty dla motoryzacji i przemys\u0142u - Wesco\",\"description\":\"\",\"publisher\":{\"@id\":\"https:\/\/wesco.pl\/#organization\"},\"alternateName\":\"Wesco \u2013 sprawdzone preparaty dla motoryzacji i przemys\u0142u\",\"potentialAction\":[{\"@type\":\"SearchAction\",\"target\":{\"@type\":\"EntryPoint\",\"urlTemplate\":\"https:\/\/wesco.pl\/?s={search_term_string}\"},\"query-input\":{\"@type\":\"PropertyValueSpecification\",\"valueRequired\":true,\"valueName\":\"search_term_string\"}}],\"inLanguage\":\"en-US\"},{\"@type\":\"Organization\",\"@id\":\"https:\/\/wesco.pl\/#organization\",\"name\":\"Wesco \u2013 sprawdzone preparaty dla motoryzacji i przemys\u0142u\",\"alternateName\":\"Wesco \u2013 producent chemii samochodowej i technicznej\",\"url\":\"https:\/\/wesco.pl\/\",\"logo\":{\"@type\":\"ImageObject\",\"inLanguage\":\"en-US\",\"@id\":\"https:\/\/wesco.pl\/#\/schema\/logo\/image\/\",\"url\":\"https:\/\/wesco.pl\/wp-content\/uploads\/2024\/12\/logo-wesco.svg\",\"contentUrl\":\"https:\/\/wesco.pl\/wp-content\/uploads\/2024\/12\/logo-wesco.svg\",\"width\":1692,\"height\":667,\"caption\":\"Wesco \u2013 sprawdzone preparaty dla motoryzacji i przemys\u0142u\"},\"image\":{\"@id\":\"https:\/\/wesco.pl\/#\/schema\/logo\/image\/\"}}]}<\/script>\n<!-- \/ Yoast SEO plugin. -->","yoast_head_json":{"title":"NAGAR NG 14 - Wesco \u2013 sprawdzone preparaty dla motoryzacji i przemys\u0142u","robots":{"index":"index","follow":"follow","max-snippet":"max-snippet:-1","max-image-preview":"max-image-preview:large","max-video-preview":"max-video-preview:-1"},"canonical":"https:\/\/wesco.pl\/produkt\/nagar-ng-14\/","og_locale":"en_US","og_type":"article","og_title":"NAGAR NG 14 - Wesco \u2013 sprawdzone preparaty dla motoryzacji i przemys\u0142u","og_description":"NAGAR NG 14 - 400 ml to specjalistyczny preparat w aerozolu przeznaczony do skutecznego czyszczenia element\u00f3w uk\u0142adu dolotowego silnika, takich jak gardziele ga\u017anik\u00f3w, przepustnice, dysze, silniki krokowe oraz przep\u0142ywomierze. Dzi\u0119ki silnym w\u0142a\u015bciwo\u015bciom rozpuszczaj\u0105cym szybko usuwa nagary, osady olejowe i zanieczyszczenia powstaj\u0105ce w trakcie eksploatacji silnika. Regularne stosowanie preparatu poprawia wydajno\u015b\u0107 jednostki nap\u0119dowej, stabilno\u015b\u0107 pracy i u\u0142atwia rozruch.","og_url":"https:\/\/wesco.pl\/produkt\/nagar-ng-14\/","og_site_name":"Wesco \u2013 sprawdzone preparaty dla motoryzacji i przemys\u0142u","article_modified_time":"2025-08-20T17:04:40+00:00","og_image":[{"width":800,"height":800,"url":"https:\/\/wesco.pl\/wp-content\/uploads\/2025\/03\/nagar-ng-14-wesco.jpg","type":"image\/jpeg"}],"twitter_card":"summary_large_image","twitter_misc":{"Est. reading time":"2 minutes"},"schema":{"@context":"https:\/\/schema.org","@graph":[{"@type":"WebPage","@id":"https:\/\/wesco.pl\/produkt\/nagar-ng-14\/","url":"https:\/\/wesco.pl\/produkt\/nagar-ng-14\/","name":"NAGAR NG 14 - Wesco \u2013 sprawdzone preparaty dla motoryzacji i przemys\u0142u","isPartOf":{"@id":"https:\/\/wesco.pl\/#website"},"primaryImageOfPage":{"@id":"https:\/\/wesco.pl\/produkt\/nagar-ng-14\/#primaryimage"},"image":{"@id":"https:\/\/wesco.pl\/produkt\/nagar-ng-14\/#primaryimage"},"thumbnailUrl":"https:\/\/wesco.pl\/wp-content\/uploads\/2025\/03\/nagar-ng-14-wesco.jpg","datePublished":"2025-04-02T11:58:35+00:00","dateModified":"2025-08-20T17:04:40+00:00","breadcrumb":{"@id":"https:\/\/wesco.pl\/produkt\/nagar-ng-14\/#breadcrumb"},"inLanguage":"en-US","potentialAction":[{"@type":"ReadAction","target":["https:\/\/wesco.pl\/produkt\/nagar-ng-14\/"]}]},{"@type":"ImageObject","inLanguage":"en-US","@id":"https:\/\/wesco.pl\/produkt\/nagar-ng-14\/#primaryimage","url":"https:\/\/wesco.pl\/wp-content\/uploads\/2025\/03\/nagar-ng-14-wesco.jpg","contentUrl":"https:\/\/wesco.pl\/wp-content\/uploads\/2025\/03\/nagar-ng-14-wesco.jpg","width":800,"height":800},{"@type":"BreadcrumbList","@id":"https:\/\/wesco.pl\/produkt\/nagar-ng-14\/#breadcrumb","itemListElement":[{"@type":"ListItem","position":1,"name":"Strona g\u0142\u00f3wna","item":"https:\/\/wesco.pl\/"},{"@type":"ListItem","position":2,"name":"[EN] Produkty","item":"https:\/\/wesco.pl\/produkty\/"},{"@type":"ListItem","position":3,"name":"NAGAR NG 14"}]},{"@type":"WebSite","@id":"https:\/\/wesco.pl\/#website","url":"https:\/\/wesco.pl\/","name":"Wesco \u2013 sprawdzone preparaty dla motoryzacji i przemys\u0142u - Wesco","description":"","publisher":{"@id":"https:\/\/wesco.pl\/#organization"},"alternateName":"Wesco \u2013 sprawdzone preparaty dla motoryzacji i przemys\u0142u","potentialAction":[{"@type":"SearchAction","target":{"@type":"EntryPoint","urlTemplate":"https:\/\/wesco.pl\/?s={search_term_string}"},"query-input":{"@type":"PropertyValueSpecification","valueRequired":true,"valueName":"search_term_string"}}],"inLanguage":"en-US"},{"@type":"Organization","@id":"https:\/\/wesco.pl\/#organization","name":"Wesco \u2013 sprawdzone preparaty dla motoryzacji i przemys\u0142u","alternateName":"Wesco \u2013 producent chemii samochodowej i technicznej","url":"https:\/\/wesco.pl\/","logo":{"@type":"ImageObject","inLanguage":"en-US","@id":"https:\/\/wesco.pl\/#\/schema\/logo\/image\/","url":"https:\/\/wesco.pl\/wp-content\/uploads\/2024\/12\/logo-wesco.svg","contentUrl":"https:\/\/wesco.pl\/wp-content\/uploads\/2024\/12\/logo-wesco.svg","width":1692,"height":667,"caption":"Wesco \u2013 sprawdzone preparaty dla motoryzacji i przemys\u0142u"},"image":{"@id":"https:\/\/wesco.pl\/#\/schema\/logo\/image\/"}}]}},"mfb_rest_fields":["title","yoast_head","yoast_head_json"],"_links":{"self":[{"href":"https:\/\/wesco.pl\/en\/wp-json\/wp\/v2\/product\/2166","targetHints":{"allow":["GET"]}}],"collection":[{"href":"https:\/\/wesco.pl\/en\/wp-json\/wp\/v2\/product"}],"about":[{"href":"https:\/\/wesco.pl\/en\/wp-json\/wp\/v2\/types\/product"}],"wp:featuredmedia":[{"embeddable":true,"href":"https:\/\/wesco.pl\/en\/wp-json\/wp\/v2\/media\/1975"}],"wp:attachment":[{"href":"https:\/\/wesco.pl\/en\/wp-json\/wp\/v2\/media?parent=2166"}],"wp:term":[{"taxonomy":"product_brand","embeddable":true,"href":"https:\/\/wesco.pl\/en\/wp-json\/wp\/v2\/product_brand?post=2166"},{"taxonomy":"product_cat","embeddable":true,"href":"https:\/\/wesco.pl\/en\/wp-json\/wp\/v2\/product_cat?post=2166"},{"taxonomy":"product_tag","embeddable":true,"href":"https:\/\/wesco.pl\/en\/wp-json\/wp\/v2\/product_tag?post=2166"}],"curies":[{"name":"wp","href":"https:\/\/api.w.org\/{rel}","templated":true}]}}