{"id":2178,"date":"2025-04-02T12:22:44","date_gmt":"2025-04-02T12:22:44","guid":{"rendered":"https:\/\/wesco.pl\/?post_type=product&#038;p=2178"},"modified":"2025-08-20T17:40:48","modified_gmt":"2025-08-20T17:40:48","slug":"tire-perfect-preparat-do-opon","status":"publish","type":"product","link":"https:\/\/wesco.pl\/en\/product\/tire-perfect-preparat-do-opon\/","title":{"rendered":"TIRE PERFECT \u2013 PREPARAT DO NAB\u0141YSZCZANIA OPON"},"content":{"rendered":"<h2>Dlaczego warto wybra\u0107 Tire Perfect do opon?<\/h2>\n<ul style=\"list-style: none; padding-left: 0; margin: 0;\">\n<li style=\"margin: 3px 0;\">\u2611\ufe0f Przywraca \u015bwie\u017cy wygl\u0105d opon i element\u00f3w gumowych, nadaj\u0105c im g\u0142\u0119boki kolor i atrakcyjny po\u0142ysk<\/li>\n<li style=\"margin: 3px 0;\">\u2611\ufe0f Chroni przed starzeniem, wysychaniem i p\u0119kaniem gumy, wyd\u0142u\u017caj\u0105c jej trwa\u0142o\u015b\u0107<\/li>\n<li style=\"margin: 3px 0;\">\u2611\ufe0f Tworzy wodoodporn\u0105 warstw\u0119 ochronn\u0105, zapobiegaj\u0105c osadzaniu si\u0119 brudu i kurzu<\/li>\n<li style=\"margin: 3px 0;\">\u2611\ufe0f Jest bezpieczny dla lakieru samochodowego, dzi\u0119ki czemu mo\u017ce by\u0107 u\u017cywany bez ryzyka uszkodze\u0144<\/li>\n<\/ul>\n<h3 style=\"margin-top: 24px;\">Najwa\u017cniejsze korzy\u015bci stosowania Tire Perfect<\/h3>\n<ul style=\"list-style: none; padding-left: 0; margin: 0;\">\n<li style=\"margin: 3px 0;\">\u2611\ufe0f Poprawia wygl\u0105d pojazdu, nadaj\u0105c mu zadbany i estetyczny charakter<\/li>\n<li style=\"margin: 3px 0;\">\u2611\ufe0f Zmniejsza cz\u0119stotliwo\u015b\u0107 czyszczenia opon, dzi\u0119ki d\u0142ugotrwa\u0142emu efektowi ochronnemu<\/li>\n<li style=\"margin: 3px 0;\">\u2611\ufe0f Prosta aplikacja w formie aerozolu, kt\u00f3ra pozwala na szybkie i r\u00f3wnomierne pokrycie powierzchni<\/li>\n<\/ul>\n<h4 style=\"margin-top: 24px;\">Gdzie najlepiej stosowa\u0107 Tire Perfect?<\/h4>\n<ul style=\"list-style: none; padding-left: 0; margin: 0;\">\n<li style=\"margin: 3px 0;\">\u2611\ufe0f Nab\u0142yszczanie opon samochodowych, motocyklowych i innych pojazd\u00f3w<\/li>\n<li style=\"margin: 3px 0;\">\u2611\ufe0f Konserwacja uszczelek drzwiowych i baga\u017cnikowych w samochodach<\/li>\n<li style=\"margin: 3px 0;\">\u2611\ufe0f Ochrona element\u00f3w gumowych nara\u017conych na wilgo\u0107 i czynniki atmosferyczne<\/li>\n<\/ul>\n<h4 style=\"margin-top: 24px;\">Jak prawid\u0142owo u\u017cywa\u0107?<\/h4>\n<ul style=\"list-style: none; padding-left: 0; margin: 0;\">\n<li style=\"margin: 3px 0;\">\u2611\ufe0f Przed u\u017cyciem dok\u0142adnie umy\u0107 i osuszy\u0107 powierzchni\u0119 opon lub element\u00f3w gumowych<\/li>\n<li style=\"margin: 3px 0;\">\u2611\ufe0f Wstrz\u0105sn\u0105\u0107 pojemnikiem i r\u00f3wnomiernie rozpyli\u0107 produkt z odleg\u0142o\u015bci ok. 20 cm<\/li>\n<li style=\"margin: 3px 0;\">\u2611\ufe0f Pozostawi\u0107 do wyschni\u0119cia, aby utworzy\u0107 trwa\u0142\u0105 warstw\u0119 ochronn\u0105 i nab\u0142yszczaj\u0105c\u0105<\/li>\n<\/ul>\n<h4 style=\"margin-top: 24px;\">Parametry techniczne<\/h4>\n<ul style=\"list-style: none; padding-left: 0; margin: 0;\">\n<li style=\"margin: 3px 0;\">\u2611\ufe0f Posta\u0107: ciecz w aerozolu<\/li>\n<li style=\"margin: 3px 0;\">\u2611\ufe0f Kolor: bezbarwny<\/li>\n<li style=\"margin: 3px 0;\">\u2611\ufe0f G\u0119sto\u015b\u0107: ok. 0,70 g\/cm\u00b3 w 20\u00b0C<\/li>\n<li style=\"margin: 3px 0;\">\u2611\ufe0f W\u0142a\u015bciwo\u015bci: nab\u0142yszczaj\u0105ce, konserwuj\u0105ce, ochronne<\/li>\n<li style=\"margin: 3px 0;\">\u2611\ufe0f Dost\u0119pne pojemno\u015bci: 600 ml<\/li>\n<\/ul>\n","protected":false},"excerpt":{"rendered":"<p><strong><span style=\"font-family: Arial, sans-serif;\">Tire Perfect 600 ml<\/span><\/strong><span style=\"font-family: Arial, sans-serif;\"> to profesjonalny preparat w aerozolu przeznaczony do nab\u0142yszczania i konserwacji opon, uszczelek oraz innych element\u00f3w gumowych w samochodach. Skutecznie przywraca oryginalny kolor i po\u0142ysk gumy, chroni\u0105c j\u0105 przed wysychaniem, p\u0119kaniem i przedwczesnym starzeniem. Produkt tworzy ochronn\u0105 warstw\u0119, kt\u00f3ra zabezpiecza powierzchni\u0119 przed wilgoci\u0105, brudem i czynnikami atmosferycznymi, a przy tym jest ca\u0142kowicie bezpieczny dla lakieru samochodowego.<\/span><\/p>\n<p>&nbsp;<\/p>\n","protected":false},"featured_media":2003,"template":"","meta":{"_acf_changed":false,"_eb_attr":""},"product_brand":[],"product_cat":[36],"product_tag":[],"class_list":{"0":"post-2178","1":"product","2":"type-product","3":"status-publish","4":"has-post-thumbnail","6":"product_cat-autokosmetyka","8":"first","9":"instock","10":"shipping-taxable","11":"product-type-simple"},"acf":[],"mb":[],"yoast_head":"<!-- This site is optimized with the Yoast SEO plugin v27.1.1 - https:\/\/yoast.com\/product\/yoast-seo-wordpress\/ -->\n<title>TIRE PERFECT \u2013 PREPARAT DO NAB\u0141YSZCZANIA OPON - Wesco \u2013 sprawdzone preparaty dla motoryzacji i przemys\u0142u<\/title>\n<meta name=\"robots\" content=\"index, follow, max-snippet:-1, max-image-preview:large, max-video-preview:-1\" \/>\n<link rel=\"canonical\" href=\"https:\/\/wesco.pl\/produkt\/tire-perfect-preparat-do-opon\/\" \/>\n<meta property=\"og:locale\" content=\"en_US\" \/>\n<meta property=\"og:type\" content=\"article\" \/>\n<meta property=\"og:title\" content=\"TIRE PERFECT \u2013 PREPARAT DO NAB\u0141YSZCZANIA OPON - Wesco \u2013 sprawdzone preparaty dla motoryzacji i przemys\u0142u\" \/>\n<meta property=\"og:description\" content=\"Tire Perfect 600 ml to profesjonalny preparat w aerozolu przeznaczony do nab\u0142yszczania i konserwacji opon, uszczelek oraz innych element\u00f3w gumowych w samochodach. Skutecznie przywraca oryginalny kolor i po\u0142ysk gumy, chroni\u0105c j\u0105 przed wysychaniem, p\u0119kaniem i przedwczesnym starzeniem. Produkt tworzy ochronn\u0105 warstw\u0119, kt\u00f3ra zabezpiecza powierzchni\u0119 przed wilgoci\u0105, brudem i czynnikami atmosferycznymi, a przy tym jest ca\u0142kowicie bezpieczny dla lakieru samochodowego.  &nbsp;\" \/>\n<meta property=\"og:url\" content=\"https:\/\/wesco.pl\/produkt\/tire-perfect-preparat-do-opon\/\" \/>\n<meta property=\"og:site_name\" content=\"Wesco \u2013 sprawdzone preparaty dla motoryzacji i przemys\u0142u\" \/>\n<meta property=\"article:modified_time\" content=\"2025-08-20T17:40:48+00:00\" \/>\n<meta property=\"og:image\" content=\"https:\/\/wesco.pl\/wp-content\/uploads\/2025\/03\/preparat-do-opon-wesco.jpg\" \/>\n\t<meta property=\"og:image:width\" content=\"800\" \/>\n\t<meta property=\"og:image:height\" content=\"800\" \/>\n\t<meta property=\"og:image:type\" content=\"image\/jpeg\" \/>\n<meta name=\"twitter:card\" content=\"summary_large_image\" \/>\n<meta name=\"twitter:label1\" content=\"Est. reading time\" \/>\n\t<meta name=\"twitter:data1\" content=\"2 minutes\" \/>\n<script type=\"application\/ld+json\" class=\"yoast-schema-graph\">{\"@context\":\"https:\/\/schema.org\",\"@graph\":[{\"@type\":\"WebPage\",\"@id\":\"https:\/\/wesco.pl\/produkt\/tire-perfect-preparat-do-opon\/\",\"url\":\"https:\/\/wesco.pl\/produkt\/tire-perfect-preparat-do-opon\/\",\"name\":\"TIRE PERFECT \u2013 PREPARAT DO NAB\u0141YSZCZANIA OPON - Wesco \u2013 sprawdzone preparaty dla motoryzacji i przemys\u0142u\",\"isPartOf\":{\"@id\":\"https:\/\/wesco.pl\/#website\"},\"primaryImageOfPage\":{\"@id\":\"https:\/\/wesco.pl\/produkt\/tire-perfect-preparat-do-opon\/#primaryimage\"},\"image\":{\"@id\":\"https:\/\/wesco.pl\/produkt\/tire-perfect-preparat-do-opon\/#primaryimage\"},\"thumbnailUrl\":\"https:\/\/wesco.pl\/wp-content\/uploads\/2025\/03\/preparat-do-opon-wesco.jpg\",\"datePublished\":\"2025-04-02T12:22:44+00:00\",\"dateModified\":\"2025-08-20T17:40:48+00:00\",\"breadcrumb\":{\"@id\":\"https:\/\/wesco.pl\/produkt\/tire-perfect-preparat-do-opon\/#breadcrumb\"},\"inLanguage\":\"en-US\",\"potentialAction\":[{\"@type\":\"ReadAction\",\"target\":[\"https:\/\/wesco.pl\/produkt\/tire-perfect-preparat-do-opon\/\"]}]},{\"@type\":\"ImageObject\",\"inLanguage\":\"en-US\",\"@id\":\"https:\/\/wesco.pl\/produkt\/tire-perfect-preparat-do-opon\/#primaryimage\",\"url\":\"https:\/\/wesco.pl\/wp-content\/uploads\/2025\/03\/preparat-do-opon-wesco.jpg\",\"contentUrl\":\"https:\/\/wesco.pl\/wp-content\/uploads\/2025\/03\/preparat-do-opon-wesco.jpg\",\"width\":800,\"height\":800},{\"@type\":\"BreadcrumbList\",\"@id\":\"https:\/\/wesco.pl\/produkt\/tire-perfect-preparat-do-opon\/#breadcrumb\",\"itemListElement\":[{\"@type\":\"ListItem\",\"position\":1,\"name\":\"Strona g\u0142\u00f3wna\",\"item\":\"https:\/\/wesco.pl\/\"},{\"@type\":\"ListItem\",\"position\":2,\"name\":\"[EN] Produkty\",\"item\":\"https:\/\/wesco.pl\/produkty\/\"},{\"@type\":\"ListItem\",\"position\":3,\"name\":\"TIRE PERFECT \u2013 PREPARAT DO NAB\u0141YSZCZANIA OPON\"}]},{\"@type\":\"WebSite\",\"@id\":\"https:\/\/wesco.pl\/#website\",\"url\":\"https:\/\/wesco.pl\/\",\"name\":\"Wesco \u2013 sprawdzone preparaty dla motoryzacji i przemys\u0142u - Wesco\",\"description\":\"\",\"publisher\":{\"@id\":\"https:\/\/wesco.pl\/#organization\"},\"alternateName\":\"Wesco \u2013 sprawdzone preparaty dla motoryzacji i przemys\u0142u\",\"potentialAction\":[{\"@type\":\"SearchAction\",\"target\":{\"@type\":\"EntryPoint\",\"urlTemplate\":\"https:\/\/wesco.pl\/?s={search_term_string}\"},\"query-input\":{\"@type\":\"PropertyValueSpecification\",\"valueRequired\":true,\"valueName\":\"search_term_string\"}}],\"inLanguage\":\"en-US\"},{\"@type\":\"Organization\",\"@id\":\"https:\/\/wesco.pl\/#organization\",\"name\":\"Wesco \u2013 sprawdzone preparaty dla motoryzacji i przemys\u0142u\",\"alternateName\":\"Wesco \u2013 producent chemii samochodowej i technicznej\",\"url\":\"https:\/\/wesco.pl\/\",\"logo\":{\"@type\":\"ImageObject\",\"inLanguage\":\"en-US\",\"@id\":\"https:\/\/wesco.pl\/#\/schema\/logo\/image\/\",\"url\":\"https:\/\/wesco.pl\/wp-content\/uploads\/2024\/12\/logo-wesco.svg\",\"contentUrl\":\"https:\/\/wesco.pl\/wp-content\/uploads\/2024\/12\/logo-wesco.svg\",\"width\":1692,\"height\":667,\"caption\":\"Wesco \u2013 sprawdzone preparaty dla motoryzacji i przemys\u0142u\"},\"image\":{\"@id\":\"https:\/\/wesco.pl\/#\/schema\/logo\/image\/\"}}]}<\/script>\n<!-- \/ Yoast SEO plugin. -->","yoast_head_json":{"title":"TIRE PERFECT \u2013 PREPARAT DO NAB\u0141YSZCZANIA OPON - Wesco \u2013 sprawdzone preparaty dla motoryzacji i przemys\u0142u","robots":{"index":"index","follow":"follow","max-snippet":"max-snippet:-1","max-image-preview":"max-image-preview:large","max-video-preview":"max-video-preview:-1"},"canonical":"https:\/\/wesco.pl\/produkt\/tire-perfect-preparat-do-opon\/","og_locale":"en_US","og_type":"article","og_title":"TIRE PERFECT \u2013 PREPARAT DO NAB\u0141YSZCZANIA OPON - Wesco \u2013 sprawdzone preparaty dla motoryzacji i przemys\u0142u","og_description":"Tire Perfect 600 ml to profesjonalny preparat w aerozolu przeznaczony do nab\u0142yszczania i konserwacji opon, uszczelek oraz innych element\u00f3w gumowych w samochodach. Skutecznie przywraca oryginalny kolor i po\u0142ysk gumy, chroni\u0105c j\u0105 przed wysychaniem, p\u0119kaniem i przedwczesnym starzeniem. Produkt tworzy ochronn\u0105 warstw\u0119, kt\u00f3ra zabezpiecza powierzchni\u0119 przed wilgoci\u0105, brudem i czynnikami atmosferycznymi, a przy tym jest ca\u0142kowicie bezpieczny dla lakieru samochodowego.  &nbsp;","og_url":"https:\/\/wesco.pl\/produkt\/tire-perfect-preparat-do-opon\/","og_site_name":"Wesco \u2013 sprawdzone preparaty dla motoryzacji i przemys\u0142u","article_modified_time":"2025-08-20T17:40:48+00:00","og_image":[{"width":800,"height":800,"url":"https:\/\/wesco.pl\/wp-content\/uploads\/2025\/03\/preparat-do-opon-wesco.jpg","type":"image\/jpeg"}],"twitter_card":"summary_large_image","twitter_misc":{"Est. reading time":"2 minutes"},"schema":{"@context":"https:\/\/schema.org","@graph":[{"@type":"WebPage","@id":"https:\/\/wesco.pl\/produkt\/tire-perfect-preparat-do-opon\/","url":"https:\/\/wesco.pl\/produkt\/tire-perfect-preparat-do-opon\/","name":"TIRE PERFECT \u2013 PREPARAT DO NAB\u0141YSZCZANIA OPON - Wesco \u2013 sprawdzone preparaty dla motoryzacji i przemys\u0142u","isPartOf":{"@id":"https:\/\/wesco.pl\/#website"},"primaryImageOfPage":{"@id":"https:\/\/wesco.pl\/produkt\/tire-perfect-preparat-do-opon\/#primaryimage"},"image":{"@id":"https:\/\/wesco.pl\/produkt\/tire-perfect-preparat-do-opon\/#primaryimage"},"thumbnailUrl":"https:\/\/wesco.pl\/wp-content\/uploads\/2025\/03\/preparat-do-opon-wesco.jpg","datePublished":"2025-04-02T12:22:44+00:00","dateModified":"2025-08-20T17:40:48+00:00","breadcrumb":{"@id":"https:\/\/wesco.pl\/produkt\/tire-perfect-preparat-do-opon\/#breadcrumb"},"inLanguage":"en-US","potentialAction":[{"@type":"ReadAction","target":["https:\/\/wesco.pl\/produkt\/tire-perfect-preparat-do-opon\/"]}]},{"@type":"ImageObject","inLanguage":"en-US","@id":"https:\/\/wesco.pl\/produkt\/tire-perfect-preparat-do-opon\/#primaryimage","url":"https:\/\/wesco.pl\/wp-content\/uploads\/2025\/03\/preparat-do-opon-wesco.jpg","contentUrl":"https:\/\/wesco.pl\/wp-content\/uploads\/2025\/03\/preparat-do-opon-wesco.jpg","width":800,"height":800},{"@type":"BreadcrumbList","@id":"https:\/\/wesco.pl\/produkt\/tire-perfect-preparat-do-opon\/#breadcrumb","itemListElement":[{"@type":"ListItem","position":1,"name":"Strona g\u0142\u00f3wna","item":"https:\/\/wesco.pl\/"},{"@type":"ListItem","position":2,"name":"[EN] Produkty","item":"https:\/\/wesco.pl\/produkty\/"},{"@type":"ListItem","position":3,"name":"TIRE PERFECT \u2013 PREPARAT DO NAB\u0141YSZCZANIA OPON"}]},{"@type":"WebSite","@id":"https:\/\/wesco.pl\/#website","url":"https:\/\/wesco.pl\/","name":"Wesco \u2013 sprawdzone preparaty dla motoryzacji i przemys\u0142u - Wesco","description":"","publisher":{"@id":"https:\/\/wesco.pl\/#organization"},"alternateName":"Wesco \u2013 sprawdzone preparaty dla motoryzacji i przemys\u0142u","potentialAction":[{"@type":"SearchAction","target":{"@type":"EntryPoint","urlTemplate":"https:\/\/wesco.pl\/?s={search_term_string}"},"query-input":{"@type":"PropertyValueSpecification","valueRequired":true,"valueName":"search_term_string"}}],"inLanguage":"en-US"},{"@type":"Organization","@id":"https:\/\/wesco.pl\/#organization","name":"Wesco \u2013 sprawdzone preparaty dla motoryzacji i przemys\u0142u","alternateName":"Wesco \u2013 producent chemii samochodowej i technicznej","url":"https:\/\/wesco.pl\/","logo":{"@type":"ImageObject","inLanguage":"en-US","@id":"https:\/\/wesco.pl\/#\/schema\/logo\/image\/","url":"https:\/\/wesco.pl\/wp-content\/uploads\/2024\/12\/logo-wesco.svg","contentUrl":"https:\/\/wesco.pl\/wp-content\/uploads\/2024\/12\/logo-wesco.svg","width":1692,"height":667,"caption":"Wesco \u2013 sprawdzone preparaty dla motoryzacji i przemys\u0142u"},"image":{"@id":"https:\/\/wesco.pl\/#\/schema\/logo\/image\/"}}]}},"mfb_rest_fields":["title","yoast_head","yoast_head_json"],"_links":{"self":[{"href":"https:\/\/wesco.pl\/en\/wp-json\/wp\/v2\/product\/2178","targetHints":{"allow":["GET"]}}],"collection":[{"href":"https:\/\/wesco.pl\/en\/wp-json\/wp\/v2\/product"}],"about":[{"href":"https:\/\/wesco.pl\/en\/wp-json\/wp\/v2\/types\/product"}],"wp:featuredmedia":[{"embeddable":true,"href":"https:\/\/wesco.pl\/en\/wp-json\/wp\/v2\/media\/2003"}],"wp:attachment":[{"href":"https:\/\/wesco.pl\/en\/wp-json\/wp\/v2\/media?parent=2178"}],"wp:term":[{"taxonomy":"product_brand","embeddable":true,"href":"https:\/\/wesco.pl\/en\/wp-json\/wp\/v2\/product_brand?post=2178"},{"taxonomy":"product_cat","embeddable":true,"href":"https:\/\/wesco.pl\/en\/wp-json\/wp\/v2\/product_cat?post=2178"},{"taxonomy":"product_tag","embeddable":true,"href":"https:\/\/wesco.pl\/en\/wp-json\/wp\/v2\/product_tag?post=2178"}],"curies":[{"name":"wp","href":"https:\/\/api.w.org\/{rel}","templated":true}]}}