{"id":2210,"date":"2025-04-02T15:45:03","date_gmt":"2025-04-02T15:45:03","guid":{"rendered":"https:\/\/wesco.pl\/?post_type=product&#038;p=2210"},"modified":"2025-04-18T09:33:51","modified_gmt":"2025-04-18T09:33:51","slug":"auto-renolak-podklady-pisak-mikro","status":"publish","type":"product","link":"https:\/\/wesco.pl\/en\/product\/auto-renolak-podklady-pisak-mikro\/","title":{"rendered":"AUTO RENOLAK, PODK\u0141ADY PISAK MIKRO"},"content":{"rendered":"","protected":false},"excerpt":{"rendered":"<p class=\"\" data-start=\"54\" data-end=\"701\">Emalie renowacyjne w aerozolu AUTO RENOLAK przeznaczone s\u0105 do odnawiania element\u00f3w karoserii samochodowych, wykonywania drobnych zaprawek oraz innych prac lakierniczych. Charakteryzuj\u0105 si\u0119 wysokim i trwa\u0142ym po\u0142yskiem, du\u017c\u0105 wytrzyma\u0142o\u015bci\u0105 mechaniczn\u0105, odporno\u015bci\u0105 na dzia\u0142anie czynnik\u00f3w atmosferycznych, dobr\u0105 odporno\u015bci\u0105 na dzia\u0142anie rozpuszczalnik\u00f3w oraz dobr\u0105 przyczepno\u015bci\u0105 do pod\u0142o\u017ca. Podk\u0142ady specjalne w aerozolu przeznaczone s\u0105 do pierwszego malowania powierzchni stalowych i \u017celiwnych. Podk\u0142ad szary jasny jest polecany szczeg\u00f3lnie pod bazy metaliczne, a czerwony tlenkowy jako og\u00f3lnego stosowania.<\/p>\n<p class=\"\" data-start=\"706\" data-end=\"730\"><strong data-start=\"706\" data-end=\"730\">Dost\u0119pne pojemno\u015bci: <\/strong>8ml<\/p>\n","protected":false},"featured_media":2211,"template":"","meta":{"_acf_changed":false,"_eb_attr":""},"product_brand":[],"product_cat":[33],"product_tag":[],"class_list":{"0":"post-2210","1":"product","2":"type-product","3":"status-publish","4":"has-post-thumbnail","6":"product_cat-emalie","8":"first","9":"instock","10":"shipping-taxable","11":"product-type-simple"},"acf":[],"mb":[],"yoast_head":"<!-- This site is optimized with the Yoast SEO plugin v27.1.1 - https:\/\/yoast.com\/product\/yoast-seo-wordpress\/ -->\n<title>AUTO RENOLAK, PODK\u0141ADY PISAK MIKRO - Wesco \u2013 sprawdzone preparaty dla motoryzacji i przemys\u0142u<\/title>\n<meta name=\"robots\" content=\"index, follow, max-snippet:-1, max-image-preview:large, max-video-preview:-1\" \/>\n<link rel=\"canonical\" href=\"https:\/\/wesco.pl\/produkt\/auto-renolak-podklady-pisak-mikro\/\" \/>\n<meta property=\"og:locale\" content=\"en_US\" \/>\n<meta property=\"og:type\" content=\"article\" \/>\n<meta property=\"og:title\" content=\"AUTO RENOLAK, PODK\u0141ADY PISAK MIKRO - Wesco \u2013 sprawdzone preparaty dla motoryzacji i przemys\u0142u\" \/>\n<meta property=\"og:description\" content=\"Emalie renowacyjne w aerozolu AUTO RENOLAK przeznaczone s\u0105 do odnawiania element\u00f3w karoserii samochodowych, wykonywania drobnych zaprawek oraz innych prac lakierniczych. Charakteryzuj\u0105 si\u0119 wysokim i trwa\u0142ym po\u0142yskiem, du\u017c\u0105 wytrzyma\u0142o\u015bci\u0105 mechaniczn\u0105, odporno\u015bci\u0105 na dzia\u0142anie czynnik\u00f3w atmosferycznych, dobr\u0105 odporno\u015bci\u0105 na dzia\u0142anie rozpuszczalnik\u00f3w oraz dobr\u0105 przyczepno\u015bci\u0105 do pod\u0142o\u017ca. Podk\u0142ady specjalne w aerozolu przeznaczone s\u0105 do pierwszego malowania powierzchni stalowych i \u017celiwnych. Podk\u0142ad szary jasny jest polecany szczeg\u00f3lnie pod bazy metaliczne, a czerwony tlenkowy jako og\u00f3lnego stosowania. Dost\u0119pne pojemno\u015bci: 8ml\" \/>\n<meta property=\"og:url\" content=\"https:\/\/wesco.pl\/produkt\/auto-renolak-podklady-pisak-mikro\/\" \/>\n<meta property=\"og:site_name\" content=\"Wesco \u2013 sprawdzone preparaty dla motoryzacji i przemys\u0142u\" \/>\n<meta property=\"article:modified_time\" content=\"2025-04-18T09:33:51+00:00\" \/>\n<meta property=\"og:image\" content=\"https:\/\/wesco.pl\/wp-content\/uploads\/2025\/04\/pisak-mikro-auto-renolak-wesco.jpg\" \/>\n\t<meta property=\"og:image:width\" content=\"800\" \/>\n\t<meta property=\"og:image:height\" content=\"800\" \/>\n\t<meta property=\"og:image:type\" content=\"image\/jpeg\" \/>\n<meta name=\"twitter:card\" content=\"summary_large_image\" \/>\n<script type=\"application\/ld+json\" class=\"yoast-schema-graph\">{\"@context\":\"https:\/\/schema.org\",\"@graph\":[{\"@type\":\"WebPage\",\"@id\":\"https:\/\/wesco.pl\/produkt\/auto-renolak-podklady-pisak-mikro\/\",\"url\":\"https:\/\/wesco.pl\/produkt\/auto-renolak-podklady-pisak-mikro\/\",\"name\":\"AUTO RENOLAK, PODK\u0141ADY PISAK MIKRO - Wesco \u2013 sprawdzone preparaty dla motoryzacji i przemys\u0142u\",\"isPartOf\":{\"@id\":\"https:\/\/wesco.pl\/#website\"},\"primaryImageOfPage\":{\"@id\":\"https:\/\/wesco.pl\/produkt\/auto-renolak-podklady-pisak-mikro\/#primaryimage\"},\"image\":{\"@id\":\"https:\/\/wesco.pl\/produkt\/auto-renolak-podklady-pisak-mikro\/#primaryimage\"},\"thumbnailUrl\":\"https:\/\/wesco.pl\/wp-content\/uploads\/2025\/04\/pisak-mikro-auto-renolak-wesco.jpg\",\"datePublished\":\"2025-04-02T15:45:03+00:00\",\"dateModified\":\"2025-04-18T09:33:51+00:00\",\"breadcrumb\":{\"@id\":\"https:\/\/wesco.pl\/produkt\/auto-renolak-podklady-pisak-mikro\/#breadcrumb\"},\"inLanguage\":\"en-US\",\"potentialAction\":[{\"@type\":\"ReadAction\",\"target\":[\"https:\/\/wesco.pl\/produkt\/auto-renolak-podklady-pisak-mikro\/\"]}]},{\"@type\":\"ImageObject\",\"inLanguage\":\"en-US\",\"@id\":\"https:\/\/wesco.pl\/produkt\/auto-renolak-podklady-pisak-mikro\/#primaryimage\",\"url\":\"https:\/\/wesco.pl\/wp-content\/uploads\/2025\/04\/pisak-mikro-auto-renolak-wesco.jpg\",\"contentUrl\":\"https:\/\/wesco.pl\/wp-content\/uploads\/2025\/04\/pisak-mikro-auto-renolak-wesco.jpg\",\"width\":800,\"height\":800},{\"@type\":\"BreadcrumbList\",\"@id\":\"https:\/\/wesco.pl\/produkt\/auto-renolak-podklady-pisak-mikro\/#breadcrumb\",\"itemListElement\":[{\"@type\":\"ListItem\",\"position\":1,\"name\":\"Strona g\u0142\u00f3wna\",\"item\":\"https:\/\/wesco.pl\/\"},{\"@type\":\"ListItem\",\"position\":2,\"name\":\"[EN] Produkty\",\"item\":\"https:\/\/wesco.pl\/produkty\/\"},{\"@type\":\"ListItem\",\"position\":3,\"name\":\"AUTO RENOLAK, PODK\u0141ADY PISAK MIKRO\"}]},{\"@type\":\"WebSite\",\"@id\":\"https:\/\/wesco.pl\/#website\",\"url\":\"https:\/\/wesco.pl\/\",\"name\":\"Wesco \u2013 sprawdzone preparaty dla motoryzacji i przemys\u0142u - Wesco\",\"description\":\"\",\"publisher\":{\"@id\":\"https:\/\/wesco.pl\/#organization\"},\"alternateName\":\"Wesco \u2013 sprawdzone preparaty dla motoryzacji i przemys\u0142u\",\"potentialAction\":[{\"@type\":\"SearchAction\",\"target\":{\"@type\":\"EntryPoint\",\"urlTemplate\":\"https:\/\/wesco.pl\/?s={search_term_string}\"},\"query-input\":{\"@type\":\"PropertyValueSpecification\",\"valueRequired\":true,\"valueName\":\"search_term_string\"}}],\"inLanguage\":\"en-US\"},{\"@type\":\"Organization\",\"@id\":\"https:\/\/wesco.pl\/#organization\",\"name\":\"Wesco \u2013 sprawdzone preparaty dla motoryzacji i przemys\u0142u\",\"alternateName\":\"Wesco \u2013 producent chemii samochodowej i technicznej\",\"url\":\"https:\/\/wesco.pl\/\",\"logo\":{\"@type\":\"ImageObject\",\"inLanguage\":\"en-US\",\"@id\":\"https:\/\/wesco.pl\/#\/schema\/logo\/image\/\",\"url\":\"https:\/\/wesco.pl\/wp-content\/uploads\/2024\/12\/logo-wesco.svg\",\"contentUrl\":\"https:\/\/wesco.pl\/wp-content\/uploads\/2024\/12\/logo-wesco.svg\",\"width\":1692,\"height\":667,\"caption\":\"Wesco \u2013 sprawdzone preparaty dla motoryzacji i przemys\u0142u\"},\"image\":{\"@id\":\"https:\/\/wesco.pl\/#\/schema\/logo\/image\/\"}}]}<\/script>\n<!-- \/ Yoast SEO plugin. -->","yoast_head_json":{"title":"AUTO RENOLAK, PODK\u0141ADY PISAK MIKRO - Wesco \u2013 sprawdzone preparaty dla motoryzacji i przemys\u0142u","robots":{"index":"index","follow":"follow","max-snippet":"max-snippet:-1","max-image-preview":"max-image-preview:large","max-video-preview":"max-video-preview:-1"},"canonical":"https:\/\/wesco.pl\/produkt\/auto-renolak-podklady-pisak-mikro\/","og_locale":"en_US","og_type":"article","og_title":"AUTO RENOLAK, PODK\u0141ADY PISAK MIKRO - Wesco \u2013 sprawdzone preparaty dla motoryzacji i przemys\u0142u","og_description":"Emalie renowacyjne w aerozolu AUTO RENOLAK przeznaczone s\u0105 do odnawiania element\u00f3w karoserii samochodowych, wykonywania drobnych zaprawek oraz innych prac lakierniczych. Charakteryzuj\u0105 si\u0119 wysokim i trwa\u0142ym po\u0142yskiem, du\u017c\u0105 wytrzyma\u0142o\u015bci\u0105 mechaniczn\u0105, odporno\u015bci\u0105 na dzia\u0142anie czynnik\u00f3w atmosferycznych, dobr\u0105 odporno\u015bci\u0105 na dzia\u0142anie rozpuszczalnik\u00f3w oraz dobr\u0105 przyczepno\u015bci\u0105 do pod\u0142o\u017ca. Podk\u0142ady specjalne w aerozolu przeznaczone s\u0105 do pierwszego malowania powierzchni stalowych i \u017celiwnych. Podk\u0142ad szary jasny jest polecany szczeg\u00f3lnie pod bazy metaliczne, a czerwony tlenkowy jako og\u00f3lnego stosowania. Dost\u0119pne pojemno\u015bci: 8ml","og_url":"https:\/\/wesco.pl\/produkt\/auto-renolak-podklady-pisak-mikro\/","og_site_name":"Wesco \u2013 sprawdzone preparaty dla motoryzacji i przemys\u0142u","article_modified_time":"2025-04-18T09:33:51+00:00","og_image":[{"width":800,"height":800,"url":"https:\/\/wesco.pl\/wp-content\/uploads\/2025\/04\/pisak-mikro-auto-renolak-wesco.jpg","type":"image\/jpeg"}],"twitter_card":"summary_large_image","schema":{"@context":"https:\/\/schema.org","@graph":[{"@type":"WebPage","@id":"https:\/\/wesco.pl\/produkt\/auto-renolak-podklady-pisak-mikro\/","url":"https:\/\/wesco.pl\/produkt\/auto-renolak-podklady-pisak-mikro\/","name":"AUTO RENOLAK, PODK\u0141ADY PISAK MIKRO - Wesco \u2013 sprawdzone preparaty dla motoryzacji i przemys\u0142u","isPartOf":{"@id":"https:\/\/wesco.pl\/#website"},"primaryImageOfPage":{"@id":"https:\/\/wesco.pl\/produkt\/auto-renolak-podklady-pisak-mikro\/#primaryimage"},"image":{"@id":"https:\/\/wesco.pl\/produkt\/auto-renolak-podklady-pisak-mikro\/#primaryimage"},"thumbnailUrl":"https:\/\/wesco.pl\/wp-content\/uploads\/2025\/04\/pisak-mikro-auto-renolak-wesco.jpg","datePublished":"2025-04-02T15:45:03+00:00","dateModified":"2025-04-18T09:33:51+00:00","breadcrumb":{"@id":"https:\/\/wesco.pl\/produkt\/auto-renolak-podklady-pisak-mikro\/#breadcrumb"},"inLanguage":"en-US","potentialAction":[{"@type":"ReadAction","target":["https:\/\/wesco.pl\/produkt\/auto-renolak-podklady-pisak-mikro\/"]}]},{"@type":"ImageObject","inLanguage":"en-US","@id":"https:\/\/wesco.pl\/produkt\/auto-renolak-podklady-pisak-mikro\/#primaryimage","url":"https:\/\/wesco.pl\/wp-content\/uploads\/2025\/04\/pisak-mikro-auto-renolak-wesco.jpg","contentUrl":"https:\/\/wesco.pl\/wp-content\/uploads\/2025\/04\/pisak-mikro-auto-renolak-wesco.jpg","width":800,"height":800},{"@type":"BreadcrumbList","@id":"https:\/\/wesco.pl\/produkt\/auto-renolak-podklady-pisak-mikro\/#breadcrumb","itemListElement":[{"@type":"ListItem","position":1,"name":"Strona g\u0142\u00f3wna","item":"https:\/\/wesco.pl\/"},{"@type":"ListItem","position":2,"name":"[EN] Produkty","item":"https:\/\/wesco.pl\/produkty\/"},{"@type":"ListItem","position":3,"name":"AUTO RENOLAK, PODK\u0141ADY PISAK MIKRO"}]},{"@type":"WebSite","@id":"https:\/\/wesco.pl\/#website","url":"https:\/\/wesco.pl\/","name":"Wesco \u2013 sprawdzone preparaty dla motoryzacji i przemys\u0142u - Wesco","description":"","publisher":{"@id":"https:\/\/wesco.pl\/#organization"},"alternateName":"Wesco \u2013 sprawdzone preparaty dla motoryzacji i przemys\u0142u","potentialAction":[{"@type":"SearchAction","target":{"@type":"EntryPoint","urlTemplate":"https:\/\/wesco.pl\/?s={search_term_string}"},"query-input":{"@type":"PropertyValueSpecification","valueRequired":true,"valueName":"search_term_string"}}],"inLanguage":"en-US"},{"@type":"Organization","@id":"https:\/\/wesco.pl\/#organization","name":"Wesco \u2013 sprawdzone preparaty dla motoryzacji i przemys\u0142u","alternateName":"Wesco \u2013 producent chemii samochodowej i technicznej","url":"https:\/\/wesco.pl\/","logo":{"@type":"ImageObject","inLanguage":"en-US","@id":"https:\/\/wesco.pl\/#\/schema\/logo\/image\/","url":"https:\/\/wesco.pl\/wp-content\/uploads\/2024\/12\/logo-wesco.svg","contentUrl":"https:\/\/wesco.pl\/wp-content\/uploads\/2024\/12\/logo-wesco.svg","width":1692,"height":667,"caption":"Wesco \u2013 sprawdzone preparaty dla motoryzacji i przemys\u0142u"},"image":{"@id":"https:\/\/wesco.pl\/#\/schema\/logo\/image\/"}}]}},"mfb_rest_fields":["title","yoast_head","yoast_head_json"],"_links":{"self":[{"href":"https:\/\/wesco.pl\/en\/wp-json\/wp\/v2\/product\/2210","targetHints":{"allow":["GET"]}}],"collection":[{"href":"https:\/\/wesco.pl\/en\/wp-json\/wp\/v2\/product"}],"about":[{"href":"https:\/\/wesco.pl\/en\/wp-json\/wp\/v2\/types\/product"}],"wp:featuredmedia":[{"embeddable":true,"href":"https:\/\/wesco.pl\/en\/wp-json\/wp\/v2\/media\/2211"}],"wp:attachment":[{"href":"https:\/\/wesco.pl\/en\/wp-json\/wp\/v2\/media?parent=2210"}],"wp:term":[{"taxonomy":"product_brand","embeddable":true,"href":"https:\/\/wesco.pl\/en\/wp-json\/wp\/v2\/product_brand?post=2210"},{"taxonomy":"product_cat","embeddable":true,"href":"https:\/\/wesco.pl\/en\/wp-json\/wp\/v2\/product_cat?post=2210"},{"taxonomy":"product_tag","embeddable":true,"href":"https:\/\/wesco.pl\/en\/wp-json\/wp\/v2\/product_tag?post=2210"}],"curies":[{"name":"wp","href":"https:\/\/api.w.org\/{rel}","templated":true}]}}