{"id":2213,"date":"2025-04-02T15:46:38","date_gmt":"2025-04-02T15:46:38","guid":{"rendered":"https:\/\/wesco.pl\/?post_type=product&#038;p=2213"},"modified":"2025-04-02T16:17:03","modified_gmt":"2025-04-02T16:17:03","slug":"bazy-metaliczne-i-perlowe","status":"publish","type":"product","link":"https:\/\/wesco.pl\/en\/product\/bazy-metaliczne-i-perlowe\/","title":{"rendered":"BAZY METALICZNE I PER\u0141OWE"},"content":{"rendered":"","protected":false},"excerpt":{"rendered":"<p class=\"\" data-start=\"40\" data-end=\"267\">Przeznaczone s\u0105 do odnawiania element\u00f3w karoserii samochodowych oraz do r\u00f3\u017cnego typu wymalowa\u0144, w kt\u00f3rych chcemy uzyska\u0107 efekt \u201emetaliczny\u201d. W ofercie r\u00f3wnie\u017c lakier odporny na dzia\u0142anie etyliny.<\/p>\n<p class=\"\" data-start=\"272\" data-end=\"296\"><strong data-start=\"272\" data-end=\"296\">Dost\u0119pne pojemno\u015bci:<\/strong> 150 ml<\/p>\n","protected":false},"featured_media":1937,"template":"","meta":{"_acf_changed":false,"_eb_attr":""},"product_brand":[],"product_cat":[33],"product_tag":[],"class_list":{"0":"post-2213","1":"product","2":"type-product","3":"status-publish","4":"has-post-thumbnail","6":"product_cat-emalie","8":"first","9":"instock","10":"shipping-taxable","11":"product-type-simple"},"acf":[],"mb":[],"yoast_head":"<!-- This site is optimized with the Yoast SEO plugin v27.1.1 - https:\/\/yoast.com\/product\/yoast-seo-wordpress\/ -->\n<title>BAZY METALICZNE I PER\u0141OWE - Wesco \u2013 sprawdzone preparaty dla motoryzacji i przemys\u0142u<\/title>\n<meta name=\"robots\" content=\"index, follow, max-snippet:-1, max-image-preview:large, max-video-preview:-1\" \/>\n<link rel=\"canonical\" href=\"https:\/\/wesco.pl\/produkt\/bazy-metaliczne-i-perlowe\/\" \/>\n<meta property=\"og:locale\" content=\"en_US\" \/>\n<meta property=\"og:type\" content=\"article\" \/>\n<meta property=\"og:title\" content=\"BAZY METALICZNE I PER\u0141OWE - Wesco \u2013 sprawdzone preparaty dla motoryzacji i przemys\u0142u\" \/>\n<meta property=\"og:description\" content=\"Przeznaczone s\u0105 do odnawiania element\u00f3w karoserii samochodowych oraz do r\u00f3\u017cnego typu wymalowa\u0144, w kt\u00f3rych chcemy uzyska\u0107 efekt \u201emetaliczny\u201d. W ofercie r\u00f3wnie\u017c lakier odporny na dzia\u0142anie etyliny. Dost\u0119pne pojemno\u015bci: 150 ml\" \/>\n<meta property=\"og:url\" content=\"https:\/\/wesco.pl\/produkt\/bazy-metaliczne-i-perlowe\/\" \/>\n<meta property=\"og:site_name\" content=\"Wesco \u2013 sprawdzone preparaty dla motoryzacji i przemys\u0142u\" \/>\n<meta property=\"article:modified_time\" content=\"2025-04-02T16:17:03+00:00\" \/>\n<meta property=\"og:image\" content=\"https:\/\/wesco.pl\/wp-content\/uploads\/2025\/03\/bazy-metaliczne-i-perowe-wesco.jpg\" \/>\n\t<meta property=\"og:image:width\" content=\"800\" \/>\n\t<meta property=\"og:image:height\" content=\"800\" \/>\n\t<meta property=\"og:image:type\" content=\"image\/jpeg\" \/>\n<meta name=\"twitter:card\" content=\"summary_large_image\" \/>\n<script type=\"application\/ld+json\" class=\"yoast-schema-graph\">{\"@context\":\"https:\/\/schema.org\",\"@graph\":[{\"@type\":\"WebPage\",\"@id\":\"https:\/\/wesco.pl\/produkt\/bazy-metaliczne-i-perlowe\/\",\"url\":\"https:\/\/wesco.pl\/produkt\/bazy-metaliczne-i-perlowe\/\",\"name\":\"BAZY METALICZNE I PER\u0141OWE - Wesco \u2013 sprawdzone preparaty dla motoryzacji i przemys\u0142u\",\"isPartOf\":{\"@id\":\"https:\/\/wesco.pl\/#website\"},\"primaryImageOfPage\":{\"@id\":\"https:\/\/wesco.pl\/produkt\/bazy-metaliczne-i-perlowe\/#primaryimage\"},\"image\":{\"@id\":\"https:\/\/wesco.pl\/produkt\/bazy-metaliczne-i-perlowe\/#primaryimage\"},\"thumbnailUrl\":\"https:\/\/wesco.pl\/wp-content\/uploads\/2025\/03\/bazy-metaliczne-i-perowe-wesco.jpg\",\"datePublished\":\"2025-04-02T15:46:38+00:00\",\"dateModified\":\"2025-04-02T16:17:03+00:00\",\"breadcrumb\":{\"@id\":\"https:\/\/wesco.pl\/produkt\/bazy-metaliczne-i-perlowe\/#breadcrumb\"},\"inLanguage\":\"en-US\",\"potentialAction\":[{\"@type\":\"ReadAction\",\"target\":[\"https:\/\/wesco.pl\/produkt\/bazy-metaliczne-i-perlowe\/\"]}]},{\"@type\":\"ImageObject\",\"inLanguage\":\"en-US\",\"@id\":\"https:\/\/wesco.pl\/produkt\/bazy-metaliczne-i-perlowe\/#primaryimage\",\"url\":\"https:\/\/wesco.pl\/wp-content\/uploads\/2025\/03\/bazy-metaliczne-i-perowe-wesco.jpg\",\"contentUrl\":\"https:\/\/wesco.pl\/wp-content\/uploads\/2025\/03\/bazy-metaliczne-i-perowe-wesco.jpg\",\"width\":800,\"height\":800},{\"@type\":\"BreadcrumbList\",\"@id\":\"https:\/\/wesco.pl\/produkt\/bazy-metaliczne-i-perlowe\/#breadcrumb\",\"itemListElement\":[{\"@type\":\"ListItem\",\"position\":1,\"name\":\"Strona g\u0142\u00f3wna\",\"item\":\"https:\/\/wesco.pl\/\"},{\"@type\":\"ListItem\",\"position\":2,\"name\":\"[EN] Produkty\",\"item\":\"https:\/\/wesco.pl\/produkty\/\"},{\"@type\":\"ListItem\",\"position\":3,\"name\":\"BAZY METALICZNE I PER\u0141OWE\"}]},{\"@type\":\"WebSite\",\"@id\":\"https:\/\/wesco.pl\/#website\",\"url\":\"https:\/\/wesco.pl\/\",\"name\":\"Wesco \u2013 sprawdzone preparaty dla motoryzacji i przemys\u0142u - Wesco\",\"description\":\"\",\"publisher\":{\"@id\":\"https:\/\/wesco.pl\/#organization\"},\"alternateName\":\"Wesco \u2013 sprawdzone preparaty dla motoryzacji i przemys\u0142u\",\"potentialAction\":[{\"@type\":\"SearchAction\",\"target\":{\"@type\":\"EntryPoint\",\"urlTemplate\":\"https:\/\/wesco.pl\/?s={search_term_string}\"},\"query-input\":{\"@type\":\"PropertyValueSpecification\",\"valueRequired\":true,\"valueName\":\"search_term_string\"}}],\"inLanguage\":\"en-US\"},{\"@type\":\"Organization\",\"@id\":\"https:\/\/wesco.pl\/#organization\",\"name\":\"Wesco \u2013 sprawdzone preparaty dla motoryzacji i przemys\u0142u\",\"alternateName\":\"Wesco \u2013 producent chemii samochodowej i technicznej\",\"url\":\"https:\/\/wesco.pl\/\",\"logo\":{\"@type\":\"ImageObject\",\"inLanguage\":\"en-US\",\"@id\":\"https:\/\/wesco.pl\/#\/schema\/logo\/image\/\",\"url\":\"https:\/\/wesco.pl\/wp-content\/uploads\/2024\/12\/logo-wesco.svg\",\"contentUrl\":\"https:\/\/wesco.pl\/wp-content\/uploads\/2024\/12\/logo-wesco.svg\",\"width\":1692,\"height\":667,\"caption\":\"Wesco \u2013 sprawdzone preparaty dla motoryzacji i przemys\u0142u\"},\"image\":{\"@id\":\"https:\/\/wesco.pl\/#\/schema\/logo\/image\/\"}}]}<\/script>\n<!-- \/ Yoast SEO plugin. -->","yoast_head_json":{"title":"BAZY METALICZNE I PER\u0141OWE - Wesco \u2013 sprawdzone preparaty dla motoryzacji i przemys\u0142u","robots":{"index":"index","follow":"follow","max-snippet":"max-snippet:-1","max-image-preview":"max-image-preview:large","max-video-preview":"max-video-preview:-1"},"canonical":"https:\/\/wesco.pl\/produkt\/bazy-metaliczne-i-perlowe\/","og_locale":"en_US","og_type":"article","og_title":"BAZY METALICZNE I PER\u0141OWE - Wesco \u2013 sprawdzone preparaty dla motoryzacji i przemys\u0142u","og_description":"Przeznaczone s\u0105 do odnawiania element\u00f3w karoserii samochodowych oraz do r\u00f3\u017cnego typu wymalowa\u0144, w kt\u00f3rych chcemy uzyska\u0107 efekt \u201emetaliczny\u201d. W ofercie r\u00f3wnie\u017c lakier odporny na dzia\u0142anie etyliny. Dost\u0119pne pojemno\u015bci: 150 ml","og_url":"https:\/\/wesco.pl\/produkt\/bazy-metaliczne-i-perlowe\/","og_site_name":"Wesco \u2013 sprawdzone preparaty dla motoryzacji i przemys\u0142u","article_modified_time":"2025-04-02T16:17:03+00:00","og_image":[{"width":800,"height":800,"url":"https:\/\/wesco.pl\/wp-content\/uploads\/2025\/03\/bazy-metaliczne-i-perowe-wesco.jpg","type":"image\/jpeg"}],"twitter_card":"summary_large_image","schema":{"@context":"https:\/\/schema.org","@graph":[{"@type":"WebPage","@id":"https:\/\/wesco.pl\/produkt\/bazy-metaliczne-i-perlowe\/","url":"https:\/\/wesco.pl\/produkt\/bazy-metaliczne-i-perlowe\/","name":"BAZY METALICZNE I PER\u0141OWE - Wesco \u2013 sprawdzone preparaty dla motoryzacji i przemys\u0142u","isPartOf":{"@id":"https:\/\/wesco.pl\/#website"},"primaryImageOfPage":{"@id":"https:\/\/wesco.pl\/produkt\/bazy-metaliczne-i-perlowe\/#primaryimage"},"image":{"@id":"https:\/\/wesco.pl\/produkt\/bazy-metaliczne-i-perlowe\/#primaryimage"},"thumbnailUrl":"https:\/\/wesco.pl\/wp-content\/uploads\/2025\/03\/bazy-metaliczne-i-perowe-wesco.jpg","datePublished":"2025-04-02T15:46:38+00:00","dateModified":"2025-04-02T16:17:03+00:00","breadcrumb":{"@id":"https:\/\/wesco.pl\/produkt\/bazy-metaliczne-i-perlowe\/#breadcrumb"},"inLanguage":"en-US","potentialAction":[{"@type":"ReadAction","target":["https:\/\/wesco.pl\/produkt\/bazy-metaliczne-i-perlowe\/"]}]},{"@type":"ImageObject","inLanguage":"en-US","@id":"https:\/\/wesco.pl\/produkt\/bazy-metaliczne-i-perlowe\/#primaryimage","url":"https:\/\/wesco.pl\/wp-content\/uploads\/2025\/03\/bazy-metaliczne-i-perowe-wesco.jpg","contentUrl":"https:\/\/wesco.pl\/wp-content\/uploads\/2025\/03\/bazy-metaliczne-i-perowe-wesco.jpg","width":800,"height":800},{"@type":"BreadcrumbList","@id":"https:\/\/wesco.pl\/produkt\/bazy-metaliczne-i-perlowe\/#breadcrumb","itemListElement":[{"@type":"ListItem","position":1,"name":"Strona g\u0142\u00f3wna","item":"https:\/\/wesco.pl\/"},{"@type":"ListItem","position":2,"name":"[EN] Produkty","item":"https:\/\/wesco.pl\/produkty\/"},{"@type":"ListItem","position":3,"name":"BAZY METALICZNE I PER\u0141OWE"}]},{"@type":"WebSite","@id":"https:\/\/wesco.pl\/#website","url":"https:\/\/wesco.pl\/","name":"Wesco \u2013 sprawdzone preparaty dla motoryzacji i przemys\u0142u - Wesco","description":"","publisher":{"@id":"https:\/\/wesco.pl\/#organization"},"alternateName":"Wesco \u2013 sprawdzone preparaty dla motoryzacji i przemys\u0142u","potentialAction":[{"@type":"SearchAction","target":{"@type":"EntryPoint","urlTemplate":"https:\/\/wesco.pl\/?s={search_term_string}"},"query-input":{"@type":"PropertyValueSpecification","valueRequired":true,"valueName":"search_term_string"}}],"inLanguage":"en-US"},{"@type":"Organization","@id":"https:\/\/wesco.pl\/#organization","name":"Wesco \u2013 sprawdzone preparaty dla motoryzacji i przemys\u0142u","alternateName":"Wesco \u2013 producent chemii samochodowej i technicznej","url":"https:\/\/wesco.pl\/","logo":{"@type":"ImageObject","inLanguage":"en-US","@id":"https:\/\/wesco.pl\/#\/schema\/logo\/image\/","url":"https:\/\/wesco.pl\/wp-content\/uploads\/2024\/12\/logo-wesco.svg","contentUrl":"https:\/\/wesco.pl\/wp-content\/uploads\/2024\/12\/logo-wesco.svg","width":1692,"height":667,"caption":"Wesco \u2013 sprawdzone preparaty dla motoryzacji i przemys\u0142u"},"image":{"@id":"https:\/\/wesco.pl\/#\/schema\/logo\/image\/"}}]}},"mfb_rest_fields":["title","yoast_head","yoast_head_json"],"_links":{"self":[{"href":"https:\/\/wesco.pl\/en\/wp-json\/wp\/v2\/product\/2213","targetHints":{"allow":["GET"]}}],"collection":[{"href":"https:\/\/wesco.pl\/en\/wp-json\/wp\/v2\/product"}],"about":[{"href":"https:\/\/wesco.pl\/en\/wp-json\/wp\/v2\/types\/product"}],"wp:featuredmedia":[{"embeddable":true,"href":"https:\/\/wesco.pl\/en\/wp-json\/wp\/v2\/media\/1937"}],"wp:attachment":[{"href":"https:\/\/wesco.pl\/en\/wp-json\/wp\/v2\/media?parent=2213"}],"wp:term":[{"taxonomy":"product_brand","embeddable":true,"href":"https:\/\/wesco.pl\/en\/wp-json\/wp\/v2\/product_brand?post=2213"},{"taxonomy":"product_cat","embeddable":true,"href":"https:\/\/wesco.pl\/en\/wp-json\/wp\/v2\/product_cat?post=2213"},{"taxonomy":"product_tag","embeddable":true,"href":"https:\/\/wesco.pl\/en\/wp-json\/wp\/v2\/product_tag?post=2213"}],"curies":[{"name":"wp","href":"https:\/\/api.w.org\/{rel}","templated":true}]}}